{"id":89,"date":"2019-04-22T10:59:14","date_gmt":"2019-04-22T12:59:14","guid":{"rendered":"http:\/\/kibinaivilniuje.lt\/pl\/?page_id=89"},"modified":"2023-05-31T12:47:20","modified_gmt":"2023-05-31T14:47:20","slug":"89-2","status":"publish","type":"page","link":"https:\/\/kibinaivilniuje.lt\/pl\/","title":{"rendered":"OFERTY SPECJALNE"},"content":{"rendered":"<h2><strong><em><span style=\"color: #993300;\">Zam\u00f3wienie kibin\u00f3w. Dostawa. Odebranie.<\/span><\/em><\/strong><\/h2>\n<p style=\"text-align: center;\"><strong style=\"font-size: 0.95em;\">\u00a0\u00a0\u00a0 M\u00f3wimy po litewsku, angielsku, polsku, rosyjsku.<\/strong><em><span style=\"color: #0000ff;\">\u00a0<\/span><\/em><\/p>\n<h4 style=\"text-align: center;\"><strong><span style=\"color: #000000;\">Tradycje, smak i do\u015bwiadczenie. Naprawd\u0119 pochwalisz. Bardzo smaczne.<\/span><\/strong><\/h4>\n<p style=\"text-align: center;\">Sprzedajemy to, co sami jemy.<\/p>\n<p style=\"text-align: center;\"><strong><span style=\"color: #000000;\">Praca z mi\u0142o\u015bci\u0105 i tylko dla ciebie. <\/span><\/strong><\/p>\n<p style=\"text-align: center;\"><strong>Naj\u015bwie\u017csze, najsmaczniejsze kibiny. Zam\u00f3wienie. Dostawa. Odebranie.<\/strong><\/p>\n<p><img decoding=\"async\" loading=\"lazy\" class=\"alignleft size-full wp-image-2446\" src=\"http:\/\/kibinaivilniuje.lt\/wp-content\/uploads\/2019\/04\/logistics-delivery-truck-in-movement.png\" alt=\"\" width=\"24\" height=\"24\" \/>Dostawa na podstawie umowy, a zamawiaj\u0105c City OFFER 10 + 30, Kinder City i Family Box &#8211; DARMOWA DOSTAWA &#8211; w Wilnie i Trokach.<\/p>\n<p><img decoding=\"async\" loading=\"lazy\" class=\"alignleft size-full wp-image-2444\" src=\"http:\/\/kibinaivilniuje.lt\/wp-content\/uploads\/2019\/04\/map-localization.png\" alt=\"\" width=\"24\" height=\"24\" \/>Miejsce odebrania &#8211; \u016am\u0117d\u017ei\u0173 g.2, Wilno, 100m. od: M\u00f8ller Auto Savanoriai (Volkswagen).<\/p>\n<p style=\"text-align: left;\"><img decoding=\"async\" loading=\"lazy\" class=\"size-full wp-image-2447 alignleft\" src=\"http:\/\/kibinaivilniuje.lt\/wp-content\/uploads\/2019\/04\/phone-receiver.png\" alt=\"\" width=\"24\" height=\"24\" \/>Numer zam\u00f3wienia +37069061010.\u00a0Zam\u00f3wienia s\u0105 przyjmowane z wyprzedzeniem, a zam\u00f3wienia z tego samego dnia s\u0105 przyjmowane od 5.30 do 11.30.<\/p>\n<p>P\u00f3\u017aniejsze zam\u00f3wienia mog\u0105 by\u0107 przyjmowane tego samego dnia, je\u015bli to mo\u017cliwe.<br \/>\nZam\u00f3wienie kibin\u00f3w lub mini kibin\u00f3w mo\u017ce sk\u0142ada\u0107 si\u0119 z mieszanki kibin\u00f3w (zestaw kibin\u00f3w z r\u00f3\u017cnym nadzieniem), ale jeden rodzaj kibin\u00f3w powinien wynosi\u0107 co najmniej 10 sztuk).<\/p>\n<p><img decoding=\"async\" loading=\"lazy\" class=\"aligncenter size-full wp-image-2307\" src=\"http:\/\/kibinaitrakuose.lt\/wp-content\/uploads\/2020\/04\/sakotis_rekomenduoju.jpg\" alt=\"\" width=\"992\" height=\"744\" \/><\/p>\n<h2><em><span style=\"color: #993300;\">SPECJALNE OFERTY:<\/span><\/em><\/h2>\n<p><strong>Kibiny dla rodziny, przyjacieli, firmy, organizacji i inne.<\/strong><\/p>\n<table style=\"border: 0px currentColor;\" border=\"0\">\n<tbody>\n<tr>\n<td>\n<h3 style=\"text-align: left;\"><span style=\"color: #993300;\">1. Wilno &#8211; Troki. KibinBox. 40 sztuk + 1 kg.<\/span><\/h3>\n<\/td>\n<td>\n<h3 style=\"text-align: right;\"><span style=\"color: #993300;\">124,40 Eur<\/span><\/h3>\n<\/td>\n<\/tr>\n<\/tbody>\n<\/table>\n<p><a href=\"http:\/\/kibinaivilniuje.lt\/wp-content\/uploads\/2015\/05\/vilnius.trakai.kibinai.telefonas.pristatymas..jpg\"><img decoding=\"async\" loading=\"lazy\" class=\"alignleft wp-image-1800 size-medium\" src=\"http:\/\/kibinaivilniuje.lt\/wp-content\/uploads\/2015\/05\/vilnius.trakai.kibinai.telefonas.pristatymas.-300x225.jpg\" alt=\"vilnius.trakai.kibinai.telefonas.pristatymas.\" width=\"300\" height=\"225\" \/><\/a><\/p>\n<p style=\"text-align: justify;\"><strong>Bezp\u0142atna dostawa (w Trokach i Wilnie)<\/strong><\/p>\n<p style=\"text-align: left;\"><strong>40 szt.<\/strong> zwyk\u0142ego rozmiaru kibin\u00f3w (na wyb\u00f3r z: posiekanym mi\u0119sem wieprzowym, twarogiem i szpinakiem, kie\u0142bas\u0105, kapust\u0105, grzybami, wieprzowin\u0105 i kapust\u0105, wieprzowin\u0105 i serem)<br \/>\n<strong>1 kg<\/strong> bajecznych domowych ciasteczek z nadzieniem twarogowym lub nadzieniem jab\u0142ka z cynamonem<\/p>\n<p><strong>Razem: 40 sztuk. + 1 kg Cena: 124,40 EUR<\/strong><\/p>\n<table style=\"border: 0px currentColor;\" border=\"0\">\n<tbody>\n<tr>\n<td>\n<h3><em><span style=\"color: #993300;\">2. KIBIN BOX (dobrej kompanii)<\/span><\/em><\/h3>\n<\/td>\n<td>\n<h3 style=\"text-align: right;\"><span style=\"color: #993300;\">94,90 Eur<\/span><\/h3>\n<\/td>\n<\/tr>\n<\/tbody>\n<\/table>\n<p><strong><a href=\"http:\/\/kibinaivilniuje.lt\/wp-content\/uploads\/2017\/10\/kepta.duona_.jpg\"><img decoding=\"async\" loading=\"lazy\" class=\"  wp-image-1931 alignleft\" src=\"http:\/\/kibinaivilniuje.lt\/wp-content\/uploads\/2017\/10\/kepta.duona_.jpg\" alt=\"kepta.duona\" width=\"313\" height=\"235\" \/><\/a><\/strong>Kibiny + 1kg pieczonego chleba z czosnkiem 25szt. zwyk\u0142ego rozmiaru kibin\u00f3w: &#8211; z kapust\u0105 lub pieczarkami &#8211; twar\u00f3g ze szpinakiem &#8211; z odpowiednio posiekan\u0105 wieprzowin\u0105 \/ plus: mi\u0119so wieprzowe mo\u017cna przyprawia\u0107: kapust\u0105, serem, pieczarkami. 10 szt. kilka k\u0119sowych kibin\u00f3w ze s\u0142odkim nadzieniem: ze s\u0142odkim twarogiem, jab\u0142kami i cynamonem mo\u017cna przyprawi\u0107 s\u0142odki twar\u00f3g: rodzynkami, bananami.<\/p>\n<p><strong>Razem: 35 sztuk. + 1 kg Cena: 94,90Eur<\/strong><\/p>\n<table style=\"border: 0px currentColor;\" border=\"0\">\n<tbody>\n<tr>\n<td>\n<h3 style=\"text-align: justify;\"><span style=\"color: #993300;\"><strong>3. Family kibin box (rodzinne pude\u0142ko)<\/strong><\/span><\/h3>\n<\/td>\n<td>\n<h3 style=\"text-align: right;\"><span style=\"color: #993300;\">167,90 Eur<\/span><\/h3>\n<\/td>\n<\/tr>\n<\/tbody>\n<\/table>\n<h3><img decoding=\"async\" loading=\"lazy\" class=\" wp-image-852 alignleft\" src=\"http:\/\/kibinaivilniuje.lt\/wp-content\/uploads\/2015\/05\/kibinu_receptai_sultinys_rekomenduoju.jpg\" alt=\"dav\" width=\"267\" height=\"200\" \/><\/h3>\n<p style=\"text-align: justify;\"><strong>Bezp\u0142atna dostawa (w Trokach i Wilnie)<\/strong><br \/>\n40 szt. zwyk\u0142ego rozmiaru kibin\u00f3w (na wyb\u00f3r z: posiekanym mi\u0119sem wieprzowym, twarogiem i szpinakiem, kie\u0142bas\u0105, kapust\u0105, grzybami, wieprzowin\u0105 i kapust\u0105)<br \/>\n40 szt. kilka k\u0119sowych kibin\u00f3w (na wyb\u00f3r z: posiekanym mi\u0119sem wieprzowym, twarogiem i szpinakiem, kie\u0142bas\u0105, kapust\u0105, grzybami, s\u0142odkim twarogiem, jab\u0142kami i cynamonem)<\/p>\n<p style=\"text-align: justify;\"><strong>Razem: 80 sztuk. Cena: 167.90Eur<\/strong><\/p>\n<table style=\"border: 0px currentColor;\" border=\"0\">\n<tbody>\n<tr>\n<td>\n<h3><strong><span style=\"color: #993300;\">4. \u201eGood day\u201c \/ ,,Dobry dzie\u0144\u201c Kibin Box<\/span><\/strong><\/h3>\n<\/td>\n<td>\n<h3 style=\"text-align: right;\"><span style=\"color: #993300;\">68,90 Eur<\/span><\/h3>\n<\/td>\n<\/tr>\n<\/tbody>\n<\/table>\n<p style=\"text-align: justify;\"><a href=\"http:\/\/kibinaivilniuje.lt\/wp-content\/uploads\/2015\/05\/kibinai.trakuose.skaniausi.jpg\"><img decoding=\"async\" loading=\"lazy\" class=\"alignleft wp-image-652 size-medium\" src=\"http:\/\/kibinaivilniuje.lt\/wp-content\/uploads\/2015\/05\/kibinai.trakuose.skaniausi-300x194.jpg\" alt=\"kibinai.trakuose.skaniausi\" width=\"300\" height=\"194\" \/><\/a><\/p>\n<p style=\"text-align: justify;\"><strong>30 szt.<\/strong> kilka k\u0119sowych kibin\u00f3w (wybierz sobie najsmaczniejsze nadzienie: posiekanym mi\u0119sem wieprzowym, twarogiem i szpinakiem, z kie\u0142bas\u0105, kapust\u0105, grzybami, s\u0142odkim twarogiem, jab\u0142kami i cynamonem).<br \/>\n<strong>1 kg<\/strong> domowych ciasteczek z nadzieniem twarogowym lub nadzieniem jab\u0142ka z cynamonem.<\/p>\n<p style=\"text-align: justify;\"><strong>Cena: 68,90 EUR<\/strong><\/p>\n<table style=\"border: 0px currentColor;\" border=\"0\">\n<tbody>\n<tr>\n<td>\n<h3 style=\"text-align: justify;\"><strong><span style=\"color: #993300;\">5.<\/span> <span style=\"color: #993300;\">Kinder City kibinai<\/span><\/strong><\/h3>\n<\/td>\n<td>\n<h3 style=\"text-align: right;\"><span style=\"color: #993300;\">136,40 Eur<\/span><\/h3>\n<\/td>\n<\/tr>\n<\/tbody>\n<\/table>\n<p style=\"text-align: justify;\"><strong>Bezp\u0142atna dostawa (w Trokach i Wilnie)<\/strong><br \/>\n<strong>50 szt.<\/strong> kilka k\u0119sowych kibin\u00f3w (wybierz sam: z posiekanym mi\u0119sem wieprzowym, twarogiem i szpinakiem, kie\u0142bas\u0105 lub grzybami i kapust\u0105)<br \/>\n<strong>20 szt.<\/strong> kilka k\u0119sowych kibin\u00f3w z filetem kurczaka<br \/>\n<strong>1 kg<\/strong> niezwyk\u0142ych domowych ciasteczek z nadzieniem twarogowym lub nadzieniem jab\u0142ka z cynamonem.<\/p>\n<p><strong>Razem: 70 sztuk + 1 kg Cena: 136,40 EUR<\/strong><\/p>\n<table style=\"border: 0px currentColor;\" border=\"0\">\n<tbody>\n<tr>\n<td>\n<h3><span style=\"color: #993300;\"><strong>6. City Offer kibinai 10 + 30<\/strong><\/span><\/h3>\n<\/td>\n<td>\n<h3 style=\"text-align: right;\"><span style=\"color: #993300;\">107,90 Eur<\/span><\/h3>\n<\/td>\n<\/tr>\n<\/tbody>\n<\/table>\n<p>Oferta dotyczy: Bezp\u0142atnej dostawy (w Trokach i Wilnie) 10 kibina z posiekanym filietem kurczaka<br \/>\n30 kibin\u00f3w z posiekanym mi\u0119sem wieprzowym (lub na wyb\u00f3r: kapusta, pieczarki, posiekana wieprzowina i pieczarki, twar\u00f3g, twar\u00f3g i szpinak)<\/p>\n<p><strong>Razem: 40 sztuk. Cena: 107,90Eur<\/strong><\/p>\n<table style=\"border: 0px currentColor;\" border=\"0\">\n<tbody>\n<tr>\n<td>\n<h3 style=\"text-align: justify;\"><span style=\"color: #993300;\"><strong>7. \u015awi\u0105teczne pude\u0142ko<\/strong><\/span><\/h3>\n<\/td>\n<td>\n<h3 style=\"text-align: right;\"><span style=\"color: #993300;\">86,40 Eur<\/span><\/h3>\n<\/td>\n<\/tr>\n<\/tbody>\n<\/table>\n<h3 style=\"text-align: justify;\"><span style=\"color: #993300;\"><strong><a href=\"http:\/\/kibinaivilniuje.lt\/wp-content\/uploads\/2019\/09\/kibinai_vilniuje_home-300x225.jpg\"> <img decoding=\"async\" loading=\"lazy\" class=\"  wp-image-607 alignleft\" src=\"http:\/\/kibinaivilniuje.lt\/wp-content\/uploads\/2019\/09\/kibinai_vilniuje_home-300x225.jpg\" alt=\"\u0433\u0434\u0435_\u043f\u043e\u0435\u0441\u0442\u044c_\u0432 _\u0432_\u043b\u0438\u0442\u0432\u0435.\" width=\"401\" height=\"301\" \/><\/a><br \/>\n<\/strong><\/span><\/h3>\n<p style=\"text-align: justify;\"><strong>1 kg<\/strong> domowych ciasteczek z nadzieniem twarogowym lub nadzieniem jab\u0142ka z cynamonem.<br \/>\n<strong>1 kg<\/strong> pieczonego chleba z czosnkiem<br \/>\n<strong>30szt.<\/strong> kilka k\u0119sowych kibin\u00f3w (wybierz ulubione nadzienie: z posiekanym mi\u0119sem wieprzowym, twarogiem i szpinakiem, kie\u0142bas\u0105, grzybami lub kapust\u0105)<\/p>\n<p style=\"text-align: justify;\"><strong>Razem: 30szt. + 2 kg Cena: 86,40Eur.<\/strong><\/p>\n<table style=\"border: 0px currentColor;\" border=\"0\">\n<tbody>\n<tr>\n<td>\n<h3><strong><span style=\"color: #993300;\">8. Kinder kibin box &#8211; popularny wyb\u00f3r<\/span><\/strong><\/h3>\n<\/td>\n<td>\n<h3 style=\"text-align: right;\"><span style=\"color: #993300;\">78,40 Eur<\/span><\/h3>\n<\/td>\n<\/tr>\n<\/tbody>\n<\/table>\n<p><strong>50 szt.<\/strong> kilka k\u0119sowych kibin\u00f3w (wybierz ulubione nadzienie: z posiekanym mi\u0119sem wieprzowym, twarogiem i szpinakiem, kie\u0142bas\u0105, grzybami, kapust\u0105, pysznym puszystym twarogiem i rodzynkami lub bananami).<\/p>\n<p><strong>Cena: 78,40Eur <\/strong><\/p>\n<table style=\"border: 0px currentColor;\" border=\"0\">\n<tbody>\n<tr>\n<td>\n<h3><span style=\"color: #993300;\">9. Skrzynka kibinowa przy ulicy Zamkowej<\/span><\/h3>\n<\/td>\n<td>\n<h3 style=\"text-align: right;\"><span style=\"color: #993300;\">100,90 Eur<\/span><\/h3>\n<\/td>\n<\/tr>\n<\/tbody>\n<\/table>\n<p><img decoding=\"async\" loading=\"lazy\" class=\"wp-image-2033 alignleft\" src=\"http:\/\/kibinaivilniuje.lt\/wp-content\/uploads\/2015\/05\/simtalapiai.vilniuje.kaina_.prisatymas.jpg\" alt=\"\" width=\"276\" height=\"368\" \/><\/p>\n<p><strong>40 szt.<\/strong> zwyk\u0142ego rozmiaru kibin\u00f3w.<br \/>\nWybierz najlepsze nadzienie: posiekane mi\u0119so wieprzowe, twar\u00f3g i szpinak, kie\u0142basa, kapusta, grzyby, wieprzowina i kapusta, wieprzowina i grzyby, wieprzowina i ser.<\/p>\n<p><strong>Cena: 100,90 EUR<\/strong><\/p>\n<h2 style=\"text-align: center;\"><em><span style=\"color: #993300;\">Bardzo smaczne. Z pewno\u015bci\u0105 nas pochwalisz.<\/span><\/em><\/h2>\n<p>Tak dobre ceny s\u0105 oparte na sk\u0142adzie i ilo\u015bci zestawu. Mo\u017cesz wybra\u0107 inny wariant z menu og\u00f3lnego.<\/p>\n<div role=\"form\" class=\"wpcf7\" id=\"wpcf7-f80-o1\" lang=\"en-US\" dir=\"ltr\">\n<div class=\"screen-reader-response\"><p role=\"status\" aria-live=\"polite\" aria-atomic=\"true\"><\/p> <ul><\/ul><\/div>\n<form action=\"\/pl\/wp-json\/wp\/v2\/pages\/89#wpcf7-f80-o1\" method=\"post\" class=\"wpcf7-form init\" novalidate=\"novalidate\" data-status=\"init\">\n<div style=\"display: none;\">\n<input type=\"hidden\" name=\"_wpcf7\" value=\"80\" \/>\n<input type=\"hidden\" name=\"_wpcf7_version\" value=\"5.6.4\" \/>\n<input type=\"hidden\" name=\"_wpcf7_locale\" value=\"en_US\" \/>\n<input type=\"hidden\" name=\"_wpcf7_unit_tag\" value=\"wpcf7-f80-o1\" \/>\n<input type=\"hidden\" name=\"_wpcf7_container_post\" value=\"0\" \/>\n<input type=\"hidden\" name=\"_wpcf7_posted_data_hash\" value=\"\" \/>\n<input type=\"hidden\" name=\"_wpcf7_recaptcha_response\" value=\"\" \/>\n<\/div>\n<h3>Formularz zam\u00f3wienia<\/h3>\n<p>Chcesz zrobi\u0107 zam\u00f3wienie? Zadzwo\u0144 pod numer +370 69061010 lub wype\u0142nij poni\u017cszy formularz zam\u00f3wienia.<\/p>\n<p>Twoje imi\u0119 (obowi\u0105zkowo)<br \/>\n    <span class=\"wpcf7-form-control-wrap\" data-name=\"your-name\"><input type=\"text\" name=\"your-name\" value=\"\" size=\"40\" class=\"wpcf7-form-control wpcf7-text wpcf7-validates-as-required\" aria-required=\"true\" aria-invalid=\"false\" \/><\/span> <\/p>\n<p>Tw\u00f3j e-mail  (obowi\u0105zkowo)<br \/>\n    <span class=\"wpcf7-form-control-wrap\" data-name=\"your-email\"><input type=\"email\" name=\"your-email\" value=\"\" size=\"40\" class=\"wpcf7-form-control wpcf7-text wpcf7-email wpcf7-validates-as-required wpcf7-validates-as-email\" aria-required=\"true\" aria-invalid=\"false\" \/><\/span> <\/p>\n<p>Tw\u00f3j telefon<br \/>\n    <span class=\"wpcf7-form-control-wrap\" data-name=\"your-subject\"><input type=\"text\" name=\"your-subject\" value=\"\" size=\"40\" class=\"wpcf7-form-control wpcf7-text\" aria-invalid=\"false\" \/><\/span> <\/p>\n<p>Twoja wiadomo\u015b\u0107<br \/>\n    <span class=\"wpcf7-form-control-wrap\" data-name=\"your-message\"><textarea name=\"your-message\" cols=\"40\" rows=\"10\" class=\"wpcf7-form-control wpcf7-textarea\" aria-invalid=\"false\"><\/textarea><\/span> <\/p>\n<p><input type=\"submit\" value=\"Wy\u015blij\" class=\"wpcf7-form-control has-spinner wpcf7-submit\" \/><\/p>\n<p style=\"display: none !important;\"><label>&#916;<textarea name=\"_wpcf7_ak_hp_textarea\" cols=\"45\" rows=\"8\" maxlength=\"100\"><\/textarea><\/label><input type=\"hidden\" id=\"ak_js_1\" name=\"_wpcf7_ak_js\" value=\"49\"\/><script>document.getElementById( \"ak_js_1\" ).setAttribute( \"value\", ( new Date() ).getTime() );<\/script><\/p><div class=\"wpcf7-response-output\" aria-hidden=\"true\"><\/div><\/form><\/div>\n","protected":false},"excerpt":{"rendered":"<p>Zam\u00f3wienie kibin\u00f3w. Dostawa. Odebranie. \u00a0\u00a0\u00a0 M\u00f3wimy po litewsku, angielsku, polsku, rosyjsku.\u00a0 Tradycje, smak i do\u015bwiadczenie. Naprawd\u0119 pochwalisz. Bardzo smaczne. Sprzedajemy to, co sami jemy. Praca z mi\u0142o\u015bci\u0105 i tylko dla ciebie. Naj\u015bwie\u017csze, najsmaczniejsze kibiny. Zam\u00f3wienie. Dostawa. Odebranie. Dostawa na podstawie umowy, a zamawiaj\u0105c City OFFER 10 + 30, Kinder City i Family Box &#8211; DARMOWA<\/p>\n","protected":false},"author":1,"featured_media":0,"parent":0,"menu_order":0,"comment_status":"closed","ping_status":"closed","template":"","meta":[],"_links":{"self":[{"href":"https:\/\/kibinaivilniuje.lt\/pl\/wp-json\/wp\/v2\/pages\/89"}],"collection":[{"href":"https:\/\/kibinaivilniuje.lt\/pl\/wp-json\/wp\/v2\/pages"}],"about":[{"href":"https:\/\/kibinaivilniuje.lt\/pl\/wp-json\/wp\/v2\/types\/page"}],"author":[{"embeddable":true,"href":"https:\/\/kibinaivilniuje.lt\/pl\/wp-json\/wp\/v2\/users\/1"}],"replies":[{"embeddable":true,"href":"https:\/\/kibinaivilniuje.lt\/pl\/wp-json\/wp\/v2\/comments?post=89"}],"version-history":[{"count":62,"href":"https:\/\/kibinaivilniuje.lt\/pl\/wp-json\/wp\/v2\/pages\/89\/revisions"}],"predecessor-version":[{"id":567,"href":"https:\/\/kibinaivilniuje.lt\/pl\/wp-json\/wp\/v2\/pages\/89\/revisions\/567"}],"wp:attachment":[{"href":"https:\/\/kibinaivilniuje.lt\/pl\/wp-json\/wp\/v2\/media?parent=89"}],"curies":[{"name":"wp","href":"https:\/\/api.w.org\/{rel}","templated":true}]}}