{"id":85,"date":"2019-04-22T10:55:09","date_gmt":"2019-04-22T12:55:09","guid":{"rendered":"http:\/\/kibinaivilniuje.lt\/pl\/?page_id=85"},"modified":"2024-09-16T13:31:07","modified_gmt":"2024-09-16T15:31:07","slug":"kilku-kesowe-kibiny","status":"publish","type":"page","link":"https:\/\/kibinaivilniuje.lt\/pl\/kilku-kesowe-kibiny\/","title":{"rendered":"KILKU K\u0118SOWE KIBINY"},"content":{"rendered":"<p>Mini kibiny, ma\u0142e kibiny, malutkie kibiny \u2013 galime vadinti visaip, mo\u017cemy to nazwa\u0107 r\u00f3\u017cnie, ale faktem jest, \u017ce ich bardzo lubi\u0105 dzieci i organizator\u00f3w r\u00f3\u017cnych imprez i uroczysto\u015bci.<br \/>\nMa\u0142e (mini) kibiny &#8211; 20szt. takich kibin\u00f3w maj\u0105 ju\u017c ponad 1 kg.<br \/>\nMa\u0142e kibiny, dzieci\u0119ce kibiny, (Zam\u00f3w telefonicznie 869061010. Mo\u017cesz je odebra\u0107 w Wilnie, dostawa) o po\u0142ow\u0119 mniej ni\u017c zwyk\u0142y rozmiar kibinai.<\/p>\n<p><strong>\u00a0\u00a0 \u00a0 \u00a0 \u00a0 \u00a0 \u00a0 \u00a0 \u00a0 \u00a0 \u00a0 \u00a0 \u00a0 \u00a0 \u00a0 \u00a0 \u00a0 \u00a0 \u00a0 \u00a0 \u00a0 \u00a0 \u00a0 \u00a0 \u00a0 \u00a0 \u00a0 \u00a0NOWY<\/strong><\/p>\n<p><strong>\u00a0 Kibiny<\/strong><\/p>\n<ul>\n<li><strong>z nadzieniem z tu\u0144czyka<\/strong><\/li>\n<li><strong>z nadzieniem \u0142ososiowym<\/strong><\/li>\n<li><strong>z nadzieniem z borowik\u00f3w i kapusty<\/strong><\/li>\n<\/ul>\n<p>Wybierz najsmaczniejsze nadzienia:<br \/>\nKibin z siekan\u0105 wieprzowin\u0105 &#8211; 1,70<br \/>\nKibin z siekan\u0105 wieprzowin\u0105 i pieczarkami &#8211; 1,70<br \/>\nKibin z siekan\u0105 wieprzowin\u0105 i kapust\u0105 &#8211; 1,70<br \/>\nKibin z siekan\u0105 wieprzowin\u0105 i serem &#8211; 1,80<br \/>\nKibin z posiekanym filetem z kurczaka &#8211; 1,80<br \/>\nKibin z posiekanym filetem z kurczaka i pieczarkami &#8211; 1,80<br \/>\nKibin z posiekanym filetem z kurczaka i serem &#8211; 1,90<br \/>\nKibin z twarogiem &#8211; 1,70<br \/>\nKibin z twarogiem i szpinakiem &#8211; 1,70<\/p>\n<p><a href=\"http:\/\/kibinaivilniuje.lt\/wp-content\/uploads\/2017\/12\/lekstes.jpg\"><img decoding=\"async\" loading=\"lazy\" class=\"aligncenter size-full wp-image-1175\" src=\"http:\/\/kibinaitrakuose.lt\/wp-content\/uploads\/2018\/03\/skaniausi_kibinai.kaunas..jpg\" alt=\"\" width=\"1984\" height=\"1488\" \/><\/a><\/p>\n<p>Kibin ze s\u0142odkim twarogiem &#8211; 1,70 (ze s\u0142odkim nadzieniem)<br \/>\nKibin z twarogiem i rodzynkami &#8211; 1,70 (ze s\u0142odkim nadzieniem)<br \/>\nKibin z twarogiem i bananami &#8211; 1,70 (ze s\u0142odkim nadzieniem)<br \/>\nKibin z bananami &#8211; 1,70 (ze s\u0142odkim nadzieniem)<br \/>\nKibin z jab\u0142kami i cynamonem &#8211; 1,70 (ze s\u0142odkim nadzieniem)<br \/>\nKibin z warzywami &#8211; 1,70<\/p>\n<p>Kibin z suszonymi borowikami i kapust\u0105 \u2013 2,00<br \/>\nKibin z pieczarkami &#8211; 1,70<br \/>\nKibinz indykiem &#8211; 1,90<br \/>\nKibin z indykiem i pieczarkami &#8211; 1,90<br \/>\nKibin z wo\u0142owin\u0105 &#8211; 2,10<br \/>\nKibin z ciel\u0119cin\u0105 &#8211; 2,10<br \/>\nKibin z jagni\u0119cin\u0105 &#8211; 2,30<\/p>\n<p>Kibin z tu\u0144czykiem \u2013 2,30<\/p>\n<p>Kibin z \u0142ososiem i twarogiem \u2013 2,30<\/p>\n","protected":false},"excerpt":{"rendered":"<p>Mini kibiny, ma\u0142e kibiny, malutkie kibiny \u2013 galime vadinti visaip, mo\u017cemy to nazwa\u0107 r\u00f3\u017cnie, ale faktem jest, \u017ce ich bardzo lubi\u0105 dzieci i organizator\u00f3w r\u00f3\u017cnych imprez i uroczysto\u015bci. Ma\u0142e (mini) kibiny &#8211; 20szt. takich kibin\u00f3w maj\u0105 ju\u017c ponad 1 kg. Ma\u0142e kibiny, dzieci\u0119ce kibiny, (Zam\u00f3w telefonicznie 869061010. Mo\u017cesz je odebra\u0107 w Wilnie, dostawa) o po\u0142ow\u0119<\/p>\n","protected":false},"author":1,"featured_media":0,"parent":0,"menu_order":0,"comment_status":"closed","ping_status":"closed","template":"","meta":[],"_links":{"self":[{"href":"https:\/\/kibinaivilniuje.lt\/pl\/wp-json\/wp\/v2\/pages\/85"}],"collection":[{"href":"https:\/\/kibinaivilniuje.lt\/pl\/wp-json\/wp\/v2\/pages"}],"about":[{"href":"https:\/\/kibinaivilniuje.lt\/pl\/wp-json\/wp\/v2\/types\/page"}],"author":[{"embeddable":true,"href":"https:\/\/kibinaivilniuje.lt\/pl\/wp-json\/wp\/v2\/users\/1"}],"replies":[{"embeddable":true,"href":"https:\/\/kibinaivilniuje.lt\/pl\/wp-json\/wp\/v2\/comments?post=85"}],"version-history":[{"count":17,"href":"https:\/\/kibinaivilniuje.lt\/pl\/wp-json\/wp\/v2\/pages\/85\/revisions"}],"predecessor-version":[{"id":583,"href":"https:\/\/kibinaivilniuje.lt\/pl\/wp-json\/wp\/v2\/pages\/85\/revisions\/583"}],"wp:attachment":[{"href":"https:\/\/kibinaivilniuje.lt\/pl\/wp-json\/wp\/v2\/media?parent=85"}],"curies":[{"name":"wp","href":"https:\/\/api.w.org\/{rel}","templated":true}]}}