{"id":83,"date":"2019-04-22T10:53:03","date_gmt":"2019-04-22T12:53:03","guid":{"rendered":"http:\/\/kibinaivilniuje.lt\/pl\/?page_id=83"},"modified":"2024-09-16T13:34:26","modified_gmt":"2024-09-16T15:34:26","slug":"duze-kibiny","status":"publish","type":"page","link":"https:\/\/kibinaivilniuje.lt\/pl\/duze-kibiny\/","title":{"rendered":"DU\u017bE KIBINY"},"content":{"rendered":"<p><strong>\u00a0 \u00a0 \u00a0 \u00a0 \u00a0 \u00a0 \u00a0 \u00a0 \u00a0 \u00a0 \u00a0 \u00a0 \u00a0 \u00a0 \u00a0 \u00a0 \u00a0 \u00a0 \u00a0 \u00a0 \u00a0 \u00a0 \u00a0 \u00a0 \u00a0 \u00a0 \u00a0 \u00a0 \u00a0 \u00a0 \u00a0 \u00a0NOWY<\/strong><\/p>\n<p><strong>\u00a0\u00a0\u00a0\u00a0\u00a0 Kibiny <\/strong><\/p>\n<ul>\n<li><strong>z nadzieniem z tu\u0144czyka<\/strong><\/li>\n<li><strong>z nadzieniem \u0142ososiowym<\/strong><\/li>\n<li><strong>z nadzieniem z borowik\u00f3w i kapusty<\/strong><\/li>\n<\/ul>\n<h3><span style=\"color: #993300;\">DU\u017bE KIBINY &#8211; 10szt. takich kibin\u00f3w b\u0119dzie ju\u017c ponad 1 kg.<\/span><\/h3>\n<p>BARDZO SMACZNE DO ZJEDZENIA, POCZ\u0118STOWA\u0106 PRZYJACI\u00d3\u0141 I GO\u015aCI, BRA\u0106 DO PRACY, \u015aWI\u0118TOWA\u0106 URODZINY.<\/p>\n<p style=\"text-align: justify;\"><a href=\"http:\/\/kibinaivilniuje.lt\/wp-content\/uploads\/2019\/09\/kibinai_traku.jpg\"><img decoding=\"async\" loading=\"lazy\" class=\"  wp-image-609 alignleft\" src=\"http:\/\/kibinaivilniuje.lt\/wp-content\/uploads\/2019\/09\/kibinai_traku.jpg\" alt=\"kibinai.trakai.\u043d\u0430\u0446\u0438\u043e\u043d\u0430\u043b\u044c\u043d\u043e\u0435_\u043b\u0438\u0442\u043e\u0432\u0441\u043a\u043e\u0435_\" width=\"307\" height=\"409\" \/><\/a><\/p>\n<p style=\"text-align: justify;\">Nadaje si\u0119 na r\u00f3\u017cne okazji i na pewno dla Was b\u0119dzie pasowa\u0142 na r\u00f3\u017cne okazje.<br \/>\nZachowany przepis. Zwyk\u0142y, smaczny, jasny i poprawny sk\u0142ad. B\u0119dziesz nas chwali\u0142 \ud83d\ude42<br \/>\nWa\u017cne: U nas prawid\u0142owo siekane mi\u0119so. Dla was spodoba si\u0119. Poczujecie r\u00f3\u017cnic\u0119 To nie to samo co mielone mi\u0119so.<\/p>\n<p>NORMALNEGO ROZMIARU KIBINY<\/p>\n<p><strong><em>NAJSNACZNIEJSZE NADZIENIE WYBIERZ SAM<br \/>\nNADZIENIE I CENA (Menu):<\/em><\/strong><\/p>\n<p>Kibin z wieprzowin\u0105 &#8211; 2,70<br \/>\nKibin z wieprzowin\u0105 i kapust\u0105 &#8211; 2,70<br \/>\nKibin z pieczarkami &#8211; 2,70<\/p>\n<p>Kibin z suszonymi borowikami i kapust\u0105 &#8211; 3,20<\/p>\n<p>Kibin z warzywami &#8211; 2,70<br \/>\nKibin z twarogiem &#8211; 2,70<br \/>\nKibin z twarogiem i szpinakiem -2,70<br \/>\nKibin z kurczakiem (posiekany filet z kurczaka) &#8211; 2,90<br \/>\nKibin z wieprzowin\u0105 i serem &#8211; 3,00<br \/>\nKibin z kurczakiem i pieczarkami (posiekany filet z kurczaka) &#8211; 2,90<br \/>\nKibin z kurczakiem i serem (posiekany filet z kurczaka) &#8211; 3,20<br \/>\nKibin z indykiem &#8211; 3,20<br \/>\nKibin z indykiem i pieczarkami &#8211; 3.20<br \/>\nKibin z wo\u0142owin\u0105 &#8211; 3,60<br \/>\nKibin z jagni\u0119cin\u0105 &#8211; 3,90<br \/>\nKibin z ciel\u0119cin\u0105 &#8211; 3,60<\/p>\n<p>Kibin z tu\u0144czykiem &#8211; 4,20<\/p>\n<p>Kibin z \u0142ososiem i twarogiem &#8211; 4,20<\/p>\n<p>S\u0141ODKIE KIBINY:<\/p>\n<p>KIBINY ze s\u0142odkim nadzieniem (twar\u00f3g, owoce, cynamon) \u2013 2,70<a href=\"http:\/\/kibinaivilniuje.lt\/wp-content\/uploads\/2015\/05\/vilniuje.karaimu.skaniausi..jpg\"><img decoding=\"async\" loading=\"lazy\" class=\"aligncenter size-full wp-image-1798\" src=\"http:\/\/kibinaivilniuje.lt\/wp-content\/uploads\/2015\/05\/vilniuje.karaimu.skaniausi..jpg\" alt=\"vilniuje.karaimu.skaniausi.\" width=\"1984\" height=\"1488\" \/><\/a><\/p>\n","protected":false},"excerpt":{"rendered":"<p>\u00a0 \u00a0 \u00a0 \u00a0 \u00a0 \u00a0 \u00a0 \u00a0 \u00a0 \u00a0 \u00a0 \u00a0 \u00a0 \u00a0 \u00a0 \u00a0 \u00a0 \u00a0 \u00a0 \u00a0 \u00a0 \u00a0 \u00a0 \u00a0 \u00a0 \u00a0 \u00a0 \u00a0 \u00a0 \u00a0 \u00a0 \u00a0NOWY \u00a0\u00a0\u00a0\u00a0\u00a0 Kibiny z nadzieniem z tu\u0144czyka z nadzieniem \u0142ososiowym z nadzieniem z borowik\u00f3w i kapusty DU\u017bE KIBINY &#8211; 10szt. takich kibin\u00f3w b\u0119dzie ju\u017c<\/p>\n","protected":false},"author":1,"featured_media":0,"parent":0,"menu_order":0,"comment_status":"closed","ping_status":"closed","template":"","meta":[],"_links":{"self":[{"href":"https:\/\/kibinaivilniuje.lt\/pl\/wp-json\/wp\/v2\/pages\/83"}],"collection":[{"href":"https:\/\/kibinaivilniuje.lt\/pl\/wp-json\/wp\/v2\/pages"}],"about":[{"href":"https:\/\/kibinaivilniuje.lt\/pl\/wp-json\/wp\/v2\/types\/page"}],"author":[{"embeddable":true,"href":"https:\/\/kibinaivilniuje.lt\/pl\/wp-json\/wp\/v2\/users\/1"}],"replies":[{"embeddable":true,"href":"https:\/\/kibinaivilniuje.lt\/pl\/wp-json\/wp\/v2\/comments?post=83"}],"version-history":[{"count":22,"href":"https:\/\/kibinaivilniuje.lt\/pl\/wp-json\/wp\/v2\/pages\/83\/revisions"}],"predecessor-version":[{"id":586,"href":"https:\/\/kibinaivilniuje.lt\/pl\/wp-json\/wp\/v2\/pages\/83\/revisions\/586"}],"wp:attachment":[{"href":"https:\/\/kibinaivilniuje.lt\/pl\/wp-json\/wp\/v2\/media?parent=83"}],"curies":[{"name":"wp","href":"https:\/\/api.w.org\/{rel}","templated":true}]}}