{"id":74,"date":"2019-04-22T10:31:22","date_gmt":"2019-04-22T12:31:22","guid":{"rendered":"http:\/\/kibinaivilniuje.lt\/pl\/?page_id=74"},"modified":"2024-09-16T13:26:37","modified_gmt":"2024-09-16T15:26:37","slug":"meniu","status":"publish","type":"page","link":"https:\/\/kibinaivilniuje.lt\/pl\/meniu\/","title":{"rendered":"Meniu"},"content":{"rendered":"<h1 style=\"text-align: center;\"><em><span style=\"color: #993300;\">KIBINY, \u0160IMTALAPIAI, S\u0118KACZE I INNE.<\/span><\/em><\/h1>\n<h5 style=\"text-align: center;\">tel. +37069061010, info@kibinaivilniuje.lt, www.trakukibinai.lt<\/h5>\n<p style=\"text-align: center;\">M\u00f3wimy po polsku, litewsku, angielsku, rosyjsku.<\/p>\n<h3 style=\"text-align: center;\"><span style=\"color: #993300;\"><strong>Rozumiemy na ile wyj\u0105tkowe s\u0105 kibiny i wiemy czego potrzebuj\u0105 Twoje:<\/strong><\/span><\/h3>\n<p><a href=\"http:\/\/kibinaivilniuje.lt\/wp-content\/uploads\/2015\/05\/simtalapiai_kibinai_karaimai_trakai_vilniuje_skanu2.jpg\"><img decoding=\"async\" loading=\"lazy\" class=\" wp-image-1545 aligncenter\" src=\"http:\/\/kibinaivilniuje.lt\/wp-content\/uploads\/2015\/05\/simtalapiai_kibinai_karaimai_trakai_vilniuje_skanu2.jpg\" alt=\"cof\" width=\"479\" height=\"360\" \/><\/a><\/p>\n<p style=\"text-align: justify;\"><strong><span style=\"color: #808080;\"><span style=\"color: #000000;\">Dla oczu &#8211; wa\u017cny jest kszta\u0142t i rozmiar;<br \/>\nDla nosa &#8211; wa\u017cny jest przyjemny i apetyczny aromat;<br \/>\nDla brzucha &#8211; wa\u017cne jest prawid\u0142owe i zwyk\u0142e jedzenie;<br \/>\nDla j\u0119zyka &#8211; wa\u017cne jest, aby mie\u0107 wspania\u0142y smak.<\/span><\/span><\/strong><\/p>\n<p style=\"text-align: justify;\">Zwyk\u0142e i bardzo smaczne nadzienia kibin\u00f3w:<\/p>\n<p style=\"text-align: justify;\"><span style=\"color: #808000;\">wieprzowina, wieprzowina i kapusta, wieprzowina i ser, wo\u0142owina, kurczak, indyk, ciel\u0119cina, grzyby, warzywa, twar\u00f3g, twar\u00f3g ze szpinakiem, kie\u0142basa\u00a0<\/span><\/p>\n<p style=\"text-align: justify;\"><span style=\"color: #000000;\">Specjalne s\u0142odkie nadziania kibin\u00f3w:<\/span><\/p>\n<p style=\"text-align: justify;\"><span style=\"color: #808000;\">s\u0142odki twar\u00f3g, s\u0142odki twar\u00f3g z bananami, s\u0142odki twar\u00f3g z rodzynkami, z jab\u0142kami i cynamonem<\/span><\/p>\n<p style=\"text-align: justify;\"><strong>MA\u0141Y KIBINY <\/strong>(nie tylko dla dzieci z odpowiednio posiekanym mi\u0119sem lub innym nadzieniem &#8211;<strong> 1,70 EUR<\/strong><\/p>\n<h3 style=\"text-align: center;\"><span style=\"color: #993300;\">Ulubione i popularne<\/span><\/h3>\n<p style=\"text-align: justify;\">Ma\u0142y kilku k\u0119sowy kibin (z twarogiem-szpinakiem, kie\u0142bas\u0105, kapust\u0105, grzybami) &#8211; 1,70 EUR<br \/>\nMa\u0142y kilku k\u0119sowy kibin (z wieprzowin\u0105 i serem) &#8211; 1,80 EUR<br \/>\nMa\u0142y kilku k\u0119sowy kibin (z kurczakiem) &#8211; 1,80 EUR<\/p>\n<h6 style=\"text-align: justify;\"><span style=\"color: #ffff00;\"><span style=\"color: #000000;\">Mniejsze &#8211; kilka k\u0119sowe kibiny. Lubi\u0105 dzieci, organizatorzy \u015bwi\u0105t i wszyscy, kt\u00f3rzy sprobuj\u0105.\u00a0<\/span><\/span><\/h6>\n<p style=\"text-align: justify;\"><span style=\"color: #000000;\"><strong><a href=\"http:\/\/kibinaivilniuje.lt\/wp-content\/uploads\/2015\/05\/kibinai.trakuose.skaniausi.jpg\"><img decoding=\"async\" loading=\"lazy\" class=\"aligncenter  wp-image-652\" src=\"http:\/\/kibinaivilniuje.lt\/wp-content\/uploads\/2015\/05\/kibinai.trakuose.skaniausi.jpg\" alt=\"kibinai.trakuose.skaniausi\" width=\"474\" height=\"307\" \/><\/a><\/strong><\/span><\/p>\n<h6 style=\"width: 661px; height: 19px; text-align: justify;\">DU\u017bE KIBINY &#8211; 10szt. takich kibin\u00f3w b\u0119dzie ju\u017c ponad 1 kg.<\/h6>\n<p>BARDZO SMACZNE DO ZJEDZENIA, POCZ\u0118STOWA\u0106 PRZYJACI\u00d3\u0141 I GO\u015aCI, BRA\u0106 DO PRACY, \u015aWI\u0118TOWA\u0106 URODZINY.<\/p>\n<p>Nadaje si\u0119 na r\u00f3\u017cne okazji i na pewno dla Was b\u0119dzie pasowa\u0142 na r\u00f3\u017cne okazje.<br \/>\nZachowany przepis. Zwyk\u0142y, smaczny, jasny i poprawny sk\u0142ad. B\u0119dziesz nas chwali\u0142 \ud83d\ude42<br \/>\nWa\u017cne: U nas prawid\u0142owo siekane mi\u0119so. Dla was spodoba si\u0119. Poczujecie r\u00f3\u017cnic\u0119 To nie to samo co mielone mi\u0119so.<\/p>\n<h3><span style=\"color: #993300;\">NORMALNEGO ROZMIARU KIBINY<\/span><\/h3>\n<p>NAJSNACZNIEJSZE NADZIENIE WYBIERZ SAM<\/p>\n<p>NADZIENIE I CENA (Menu):<\/p>\n<p style=\"text-align: justify;\"><img decoding=\"async\" loading=\"lazy\" class=\" wp-image-2033 alignleft\" src=\"http:\/\/kibinaivilniuje.lt\/wp-content\/uploads\/2015\/05\/simtalapiai.vilniuje.kaina_.prisatymas.jpg\" alt=\"dav\" width=\"343\" height=\"458\" \/>Kibin z wieprzowin\u0105 &#8211; 2.70<br \/>\nKibin z wieprzowin\u0105 i kapust\u0105 &#8211; 2.70<br \/>\nKibin z pieczarkami &#8211; 2.70<br \/>\nKibin z warzywami &#8211; 2.70<br \/>\nKibin z twarogiem &#8211; 2.70<br \/>\nKibin z twarogiem i szpinakiem -2.70<br \/>\nKibin z kurczakiem (posiekany filet z kurczaka) &#8211; 2,90<br \/>\nKibin z wieprzowin\u0105 i serem &#8211; 3,00<br \/>\nKibin z kurczakiem i pieczarkami (posiekany filet z kurczaka) &#8211; 2,90<br \/>\nKibin z kurczakiem i serem (posiekany filet z kurczaka) &#8211; 3,20<br \/>\nKibin z indykiem &#8211; 3,20<br \/>\nKibin z indykiem i pieczarkami &#8211; 3,20<br \/>\nKibin z wo\u0142owin\u0105 &#8211; 3,60<br \/>\nKibin z jagni\u0119cin\u0105 &#8211; 3,90<br \/>\nKibin z ciel\u0119cin\u0105 &#8211; 3,60<\/p>\n<h3><span style=\"color: #993300;\">S\u0141ODKIE KIBINY<\/span><\/h3>\n<p><em><em><a href=\"http:\/\/kibinaivilniuje.lt\/wp-content\/uploads\/2017\/10\/sventines_dovanos.kibinai.verslas.jpg\"><img decoding=\"async\" loading=\"lazy\" class=\"  wp-image-1074 alignleft\" src=\"http:\/\/kibinaivilniuje.lt\/wp-content\/uploads\/2017\/10\/sventines_dovanos.kibinai.verslas.jpg\" alt=\"sventines_dovanos.kibinai.verslas\" width=\"346\" height=\"259\" \/><\/a><\/em><\/em><\/p>\n<p>KIBINY ze s\u0142odkim nadzieniem (twar\u00f3g, owoce, cynamon) \u2013 2.70<br \/>\n<em><span style=\"color: #993300;\"><strong>KILKU K\u0118SOWE KIBINY:<\/strong><\/span><\/em><br \/>\n(mini kibiny, ma\u0142e kibiny, malutkie kibiny \u2013 mo\u017cemy to nazwa\u0107 r\u00f3\u017cnie, ale faktem jest, \u017ce ich bardzo lubi\u0105 dzieci i organizator\u00f3w r\u00f3\u017cnych imprez i uroczysto\u015bci).<br \/>\nMa\u0142e (mini) kibiny &#8211; 20szt. takich kibin\u00f3w maj\u0105 ju\u017c ponad 1 kg.<br \/>\nMa\u0142e kibiny, dzieci\u0119ce kibiny, (Zam\u00f3w telefonicznie 869061010. Mo\u017cesz je odebra\u0107 w Wilnie, dostawa) o po\u0142ow\u0119 mniej ni\u017c zwyk\u0142y rozmiar kibiny.<br \/>\nWybierz najsmaczniejsze nadzienia:<br \/>\nKibin z siekan\u0105 wieprzowin\u0105 &#8211; 1,70<br \/>\nKibin z siekan\u0105 wieprzowin\u0105 i kapust\u0105 &#8211; 1,70<br \/>\nKibin z siekan\u0105 wieprzowin\u0105 i serem &#8211; 1,80<br \/>\nKibin z posiekanym filetem z kurczaka &#8211; 1,80<br \/>\nKibin z posiekanym filetem z kurczaka i pieczarkami &#8211; 1,80<br \/>\nKibin z posiekanym filetem z kurczaka i serem &#8211; 1,90<br \/>\nKibin z twarogiem &#8211; 1,70<br \/>\nKibin z twarogiem i szpinakiem &#8211; 1,70<\/p>\n<p>Kibin ze s\u0142odkim twarogiem &#8211; 1,70 (ze s\u0142odkim nadzieniem)<br \/>\nKibin z twarogiem i rodzynkami &#8211; 1,70 (ze s\u0142odkim nadzieniem)<br \/>\nKibin z twarogiem i bananami &#8211; 1,70 (ze s\u0142odkim nadzieniem)<br \/>\nKibin z bananami &#8211; 1,70 (ze s\u0142odkim nadzieniem)<br \/>\nKibin z jab\u0142kami i cynamonem &#8211; 1,70 (ze s\u0142odkim nadzieniem)<br \/>\nKibin z warzywami &#8211; 1,70<br \/>\nKibin z pieczarkami &#8211; 1,70<br \/>\nKibinz indykiem &#8211; 1,90<br \/>\nKibin z indykiem i pieczarkami &#8211; 1,90<br \/>\nKibin z wo\u0142owin\u0105 &#8211; 2,10<br \/>\nKibin z ciel\u0119cin\u0105 &#8211; 2,10<br \/>\nKibin z jagni\u0119cin\u0105 &#8211; 2,30<\/p>\n<h3><\/h3>\n<p><span style=\"color: #993300;\"><strong>Empanada<\/strong><\/span><br \/>\ndu\u017ce ciasteczko, oddych Ameryki \u0141aci\u0144skiej<br \/>\nz kurczakiem, wo\u0142owin\u0105 i warzywami &#8211; 4,70Eur<\/p>\n<p><span class=\"tlid-translation translation\" lang=\"pl\"><span title=\"\">Wybierz nast\u0119puj\u0105ce niezwyk\u0142e, niesamowite wype\u0142nienie:<\/span><\/span><\/p>\n<p><span title=\"\">&#8211; kurczak, pomidory, cebula, kukurydza<\/span><\/p>\n<p><span title=\"\">&#8211; wo\u0142owina, pomidory, cebula, fasola.<\/span><\/p>\n<p>Kibin ze s\u0142odkimi nadzieniami (twar\u00f3g, owoce, cynamon) &#8211; mniejsze &#8211; 1,70 EUR, wi\u0119ksze &#8211; 2,70 EUR<\/p>\n<h3><span style=\"color: #993300;\">INNE (tak\u017ce z mi\u0142o\u015bci\u0105, r\u0119cznie robione)<\/span><\/h3>\n<p>Wspania\u0142e herbatniki ze s\u0142odkim twarogiem lub jab\u0142kiem z cynamonem<\/p>\n<p><a href=\"http:\/\/kibinaivilniuje.lt\/wp-content\/uploads\/2017\/10\/ss.skaniausi.sausainiai.pasakiski..jpg\"><img decoding=\"async\" loading=\"lazy\" class=\"aligncenter size-full wp-image-1816\" src=\"http:\/\/kibinaivilniuje.lt\/wp-content\/uploads\/2017\/10\/ss.skaniausi.sausainiai.pasakiski..jpg\" alt=\"ss.skaniausi.sausainiai.pasakiski.\" width=\"1984\" height=\"1488\" \/><\/a><\/p>\n<p>1 kg &#8211; 22,50 EUR<br \/>\n100g do 2,25Eur<\/p>\n<p><strong>Sma\u017cony chleb z czosnkiem<\/strong><\/p>\n<p>1 kg &#8211; 17,50 EUR<br \/>\n100 g-1,75 EUR<\/p>\n<p><img decoding=\"async\" loading=\"lazy\" class=\"aligncenter size-full wp-image-77\" src=\"http:\/\/kibinaivilniuje.lt\/pl\/wp-content\/uploads\/sites\/4\/2019\/04\/kepta.duona_.kepta_.jpg\" alt=\"\" width=\"992\" height=\"744\" srcset=\"https:\/\/kibinaivilniuje.lt\/pl\/wp-content\/uploads\/sites\/4\/2019\/04\/kepta.duona_.kepta_.jpg 992w, https:\/\/kibinaivilniuje.lt\/pl\/wp-content\/uploads\/sites\/4\/2019\/04\/kepta.duona_.kepta_-300x225.jpg 300w, https:\/\/kibinaivilniuje.lt\/pl\/wp-content\/uploads\/sites\/4\/2019\/04\/kepta.duona_.kepta_-768x576.jpg 768w\" sizes=\"(max-width: 992px) 100vw, 992px\" \/><\/p>\n<p><span style=\"color: #993300;\"><strong>\u0160imtalapiai ir domowe s\u0119kacze \u201ez dzieci\u0144stwa\u201d<\/strong><\/span><\/p>\n<p>1 kg &#8211; 27,50 Ga\u0142\u0105zki okoliczno\u015bciowe \/ okoliczno\u015bciowe &#8211; 35,50 EUR<\/p>\n<p><img decoding=\"async\" loading=\"lazy\" class=\"aligncenter size-full wp-image-2329\" src=\"http:\/\/kibinaitrakuose.lt\/wp-content\/uploads\/2020\/04\/sakotis_uzsakymai.jpg\" alt=\"\" width=\"992\" height=\"744\" \/><\/p>\n<p style=\"text-align: justify;\">Najlepsza kompozycja: m\u0105ka pszenna najwy\u017cszej jako\u015bci, prawdziwe mas\u0142o, \u015bmietana, jajka, cukier waniliowy. Wszystko jest prawdziwe i smaczne.<\/p>\n<p style=\"text-align: justify;\"><img decoding=\"async\" loading=\"lazy\" class=\"aligncenter size-large wp-image-2704\" src=\"http:\/\/kibinaivilniuje.lt\/wp-content\/uploads\/2019\/05\/simtalapis-kibinai-vilnius-trakai-1024x768.jpg\" alt=\"\" width=\"1024\" height=\"768\" \/><\/p>\n<p style=\"text-align: justify;\">Przyjmujemy zam\u00f3wienia na s\u0119kacze z powodu r\u00f3\u017cnych okazji. S\u0119kacze polane czekolad\u0105 lub bia\u0142\u0105 glazur\u0105 i ozdobione kwiatami. Inne dodatkowe elementy dekoracyjne mo\u017cna zam\u00f3wi\u0107 w zale\u017cno\u015bci od okazji.<\/p>\n<p style=\"text-align: justify;\"><strong>Dodatkowo:<\/strong><\/p>\n<p style=\"text-align: justify;\">Kibiny pieczone z r\u00f3\u017cnymi nadzieniami. Kibiny z dzikim mi\u0119sem lub innymi sk\u0142adnikami niewymienionymi w tym menu powiniene\u015b zam\u00f3wi\u0107 2-3 dni przed.<\/p>\n<h3 style=\"text-align: justify;\"><span style=\"color: #993300;\">ROS\u00d3\u0141 I NAPOJE<\/span><\/h3>\n<p><strong>ROS\u00d3\u0141<\/strong> 234ml \u2013 2,00Eur 473ml \u2013 2,50Eur<\/p>\n<p><strong>ROS\u00d3\u0141(z koperkiem lub szpinakiem)<\/strong> 234ml \u2013 2,10Eur 473ml \u2013 2,60Eur<\/p>\n<p><strong>Cola i inne napoje: woda, herbata, sok, gira<\/strong><\/p>\n<p><strong>Piwo sprzedawane jest tylko w punkcie odbioru!<\/strong><\/p>\n<p style=\"text-align: justify;\">Po\u0142\u0105czyli\u015bmy umiej\u0119tno\u015bci kilku kucharzy, aby zaoferowa\u0107 \u015bwie\u017ce i smaczne jedzenie.<br \/>\nR\u0119cznie robione wyroby !!!<br \/>\nRozumiemy, \u017ce potrzeby i gusty klient\u00f3w s\u0105 r\u00f3\u017cne, oferujemy r\u00f3\u017cne rodzaje kibin\u00f3w (pod wzgl\u0119dem ceny i sk\u0142adu), jak r\u00f3wnie\u017c produkty z menu g\u0142\u00f3wnego i wt\u00f3rnego, zgodnie z ka\u017cd\u0105 potrzeb\u0105 (zapytaj):<br \/>\nDostawa ciep\u0142ych kibin\u00f3w i specjalne zam\u00f3wienia.<br \/>\nKibiny z r\u00f3\u017cnymi nadzieniami. Pieczony chleb z czosnkiem, piero\u017cki, empanady, s\u0119kacze, \u0161imtalapiai, ciasteczka.<\/p>\n<p style=\"text-align: justify;\"><strong>\u00a0<\/strong><\/p>\n<p style=\"text-align: justify;\"><strong>Wybierz, zapytaj, skonsultuj si\u0119<\/strong><\/p>\n<ol>\n<li>Wybierz. Ka\u017cdemu jest wa\u017cne mie\u0107 wyb\u00f3r. Jeszcze wa\u017cniejsze s\u0105 alternatywy. Kiedy kochamy jedzenie, r\u00f3wnie\u017c kochamy siebie. Bez wzgl\u0119du na to, jakie wybierzesz nadzienie dla kibina &#8211; wszystkie s\u0105 przygotowane z mi\u0142o\u015bci\u0105, wszystkie wyj\u0105tkowe. Dlatego \u015bmia\u0142o m\u00f3wimy, \u017ce co wybierzesz z mn\u00f3stwa mo\u017cliwo\u015bci, nie po\u017ca\u0142ujesz, poniewa\u017c nasze kibiny s\u0105 wspania\u0142e i wyj\u0105tkowo smaczne.<\/li>\n<li>Zapytaj. Kiedy tak du\u017co, trudno wybra\u0107. Bardzo cz\u0119sto tak jest i nic strasznego. Wa\u017cne, \u017ce jest z czego wybiera\u0107, a wszystkie wybory s\u0105 prawid\u0142owe, poniewa\u017c wszystkie kibiny s\u0105 bardzo smaczne. Nie mo\u017cesz wybra\u0107? Ch\u0119tnie pomo\u017cemy, doradzimy, skierujemy. Zadzwo\u0144 lub napisz. Dla nas nie trudno, dla nas przyjemnie. Dzi\u0119kuje dla Was, \u017ce ciekawicie si\u0119 \u012f pytacie. Tylko Wy drodzy klienci pomagacie doskonali\u0107 si\u0119.<\/li>\n<li>Skonsultuj si\u0119. Straci\u0142e\u015b si\u0119 w tak du\u017cym wyborze? Czy organizujesz uroczysto\u015b\u0107, imprez\u0119, seminarium? Chcesz rozpie\u015bcic si\u0119 lub rozpieszcza\u0107? Mo\u017cesz wiesz tylko sw\u00f3j bud\u017cet i ile os\u00f3b b\u0119dzie musia\u0142o zje\u015b\u0107 smacznie? Mo\u017ce nic nie wiesz lub po prostu nie wiesz, czego chcesz? Skonsultuj si\u0119. To nic nie kosztuje i b\u0119dziemy bardzo zadowoleni, \u017ce nam zaufasz. Wiemy, jakie kibiny lub zestawy s\u0105 najpopularniejszymi na imprezach dla dzieci, co zamawiaj\u0105 na urodziny i warsztaty, jakie s\u0105 ulubione wybory biznesowe. Poradzimy wed\u0142ug indywidualnych potrzeb i mo\u017cliwo\u015bci. Porozmawiajmy.<\/li>\n<\/ol>\n<p><strong>Mo\u017cemy Ci doradzi\u0107 i pom\u00f3c.<\/strong><\/p>\n<p style=\"text-align: justify;\"><div role=\"form\" class=\"wpcf7\" id=\"wpcf7-f80-o1\" lang=\"en-US\" dir=\"ltr\">\n<div class=\"screen-reader-response\"><p role=\"status\" aria-live=\"polite\" aria-atomic=\"true\"><\/p> <ul><\/ul><\/div>\n<form action=\"\/pl\/wp-json\/wp\/v2\/pages\/74#wpcf7-f80-o1\" method=\"post\" class=\"wpcf7-form init\" novalidate=\"novalidate\" data-status=\"init\">\n<div style=\"display: none;\">\n<input type=\"hidden\" name=\"_wpcf7\" value=\"80\" \/>\n<input type=\"hidden\" name=\"_wpcf7_version\" value=\"5.6.4\" \/>\n<input type=\"hidden\" name=\"_wpcf7_locale\" value=\"en_US\" \/>\n<input type=\"hidden\" name=\"_wpcf7_unit_tag\" value=\"wpcf7-f80-o1\" \/>\n<input type=\"hidden\" name=\"_wpcf7_container_post\" value=\"0\" \/>\n<input type=\"hidden\" name=\"_wpcf7_posted_data_hash\" value=\"\" \/>\n<input type=\"hidden\" name=\"_wpcf7_recaptcha_response\" value=\"\" \/>\n<\/div>\n<h3>Formularz zam\u00f3wienia<\/h3>\n<p>Chcesz zrobi\u0107 zam\u00f3wienie? Zadzwo\u0144 pod numer +370 69061010 lub wype\u0142nij poni\u017cszy formularz zam\u00f3wienia.<\/p>\n<p>Twoje imi\u0119 (obowi\u0105zkowo)<br \/>\n    <span class=\"wpcf7-form-control-wrap\" data-name=\"your-name\"><input type=\"text\" name=\"your-name\" value=\"\" size=\"40\" class=\"wpcf7-form-control wpcf7-text wpcf7-validates-as-required\" aria-required=\"true\" aria-invalid=\"false\" \/><\/span> <\/p>\n<p>Tw\u00f3j e-mail  (obowi\u0105zkowo)<br \/>\n    <span class=\"wpcf7-form-control-wrap\" data-name=\"your-email\"><input type=\"email\" name=\"your-email\" value=\"\" size=\"40\" class=\"wpcf7-form-control wpcf7-text wpcf7-email wpcf7-validates-as-required wpcf7-validates-as-email\" aria-required=\"true\" aria-invalid=\"false\" \/><\/span> <\/p>\n<p>Tw\u00f3j telefon<br \/>\n    <span class=\"wpcf7-form-control-wrap\" data-name=\"your-subject\"><input type=\"text\" name=\"your-subject\" value=\"\" size=\"40\" class=\"wpcf7-form-control wpcf7-text\" aria-invalid=\"false\" \/><\/span> <\/p>\n<p>Twoja wiadomo\u015b\u0107<br \/>\n    <span class=\"wpcf7-form-control-wrap\" data-name=\"your-message\"><textarea name=\"your-message\" cols=\"40\" rows=\"10\" class=\"wpcf7-form-control wpcf7-textarea\" aria-invalid=\"false\"><\/textarea><\/span> <\/p>\n<p><input type=\"submit\" value=\"Wy\u015blij\" class=\"wpcf7-form-control has-spinner wpcf7-submit\" \/><\/p>\n<p style=\"display: none !important;\"><label>&#916;<textarea name=\"_wpcf7_ak_hp_textarea\" cols=\"45\" rows=\"8\" maxlength=\"100\"><\/textarea><\/label><input type=\"hidden\" id=\"ak_js_1\" name=\"_wpcf7_ak_js\" value=\"250\"\/><script>document.getElementById( \"ak_js_1\" ).setAttribute( \"value\", ( new Date() ).getTime() );<\/script><\/p><div class=\"wpcf7-response-output\" aria-hidden=\"true\"><\/div><\/form><\/div><\/p>\n","protected":false},"excerpt":{"rendered":"<p>KIBINY, \u0160IMTALAPIAI, S\u0118KACZE I INNE. tel. +37069061010, info@kibinaivilniuje.lt, www.trakukibinai.lt M\u00f3wimy po polsku, litewsku, angielsku, rosyjsku. Rozumiemy na ile wyj\u0105tkowe s\u0105 kibiny i wiemy czego potrzebuj\u0105 Twoje: Dla oczu &#8211; wa\u017cny jest kszta\u0142t i rozmiar; Dla nosa &#8211; wa\u017cny jest przyjemny i apetyczny aromat; Dla brzucha &#8211; wa\u017cne jest prawid\u0142owe i zwyk\u0142e jedzenie; Dla j\u0119zyka &#8211;<\/p>\n","protected":false},"author":1,"featured_media":0,"parent":0,"menu_order":0,"comment_status":"closed","ping_status":"closed","template":"","meta":[],"_links":{"self":[{"href":"https:\/\/kibinaivilniuje.lt\/pl\/wp-json\/wp\/v2\/pages\/74"}],"collection":[{"href":"https:\/\/kibinaivilniuje.lt\/pl\/wp-json\/wp\/v2\/pages"}],"about":[{"href":"https:\/\/kibinaivilniuje.lt\/pl\/wp-json\/wp\/v2\/types\/page"}],"author":[{"embeddable":true,"href":"https:\/\/kibinaivilniuje.lt\/pl\/wp-json\/wp\/v2\/users\/1"}],"replies":[{"embeddable":true,"href":"https:\/\/kibinaivilniuje.lt\/pl\/wp-json\/wp\/v2\/comments?post=74"}],"version-history":[{"count":51,"href":"https:\/\/kibinaivilniuje.lt\/pl\/wp-json\/wp\/v2\/pages\/74\/revisions"}],"predecessor-version":[{"id":581,"href":"https:\/\/kibinaivilniuje.lt\/pl\/wp-json\/wp\/v2\/pages\/74\/revisions\/581"}],"wp:attachment":[{"href":"https:\/\/kibinaivilniuje.lt\/pl\/wp-json\/wp\/v2\/media?parent=74"}],"curies":[{"name":"wp","href":"https:\/\/api.w.org\/{rel}","templated":true}]}}