{"id":71,"date":"2019-04-22T10:20:31","date_gmt":"2019-04-22T12:20:31","guid":{"rendered":"http:\/\/kibinaivilniuje.lt\/pl\/?page_id=71"},"modified":"2021-01-18T12:41:55","modified_gmt":"2021-01-18T14:41:55","slug":"kontakty","status":"publish","type":"page","link":"https:\/\/kibinaivilniuje.lt\/pl\/kontakty\/","title":{"rendered":"Kontakty"},"content":{"rendered":"<p style=\"text-align: justify;\"><strong>tel. +37069061010, info@kibinaivilniuje.lt, www.trakukibinai.lt<\/strong><br \/>\n<strong>M\u00f3wimy po litewsku, polsku, angielsku, rosyjsku.<\/strong><\/p>\n<p style=\"text-align: justify;\">Adres odbioru zam\u00f3wie\u0144: ul. \u016am\u0117d\u017ei\u0173 2, Wilno (w pobli\u017cu: centr samochod\u00f3w Volkswagen, prospekt Savanoriu)<br \/>\nCzas odbioru zam\u00f3wie\u0144: ustala si\u0119 zawczasu<br \/>\nDostarczanie na podstawie umowy, rabatu hurtowego lub oferty promocyjnej.<br \/>\nWypisujemy faktury.<\/p>\n<p style=\"text-align: justify;\">M\u00f3wimy po litewsku, polsku, rosyjsku i angielsku. Napisz, zadzwo\u0144 a znajdziemy wsp\u00f3lny j\u0119zyk. Twoja opinia jest dla nas wa\u017cna. Spodobalo si\u0119? Nie spodoba\u0142o si\u0119? Tel. + 37069061010, info@kibinaitrakuose.lt<\/p>\n<p style=\"text-align: justify;\"><strong>Rozumiemy na ile wyj\u0105tkowe s\u0105 kibiny i wiemy czego potrzebuj\u0105 Twoje:<\/strong><br \/>\nDla oczu &#8211; wa\u017cny jest kszta\u0142t i rozmiar;<br \/>\nDla nosa &#8211; wa\u017cny jest przyjemny i apetyczny aromat;<br \/>\nDla brzucha &#8211; wa\u017cne jest prawid\u0142owe i zwyk\u0142e jedzenie;<br \/>\nDla j\u0119zyka &#8211; wa\u017cne jest, aby mie\u0107 wspania\u0142y smak.<\/p>\n<p><a href=\"http:\/\/kibinaivilniuje.lt\/wp-content\/uploads\/2018\/04\/DSC_8084_5_8_tonemapped.jpg\"><img decoding=\"async\" loading=\"lazy\" class=\"aligncenter size-full wp-image-2491\" src=\"http:\/\/kibinaitrakuose.lt\/wp-content\/uploads\/2020\/05\/kibinai_dovana_teciui.jpg\" alt=\"\" width=\"992\" height=\"744\" \/><\/a><\/p>\n<h4 style=\"text-align: justify;\"><span style=\"color: #993300;\"><strong>Zwyk\u0142e i bardzo smaczne nadzienia kibin\u00f3w:<\/strong><\/span><\/h4>\n<p style=\"text-align: justify;\">wieprzowina, wieprzowina i kapusta, wieprzowina i ser, wo\u0142owina, kurczak, indyk, ciel\u0119cina, grzyby, warzywa, twar\u00f3g, twar\u00f3g ze szpinakiem, kie\u0142basa<\/p>\n<h4 style=\"text-align: justify;\"><span style=\"color: #993300;\"><strong>Specjalne s\u0142odkie nadzienia kibin\u00f3w:<\/strong><\/span><\/h4>\n<p style=\"text-align: justify;\">s\u0142odki twar\u00f3g, s\u0142odki twar\u00f3g z bananami, s\u0142odki twar\u00f3g z rodzynkami, z jab\u0142kami i cynamonem<\/p>\n<h3 style=\"text-align: justify;\"><span style=\"color: #993300;\">Ciekawostki<\/span><\/h3>\n<p style=\"text-align: justify;\">Koncepcja kibin\u00f3w<br \/>\nJest to tradycyjny posi\u0142ek karaimski, warstwowe ciasto w kszta\u0142cie p\u00f3\u0142ksi\u0119\u017cyca z posiekan\u0105 baranin\u0105, cebul\u0105 i mas\u0142em. Produkowany z ciasta dro\u017cd\u017cowego z krojon\u0105 jagni\u0119cin\u0105, wo\u0142owin\u0105 lub wieprzowin\u0105 (patrz \u201eUniversal Lithuanian Encyclopedia\u201d, tom 10, Vilnius, 2006, s. 21).<br \/>\nChcemy wspiera\u0107 \u201eUniwersaln\u0105 encyklopedi\u0119 litewsk\u0105\u201d wed\u0142ug dw\u00f3ch najwa\u017cniejszych sk\u0142adnik\u00f3w: mi\u0119sa i ciasta. Ca\u0142kowicie si\u0119 zgadzamy i nie zaprzeczamy, \u017ce do autentycznyc karaimskich kibin\u00f3w niezb\u0119dne jest siekane mi\u0119so. Ciasto. Chcemy podkre\u015bli\u0107 nie tylko siekane mi\u0119so, ale tak\u017ce ma\u015blane ciasto, kt\u00f3re nadaje piero\u017cku \u201eprawdziwego kibinskiego\u201d smaku.<\/p>\n","protected":false},"excerpt":{"rendered":"<p>tel. +37069061010, info@kibinaivilniuje.lt, www.trakukibinai.lt M\u00f3wimy po litewsku, polsku, angielsku, rosyjsku. Adres odbioru zam\u00f3wie\u0144: ul. \u016am\u0117d\u017ei\u0173 2, Wilno (w pobli\u017cu: centr samochod\u00f3w Volkswagen, prospekt Savanoriu) Czas odbioru zam\u00f3wie\u0144: ustala si\u0119 zawczasu Dostarczanie na podstawie umowy, rabatu hurtowego lub oferty promocyjnej. Wypisujemy faktury. M\u00f3wimy po litewsku, polsku, rosyjsku i angielsku. Napisz, zadzwo\u0144 a znajdziemy wsp\u00f3lny j\u0119zyk. Twoja<\/p>\n","protected":false},"author":1,"featured_media":0,"parent":0,"menu_order":0,"comment_status":"closed","ping_status":"closed","template":"","meta":[],"_links":{"self":[{"href":"https:\/\/kibinaivilniuje.lt\/pl\/wp-json\/wp\/v2\/pages\/71"}],"collection":[{"href":"https:\/\/kibinaivilniuje.lt\/pl\/wp-json\/wp\/v2\/pages"}],"about":[{"href":"https:\/\/kibinaivilniuje.lt\/pl\/wp-json\/wp\/v2\/types\/page"}],"author":[{"embeddable":true,"href":"https:\/\/kibinaivilniuje.lt\/pl\/wp-json\/wp\/v2\/users\/1"}],"replies":[{"embeddable":true,"href":"https:\/\/kibinaivilniuje.lt\/pl\/wp-json\/wp\/v2\/comments?post=71"}],"version-history":[{"count":3,"href":"https:\/\/kibinaivilniuje.lt\/pl\/wp-json\/wp\/v2\/pages\/71\/revisions"}],"predecessor-version":[{"id":413,"href":"https:\/\/kibinaivilniuje.lt\/pl\/wp-json\/wp\/v2\/pages\/71\/revisions\/413"}],"wp:attachment":[{"href":"https:\/\/kibinaivilniuje.lt\/pl\/wp-json\/wp\/v2\/media?parent=71"}],"curies":[{"name":"wp","href":"https:\/\/api.w.org\/{rel}","templated":true}]}}