{"id":61,"date":"2019-04-22T10:09:23","date_gmt":"2019-04-22T12:09:23","guid":{"rendered":"http:\/\/kibinaivilniuje.lt\/pl\/?page_id=61"},"modified":"2021-01-14T19:20:53","modified_gmt":"2021-01-14T21:20:53","slug":"wilno-ostra-brama","status":"publish","type":"page","link":"https:\/\/kibinaivilniuje.lt\/pl\/wilno-ostra-brama\/","title":{"rendered":"WILNO. OSTRA BRAMA."},"content":{"rendered":"<p>Ostra Brama &#8211; tutaj rozpoczyna si\u0119 znajomo\u015b\u0107 Polak\u00f3w z Wilnem<\/p>\n<p style=\"text-align: justify;\">Ostra Brama to miejsce, w kt\u00f3rym serca Litwin\u00f3w i Polak\u00f3w bij\u0105 rytm nadziei, chrze\u015bcija\u0144skiej tolerancji i wiary.<br \/>\nOstra Brama to obficie odwiedzane miejsce turyst\u00f3w, zw\u0142aszcza turyst\u00f3w z Polski, jedno z najwa\u017cniejszych i najbardziej popularnych budynk\u00f3w kultury, religii i historii Wilna. W Ostrej Bramie jest obraz Naj\u015bwi\u0119tszej Maryi Panny, Matka Mi\u0142osierdzia, kt\u00f3ry jest uwa\u017cany za cud. Obraz ten znany jest nie tylko na Litwie, ale tak\u017ce w Polsce i innych krajach.<\/p>\n<h3><span style=\"color: #993300;\">Troch\u0119 historii<\/span><\/h3>\n<p style=\"text-align: justify;\">Wiadomo, \u017ce wielki ksi\u0105\u017c\u0119 litewski Aleksander chcia\u0142 si\u0119 uchroni\u0107 przed Tatarami i Rosj\u0105, z kt\u00f3r\u0105 zwi\u0105zek zosta\u0142 zniszczony, wi\u0119c w 1503 r. rozkaza\u0142 budow\u0119 kamiennego ogrodzenia wok\u00f3\u0142 miasta. Uwa\u017ca si\u0119, \u017ce mur ceglany rozpoczyna\u0142 si\u0119 w stron\u0119 Miednik\u00f3w, a nast\u0119pnie przez Oszmian w ston\u0119 Mi\u0144ska. Pocz\u0105tkowo kamie\u0144 zosta\u0142 po\u015bwi\u0119cony, a nast\u0119pnie rozpocz\u0119\u0142a si\u0119 budowa bramy, kt\u00f3ra p\u00f3\u017aniej zosta\u0142a nazwana Ostr\u0105 Bram\u0105. Nie wiadomo dok\u0142adnie, kiedy zbudowano ceglany budynek.<br \/>\nKaplica Matki Mi\u0142osierdzia znajduje si\u0119 obecnie w tym budynku. W \u017ar\u00f3d\u0142ach historycznych kaplica ta po raz pierwszy zosta\u0142a wspomniana w 1514 roku. Nazywa\u0142a si\u0119 Bram\u0105 Miednick\u0105. Polska nazwa to Ostra brama, czyli \u00d3sma Brama. Po raz pierwszy wspomniano o nim w dokumentach historycznych w 1594 roku. Sk\u0105d pochodzi nazwa bramy nie jest dok\u0142adnie znane. Litwini mieszkaj\u0105cy w okr\u0119gu wile\u0144skim nazywali ten budynek Bram\u0105 Ostrza. Niekt\u00f3rzy historycy uwa\u017caj\u0105, \u017ce u\u017cyta nazwa mo\u017ce by\u0107 powi\u0105zana z nazw\u0105 miasta Oszmiany i \u017ce ludzie, kt\u00f3rzy m\u00f3wi\u0105 innymi j\u0119zykami, mogliby dos\u0142ownie zrozumie\u0107 i przet\u0142umaczy\u0107 na j\u0119zyk polski. Kiedy i z jakiego powodu miejscowi zacz\u0119li nazywa\u0107 ten budynek, Ostra Brama jest r\u00f3wnie\u017c niejasne. Istnieje hipoteza, \u017ce nazwa tych s\u0142ynnych bram pochodzi od imienia Gwiazdy \u015awitu.<br \/>\nObraz Matki Mi\u0142osierdzia nie pojawi\u0142 si\u0119 natychmiast w kaplicy. Pocz\u0105tkowo ten s\u0142ynny obraz wisia\u0142 na wewn\u0119trznej stronie bramy, z inn\u0105 postaci\u0105 wisz\u0105c\u0105 na zewn\u0105trz z \u015awiatowym Zbawicielem. Oba te obrazy by\u0142y w\u00f3wczas w\u0142asno\u015bci\u0105 miasta. Zawieszenie obrazu w tamtych czasach nie znajdowa\u0142o odpowiedniego miejsca w kaplicach ani potrzebnych dekoracji. Karmelici dostali miejsce na budow\u0119 klasztoru i ko\u015bcio\u0142a.<\/p>\n<h3><span style=\"color: #993300;\">Osiedlili si\u0119 w tym miejscu.<\/span><\/h3>\n<p style=\"text-align: justify;\">Ko\u015bci\u00f3\u0142 zosta\u0142 u\u015bwi\u0119cony dopiero w 1654 roku. Ko\u015bci\u00f3\u0142 by\u0142 po\u015bwi\u0119cony mistycyzmowi hiszpa\u0144skiemu. Od dnia swego powstania karmelici nadzorowali s\u0142ynny obraz wisz\u0105cy w murowanych bramach miasta. Mnisi modlili si\u0119 do niego i zach\u0119cali mieszka\u0144c\u00f3w miasta do modlitwy. W 1668 r. Karmelici troszczyli si\u0119 obrazem Matki Bo\u017cej. W 1671 r. zbudowano drewnian\u0105 kaplic\u0119. Celem tej kaplicy by\u0142o ochrona obrazu. Podczas trwaj\u0105cej budowy obraz by\u0142 przechowywany w innym ko\u015bciele i po zako\u0144czeniu budowy przeniesiony do kaplicy.<br \/>\nW 1702 r. Szwedzi zaatakowali i zaj\u0119li Wilno. Zakazali publicznie oddawania czci i modlenia si\u0119 za ten obraz. Zabroniono zbierania si\u0119 na ulicy. Obraz Matki Bo\u017cej zosta\u0142 zniszczony, poniewa\u017c kula uderzy\u0142a j\u0105 w czasie wojny. W latach 1712-1715 wybudowano kolejn\u0105 ceglan\u0105 kaplic\u0119, poniewa\u017c poprzednia zosta\u0142a spalona przed wojnami, a nowa zosta\u0142a zbudowana i dotar\u0142a do naszych czas\u00f3w. W 1829 roku uzyska\u0142a styl klasycyzmu. Zosta\u0142 zbudowany w celu, aby wierni mieszka\u0144cy miasta mogli modli\u0107 si\u0119 do obrazu na ulicy, poniewa\u017c ta wybudowana kaplica by\u0142a dost\u0119pna tylko z ogrodu klasztornego, mieszka\u0144com, a zw\u0142aszcza kobietom, nie pozwolono wej\u015b\u0107 do tego budynku. W latach 1828-1829 kaplica zosta\u0142a naprawiona, a okna boczne zwi\u0119kszono do pod\u0142ogi. W 1785 r. Sprzedawcom ulicznym zakazano nawet handlu przy Ostrej Bramie podczas mszy. Spo\u015br\u00f3d wszystkich przechodni\u00f3w, bez wzgl\u0119du na ich wiar\u0119, musieli i\u015b\u0107 od bramy do kaplicy bez nakrycia g\u0142owy.<br \/>\nW 1844 r. wyp\u0119dzono karmelit\u00f3w, a klasztor przekazano prawos\u0142awnym, a kaplic\u0119 przekazano duchowie\u0144stwu. Od tego momentu wej\u015bcie do kaplicy sta\u0142o si\u0119 otwarte. Jeszcze przed otwarciem tej s\u0142ynnej kaplicy, w latach 1789-1799, w ramach wcze\u015bniej zaprojektowanego projektu, zbudowano galeri\u0119, w kt\u00f3rej znajdowa\u0142y si\u0119 wewn\u0119trzne schody do modlitw. Wiadomo, \u017ce jest to klasycystyczny dwupi\u0119trowy budynek z zamkni\u0119t\u0105 galeri\u0105 \u2013 wewn\u0119trzny, g\u00f3rnym i dolnym pi\u0119trem. Pocz\u0105tkowo g\u00f3rna strona by\u0142a otwarta. W 1830 r. Przeprowadzono napraw\u0119, podczas kt\u00f3rej dawne budynki drewniane zast\u0105piono murami, otwory zosta\u0142y przeszklone, a schody wewn\u0105trz galerii zosta\u0142y przemodelowane. W tej chwili organy galerii znajduj\u0105 si\u0119 w g\u00f3rnej sali galerii (wcze\u015bniej znajdowa\u0142y si\u0119 przy o\u0142tarzu po obu stronach). Sama galeria zosta\u0142a p\u00f3\u017aniej po\u0142\u0105czona z kaplic\u0105.<br \/>\nW 2002 roku brama i kaplica zosta\u0142y odbudowane, niekt\u00f3re cz\u0119\u015bci pomalowane.<\/p>\n<h3><span style=\"color: #993300;\">Cel Otrej Bramy. Mur obronny miasta<\/span><\/h3>\n<p style=\"text-align: justify;\">\u0179r\u00f3d\u0142a historyczne wspominaj\u0105, \u017ce ko\u015bci\u00f3\u0142 \u015bw. Teresy, klasztor i kaplica Ostrej Bramy by\u0142y kiedy\u015b cz\u0119\u015bci\u0105 muru obronnego. Ten mur strzeg\u0142 Wilno. Ta \u015bciana, kt\u00f3ra kiedy\u015b otacza\u0142a Stare Miasto ze wszystkich stron i broni\u0142a go, ju\u017c dawno znikn\u0119\u0142a. Zosta\u0142a zburzona przez carsko rosyjski rz\u0105d w latach 1800 &#8211; 1805. Tylko kilka jego fragment\u00f3w przetrwa\u0142o do naszych czas\u00f3w. Jednym z najbardziej znanych i najlepiej zachowanych fragment\u00f3w dawnego mury obronnego Wilna by\u0142y Ostra Brama i cz\u0119\u015b\u0107 muru klasztoru Karmelit\u00f3w.<br \/>\nW 1503 r. Kr\u00f3l Aleksander Jogiello\u0144czyk og\u0142osi\u0142 przywilej mieszka\u0144c\u00f3w Wilna. Uwolni\u0142 ich z obowi\u0105zku wojskowego, aby mogli zbudowa\u0107 mur obronny miasta. Granice \u015bciany zosta\u0142y oznaczone.<br \/>\nTen mur obronny otacza\u0142 ca\u0142e stare miasto. \u0179r\u00f3d\u0142a historyczne podaj\u0105, \u017ce jego d\u0142ugo\u015b\u0107 wynosi oko\u0142o 3 km, do 2 m grubo\u015bci, zajmuj\u0105c 100 ha obszaru miejskiego. W 1648 r. Sporz\u0105dzono plan, z kt\u00f3rego w murze miejskim znajdowa\u0142o si\u0119 dziesi\u0119\u0107 bram. Ponadto nadal znane s\u0105 dwie wie\u017ce obronne. Nazywano ich Okr\u0105g\u0142a i Zbawiciel.<\/p>\n<h3><span style=\"color: #993300;\">Ostra Brama<\/span><\/h3>\n<p style=\"text-align: justify;\">Najwa\u017cniejsz\u0105 bram\u0105 muru obronnego Wilna by\u0142y Rudniki, zwane tak\u017ce Kr\u00f3lewsk\u0105. T\u0105 bram\u0105 przybywali na Litw\u0119 w\u0142adcy, s\u0142awni biskupi i inni szlachetni go\u015bcie. Tu\u017c za t\u0105 bram\u0105 zacz\u0119\u0142a si\u0119 droga do Krakowa, czyli Zach\u00f3d. Inna po wa\u017cno\u015bci brama \u015awitu, lub inaczej Miednicka, poniewa\u017c ta brama \u0142\u0105czy\u0142a miasto z g\u0142\u00f3wn\u0105 drog\u0105 na wsch\u00f3d. Ostra Brama sta\u0142a w po\u0142udniowej cz\u0119\u015bci wile\u0144skiej Star\u00f3wki. Ta cz\u0119\u015b\u0107 nazywa\u0142a si\u0119 Ostry Koniec. St\u0105d przysz\u0142a kolejna s\u0142owia\u0144ska nazwa, kt\u00f3ra p\u00f3\u017aniej zosta\u0142a wymieniona w metryce litewskiej. Nazwa bramy nie by\u0142a zwi\u0105zana z drog\u0105 prowadz\u0105c\u0105 na wsch\u00f3d. W \u017ar\u00f3d\u0142ach historycznych wspomina si\u0119 r\u00f3wnie\u017c, \u017ce Ostra Brama zosta\u0142a tak nazwana ze wzgl\u0119du na specyficzne formy architektury gotyckiej, a tak\u017ce na \u017celazne pr\u0119ty opuszczone w d\u00f3\u0142. Wrota te by\u0142y kolczaste, zamykane na noc. Brama broni\u0142a miasta i strzeg\u0142a jego pokoju.<br \/>\nObecnie Ostra Brama to jedyna brama muru obronnego miasta, kt\u00f3ra przetrwa\u0142y do dzi\u015b. Zosta\u0142a zbudowana w latach 1503-1514. Plan bramy ma prawie kwadratowy kszta\u0142t, grubo\u015b\u0107 po\u0142udniowej \u015bciany wynosi 2,6 m, a grubo\u015b\u0107 pozosta\u0142ych \u015bcian wynosi 2 m. \u015aciany s\u0105 gotyckie do g\u00f3rnych otwor\u00f3w, a renesansowe powy\u017cej. Brama ma trzy pi\u0119tra. Na \u015bcianach drugiego i trzeciego pi\u0119tra dawne otwory strzelnicze pozosta\u0142y do dzi\u015b. Najstarsze znalezione \u017ar\u00f3d\u0142a z po\u0142owy XVI wieku obrazy i plany nie dostarczaj\u0105 informacji o autentycznym wygl\u0105dzie bramy z tamtych czas\u00f3w. Plan Wilna, przedstawiony w \u201eKsi\u0105\u017cce miasta\u201c 1581 r. Tutaj brama jest narysowana od g\u00f3rnej strony, maj\u0105 spiczasty \u0142uk, jak\u0105\u015b bardzo dziwn\u0105 kopu\u0142\u0119. Przy bramie znajduje si\u0119 napis \u201eDie Deutsche Dor\u201d. Historycy tego obrazu nadpisu jeszcze nie zgadn\u0119li.<br \/>\nOstra Brama zyska\u0142a charakterystyczny wygl\u0105d oko\u0142o 1600 roku. Wiadomo, \u017ce w 1610 r. wybuch\u0142 du\u017cy po\u017car, kt\u00f3ry zniszczy\u0142 budynki miasta Wilna. Wiele budynk\u00f3w zosta\u0142o p\u00f3\u017aniej odbudowanych, podczas rekonstrukcji wiele budynk\u00f3w architektonicznych tamtych czas\u00f3w mia\u0142o cechy p\u00f3\u017anego renesansu, by\u0142y one tynkowane, a niekt\u00f3re elementy dekoracyjne w stylu renesansowym by\u0142y widoczne na zewn\u0105trz. Od czas\u00f3w staro\u017cytnych Ostra Brama jest dekorowana poddaszem, z\u0142o\u017conym z ciekawych element\u00f3w architektonicznych, motyw\u00f3w i s\u0142ynnych gryf\u00f3w wspieraj\u0105cych styl manier holenderskich. Poddasze te oddziela si\u0119 gzymsem od g\u0142\u00f3wnego korpusu bramy, pod kt\u00f3rym znajduje si\u0119 g\u0142owa Hermisa.<br \/>\nChocia\u017c te s\u0142ynne bramy by\u0142y bardzo udekorowane i indywidualnie urz\u0105dzone, nie straci\u0142y swojej g\u0142\u00f3wnej funkcji obronnej w XVII wieku. Nowe fortyfikacje zosta\u0142y wykonane przed 1648 r. po drugiej stronie przedmie\u015bcia. Istnieje hipoteza, \u017ce ich g\u0142\u00f3wnym celem by\u0142o dostarczanie wody pitnej mieszka\u0144com miast.<br \/>\nW przesz\u0142o\u015bci brama miasta by\u0142a dekorowana i ozdobiona r\u00f3\u017cnymi obrazami i freskami. W 1932 r. przeprowadzono napraw\u0119, w kt\u00f3rej po zewn\u0119trznej stronie bramy znaleziono cz\u0119\u015bci freski . W tym roku nie przeprowadzono \u017cadnych bada\u0144, \u015bciany bram zosta\u0142y odnowione, ponowione, wyt\u0142oczono herb Polski &#8211; Orze\u0142. Wiadomo, \u017ce w 1976 roku s\u0142ynny konserwator Leszek Krzemi\u0144skis, bada\u0142 zewn\u0119trzn\u0105 \u015bcian\u0119 tej bramy, odnalaz\u0142 namalowany obraz Chrystusa Zbawiciela. Wed\u0142ug I.Juczieni i W.Levandowskiego, ksi\u0105\u017cki \u201eWile\u0144ski mur obronny\u201d (Wilno, 1979), dat\u0105 tego obrazu jest XVI wiek. Poniewa\u017c freska by\u0142a nieodnowiona, na niej umieszczono specjalnie wykonan\u0105 p\u0142yt\u0119 i dekoracyjny metalowy krzy\u017cyk. Te badania i odkrycia wykaza\u0142y, \u017ce Ostra Bram naprawd\u0119 by\u0142a udekorowana obrazami o tre\u015bci religijnych. W Litewskim Muzeum Sztuki obecnie jest obraz XVIII-wiecznego Zbawiciela. Jest malowany na drewnianych deskach. Do 1844 r. By\u0142 przetrzymywany w klasztorze karmelit\u00f3w.<br \/>\nIstnieje hipoteza, \u017ce obraz tego Zbawiciela jest kopi\u0105 poprzedniego, bardzo podobnego obrazu , kt\u00f3ry by\u0142 na bramie. Tymczasem mo\u017cna powiedzie\u0107, \u017ce przed przybyciem wspomnianych wy\u017cej karmelit\u00f3w Ostra Brama odegra\u0142a bardzo wa\u017cn\u0105 rol\u0119 w \u017cyciu religijnym obywateli.<\/p>\n<h3><span style=\"color: #993300;\">Kaplica<\/span><\/h3>\n<p style=\"text-align: justify;\">Do 1626 r. kiedy w Wilnie nie by\u0142o karmelit\u00f3w, nie by\u0142o kaplic w Ostrej Bramie. W najstarszych \u017ar\u00f3d\u0142ach historycznych zauwa\u017cono, \u017ce obraz Matki Boskiej zosta\u0142 umieszczony w p\u00f3\u0142nocnej cz\u0119\u015bci bramy, w szczeg\u00f3lnym miejscu by\u0142 chroniony przez specjalne drewniane drzwi. Pobo\u017cni mieszka\u0144cy miasta byli w stanie dotrze\u0107 do obrazu drewnianymi schodami. Dopiero w 1672 r. drewniana drewniana kaplica dobudowana do bramy od strony miasta. By\u0142a ozdobiona obrazami i r\u00f3\u017cnymi napisami. P\u00f3\u017aniej ta kaplica sp\u0142on\u0119\u0142a. W 1715 r. Zbudowano ca\u0142kowicie now\u0105 neoklasyczn\u0105 kamienn\u0105 kaplic\u0119. Na ni\u017cszym pi\u0119trze by\u0142o przej\u015bcie i trzy przeszklone \u0142uki na szczycie. Kiedy okno \u0142uku zosta\u0142o otwarte, wszyscy okoliczni mieszka\u0144cy mogli zobaczy\u0107 obraz Matki Bo\u017cej. Wierzono, \u017ce obraz Matki Bo\u017cej czyni cuda. P\u00f3\u017aniej ten obraz zosta\u0142 podniesiony nad przej\u015bciem. Zosta\u0142 umieszczony w \u0142uku triumfu. W j\u0119zyku \u0142aci\u0144skim napis pojawi\u0142 si\u0119 po 1864 roku. W 1933 r. Napis zast\u0105piono polskim, kt\u00f3ry powr\u00f3ci\u0142 do \u0142aciny po II wojnie \u015bwiatowej.<br \/>\nWn\u0119trze nowo wybudowanej ceglanej kaplicy nie by\u0142o odnawiane od dawna z powodu braku pieni\u0119dzy. W tym roku w Wilnie by\u0142o wiele r\u00f3\u017cnych katastrof, k\u0142opot\u00f3w i po\u017car\u00f3w. Dopiero w 1787 r. wewn\u0119trzna strona kaplicy zosta\u0142a ozdobiona kamiennym o\u0142tarzem. Rze\u017aby rodzic\u00f3w Maryi zosta\u0142y zbudowane na o\u0142tarzu Ostrej Bramy.<\/p>\n<h3><span style=\"color: #993300;\">Obraz<\/span><\/h3>\n<p style=\"text-align: justify;\">Obraz Ostrej Bramy i Matki Mi\u0142osierdzia Naj\u015bwi\u0119tszej Maryi Panny jest jednym z najbardziej znanych na Litwie. Istnieje wiele r\u00f3\u017cnych legend na ten temat. Przeprowadzone badania pomog\u0142y wyja\u015bni\u0107 prawdziwe dane na temat Maryji Ostro Bramskiej. Obraz jest malowany na deskach d\u0119bowych, a jego technika malowania nie jest ikon\u0105, jak wcze\u015bniej s\u0105dzono. By\u0107 mo\u017ce obraz zosta\u0142 przywieziony z Holandii lub namalowany w Wilnie. Obraz Matki Bo\u017cej przedstawia jej pos\u0142usznie opuszczon\u0105 g\u0142ow\u0119 i skrzy\u017cowane r\u0119ce. Wcze\u015bniej obraz ten wisia\u0142 razem z obrazem Chrystusa Zbawiciela. Oba te obrazy idealnie pasowa\u0142y do przedstawienia modlitewnego prawos\u0142awnych. W sztuce zachodnioeuropejskiej ten temat bardzo si\u0119 zmieni\u0142. W p\u00f3\u017aniejszych latach przedstawiano Maryj\u0119, kt\u00f3ra zwraca si\u0119 do Pana, Wszechmog\u0105cego Chrystusa. Postacie zosta\u0142y przedstawione do po\u0142owy, Chrystus zosta\u0142 przedstawiony trzymaj\u0105cy \u015bwiat na kolanach, a Maryja zwykle z\u0142o\u017cywszy r\u0119ce lub skrzy\u017cowawszy na piersi i opu\u015bciwszy oczy. By\u0142o wiele r\u00f3\u017cnych obraz\u00f3w stworzonych przez malarzy i grafik\u00f3w. Chrystus zawsze by\u0142 przedstawiany w ca\u0142ej swej wielko\u015bci, a Maryja jest najcz\u0119\u015bciej zamy\u015blona, ze smutnym wyrazem twarzy. Wierzono, \u017ce Maryja by\u0142a zaanga\u017cowana nie tylko w cierpienie swego syna, ale tak\u017ce w rol\u0119 Odkupiciela ludzko\u015bci, a tym samym wzmocni\u0142a rol\u0119 i znaczenie Maryi w poszukiwaniu Bo\u017cej \u0142aski. Oczekiwano przebaczenia grzech\u00f3w.<br \/>\nW ten spos\u00f3b kult Matki Bo\u017cej zosta\u0142 odzwierciedlony w obrazie Matki Boskiej Ostro Bramskiej. Po raz pierwszy w ksi\u0105\u017ckach napisanych przez klasztor karmelit\u00f3w obraz jest wspomniany w 1671 roku. Kiedy zbudowano drewnian\u0105 kaplic\u0119, odby\u0142a si\u0119 bardzo uroczysta ceremonia, podczas kt\u00f3rej ten obraz zosta\u0142 umieszczony w tym miejscu i uhonorowany przez wszystkich mieszka\u0144c\u00f3w miasta. Dolna korona na g\u0142owie Maryi zosta\u0142a wykonana oko\u0142o 1700 roku, a g\u00f3rna korona w 1750 roku. Ni\u017csza korona na g\u0142owie jest typu kr\u00f3lewskiej korony, a g\u00f3rna korona jest typu ksi\u0119cia. Te dwie r\u00f3\u017cne korony s\u0142ynnego obrazu przedstawi\u0142y p\u00f3\u017aniej hipotez\u0119 dla niekt\u00f3rych historyk\u00f3w i twierdz\u0105, \u017ce wspomniane wcze\u015bniej Maryja Ostro Bramska by\u0142a czczona jako Kr\u00f3lowa Polski i Wielka Ksi\u0105\u017cniczka Litwy. Takie twierdzenia by\u0142y ca\u0142kowicie bezpodstawne, nie udowodnione i zerwane z palca. Te domys\u0142y wzros\u0142y po koronacji obrazu w 1927 roku. Podczas tej koronacji by\u0142y wielkie polskie manifestacje. Wiadomo, \u017ce arcybiskup Wilna poprosi\u0142 nawet papie\u017ca o pozwolenie na nadanie tytu\u0142u Kr\u00f3lowej Polski Ostrej Bramie, ale otrzyma\u0142 odmow\u0119. Istniej\u0105 dowody w \u017ar\u00f3d\u0142ach historycznych, \u017ce polskie spo\u0142ecze\u0144stwo w Wilnie posiada\u0142o s\u0142ynn\u0105 Matk\u0119 Bo\u017c\u0105 w Ostrej Bramie.<br \/>\nMo\u017cna stwierdzi\u0107, \u017ce Ostra Brama przez ca\u0142y czas by\u0142a bardzo szanowanym miejscem, sanktuarium wszystkich katolik\u00f3w. P\u00f3\u017aniej polscy historycy zwr\u00f3cili uwag\u0119 na fakt, \u017ce podczas tego zwie\u0144czenia tego obrazu by\u0142o bardzo wiele demonstracji politycznych. Te polityczne demonstracje naprawd\u0119 obrazi\u0142y litewskie uczucia patriotyczne i przekonania religijne.<br \/>\nPo raz pierwszy w 1927 roku obraz zosta\u0142 zbadany przez naukowc\u00f3w i historyk\u00f3w. Na te badania uzyskano zgod\u0119 papie\u017ca. Inskrypcje historyk\u00f3w, kt\u00f3rzy przeprowadzili te badania, po prostu znikn\u0119\u0142y bez \u015bladu. Po raz drugi w 1993 r. przeprowadzono szczeg\u00f3\u0142owe badanie obraz\u00f3w przez naukowc\u00f3w i historyk\u00f3w. W trakcie tych bada\u0144 odkryto nowe dane na temat s\u0142ynnego obrazu Maryi, a mianowicie dok\u0142adne parametry obrazu, jego wielko\u015b\u0107, a tak\u017ce fakt, \u017ce s\u0142ynny obraz zosta\u0142 namalowany farb\u0105 olejn\u0105 na o\u015bmiu masywnych deskach d\u0119bowych. Okre\u015blono tak\u017ce dat\u0119 malowania. Nie ma w\u0105tpliwo\u015bci, \u017ce jest to naprawd\u0119 bardzo utalentowana praca malarza, prawdopodobnie stworzona specjalnie dla tej bramy. Matka Boska Matk\u0119 Mi\u0142osierdzia przy Ostrej Bramie jest obserwowana przez jej wewn\u0119trzn\u0105 koncentracj\u0119. Pojawi\u0142a si\u0119 razem w klasztorze karmelit\u00f3w. Obraz ten sta\u0142 si\u0119 s\u0142awny i s\u0142yn\u0105\u0142 z dzie\u0142 i dzia\u0142alno\u015bci karmelit\u00f3w, poniewa\u017c strzegli go i troszczyli si\u0119 o niego. Ko\u015bci\u00f3\u0142 i klasztor przetrwa\u0142y do dnia dzisiejszego i nadal tam s\u0105.<br \/>\nTen tekst nie jest naukowy ani formalna interpretacja historii, do traktowania. Dlatego b\u0119dziemy wdzi\u0119czni za dodanie, ulepszenie lub skomentowanie tego tekstu.<\/p>\n","protected":false},"excerpt":{"rendered":"<p>Ostra Brama &#8211; tutaj rozpoczyna si\u0119 znajomo\u015b\u0107 Polak\u00f3w z Wilnem Ostra Brama to miejsce, w kt\u00f3rym serca Litwin\u00f3w i Polak\u00f3w bij\u0105 rytm nadziei, chrze\u015bcija\u0144skiej tolerancji i wiary. Ostra Brama to obficie odwiedzane miejsce turyst\u00f3w, zw\u0142aszcza turyst\u00f3w z Polski, jedno z najwa\u017cniejszych i najbardziej popularnych budynk\u00f3w kultury, religii i historii Wilna. W Ostrej Bramie jest obraz<\/p>\n","protected":false},"author":1,"featured_media":0,"parent":0,"menu_order":0,"comment_status":"closed","ping_status":"closed","template":"","meta":[],"_links":{"self":[{"href":"https:\/\/kibinaivilniuje.lt\/pl\/wp-json\/wp\/v2\/pages\/61"}],"collection":[{"href":"https:\/\/kibinaivilniuje.lt\/pl\/wp-json\/wp\/v2\/pages"}],"about":[{"href":"https:\/\/kibinaivilniuje.lt\/pl\/wp-json\/wp\/v2\/types\/page"}],"author":[{"embeddable":true,"href":"https:\/\/kibinaivilniuje.lt\/pl\/wp-json\/wp\/v2\/users\/1"}],"replies":[{"embeddable":true,"href":"https:\/\/kibinaivilniuje.lt\/pl\/wp-json\/wp\/v2\/comments?post=61"}],"version-history":[{"count":9,"href":"https:\/\/kibinaivilniuje.lt\/pl\/wp-json\/wp\/v2\/pages\/61\/revisions"}],"predecessor-version":[{"id":352,"href":"https:\/\/kibinaivilniuje.lt\/pl\/wp-json\/wp\/v2\/pages\/61\/revisions\/352"}],"wp:attachment":[{"href":"https:\/\/kibinaivilniuje.lt\/pl\/wp-json\/wp\/v2\/media?parent=61"}],"curies":[{"name":"wp","href":"https:\/\/api.w.org\/{rel}","templated":true}]}}