{"id":58,"date":"2019-04-22T10:06:14","date_gmt":"2019-04-22T12:06:14","guid":{"rendered":"http:\/\/kibinaivilniuje.lt\/pl\/?page_id=58"},"modified":"2021-01-14T19:15:54","modified_gmt":"2021-01-14T21:15:54","slug":"wilno-zamek-giedimina","status":"publish","type":"page","link":"https:\/\/kibinaivilniuje.lt\/pl\/wilno-zamek-giedimina\/","title":{"rendered":"WILNO. ZAMEK GIEDYMINA."},"content":{"rendered":"<p style=\"text-align: justify;\">Ksi\u0105\u017c\u0119 Giedymin zbudowa\u0142 zamek na wysokim wzg\u00f3rzu i za\u0142o\u017cy\u0142 Wilno.<br \/>\nHistoria zamku Giedymina<\/p>\n<p><img decoding=\"async\" loading=\"lazy\" class=\"aligncenter size-full wp-image-59\" src=\"http:\/\/kibinaivilniuje.lt\/pl\/wp-content\/uploads\/sites\/4\/2019\/04\/newsf9zdeh.jpg\" alt=\"\" width=\"590\" height=\"393\" srcset=\"https:\/\/kibinaivilniuje.lt\/pl\/wp-content\/uploads\/sites\/4\/2019\/04\/newsf9zdeh.jpg 590w, https:\/\/kibinaivilniuje.lt\/pl\/wp-content\/uploads\/sites\/4\/2019\/04\/newsf9zdeh-300x200.jpg 300w\" sizes=\"(max-width: 590px) 100vw, 590px\" \/><\/p>\n<p style=\"text-align: justify;\">Dzi\u015b Zamek Giedymina odwiedza wiele turyst\u00f3w i mieszka\u0144c\u00f3w miasta. To tak\u017ce jest symbolem litewskiej pa\u0144stwowo\u015bci. Wzg\u00f3rze zamkowe zawsze by\u0142o bardzo wygodnym miejscem do budowy osady dla ludzi. Przy wzg\u00f3rzu s\u0105 rzeki, co r\u00f3wnie\u017c idealne dla zamk\u00f3w. Badania archeolog\u00f3w i historyk\u00f3w pokazuj\u0105, \u017ce osada znajdowa\u0142a si\u0119 ju\u017c w czasach neolitu. Archeologiczne fragmenty budynk\u00f3w s\u0105 \u015bwiadectwem lokalizacji pierwszych ludzi w tym miejscu. Na tym wzg\u00f3rzu by\u0142y zbudowane drewniane i kamienne ogrody. P\u00f3\u017aniej zbudowano na nim drewniany zamek s\u0105dz\u0105c z danych archeologicznych. Tak rozpocz\u0119\u0142a si\u0119 nie tylko historia zamku na wzg\u00f3rzu, ale i historia odnalezienia si\u0119 miasta.<br \/>\nPierwsze wspomnienie o zamku wile\u0144skim w \u017ar\u00f3d\u0142ach historycznych pochodzi z 1323 roku. W umowie z Zakonem Krzy\u017cackim. W tym czasie w\u0142adc\u0105 by\u0142 wielki ksi\u0105\u017c\u0119 litewski Giedymin. Miasto Wilno by\u0142o ju\u017c dobrze znane jako stolica Wielkiego Ksi\u0119stwa Litewskiego, a wzg\u00f3rze Giedymina znane jako polityczne i kulturalne centrum Wielkiego Ksi\u0119stwa Litewskiego. Wyr\u00f3\u017cnione s\u0105 zamki G\u00f3rny, Dolny i Zakrzywiony. Zamek Giedymina uwa\u017cany by\u0142 za G\u00f3rny Zamek. G\u00f3rny zamek jest klasyfikowany jako rezerwat zamku. Jest to wa\u017cny zachowany do naszych dni pomnik w\u0142adzy wojskowej i politycznej. Pozosta\u0142e budynki wile\u0144skiego zamku g\u00f3rnego znajduj\u0105 si\u0119 w Wilnie, na terenie Wzg\u00f3rza Giedymina.<br \/>\nWed\u0142ug \u017ar\u00f3de\u0142 literackich jego d\u0142ugo\u015b\u0107 wynosi 110-120 m, szeroko\u015b\u0107 50-60 m. Wysoko\u015b\u0107 wzg\u00f3rza jest 47\u201348 m. Zbocza wzg\u00f3rza s\u0105 strome. Z tego powodu zamek ten jest idealny do obrony przed wrogami. Wed\u0142ug \u017ar\u00f3de\u0142 historycznych i archeologicznych G\u00f3rny Zamek zosta\u0142 zbudowany w ko\u0144cu XIII wieku na pocz\u0105tu XIV wieku. Litewski ksi\u0105\u017c\u0119 Giedymin rozkaza\u0142 otoczy\u0107 wzg\u00f3rze zamkowe ze wszystkich stron wod\u0105, a nast\u0119pnie nast\u0105pi\u0142a najintensywniejsza transformacja g\u00f3ry. Wykopano jam\u0119 i nape\u0142niono wod\u0119. W ten spos\u00f3b pojawi\u0142 si\u0119 r\u00f3w, kt\u00f3ry otacza\u0142 g\u00f3r\u0119 od wschodu.<br \/>\nP\u00f3\u017aniej w zamku wybuch\u0142 wielki po\u017car, podczas kt\u00f3rego sp\u0142on\u0105\u0142 drewniany zamek. Nast\u0119pnie rozpocz\u0119\u0142y si\u0119 prace renowacyjne. Twardsze materia\u0142y &#8211; kamienie i ceg\u0142y &#8211; zosta\u0142y u\u017cyte do odbudowy i renowacji. Kamienie nie by\u0142y z\u0142amane. Do zwi\u0105zania kamieni i cegie\u0142 zosta\u0142a przygotowana zaprawa wapienna.<br \/>\nNowo wybudowany zamek by\u0142 w stylu gotyckim, ceglany. Mia\u0142 trzy wie\u017ce, g\u0142\u00f3wny pa\u0142ac i pobliskie budynki gospodarcze. Zachodnia wie\u017ca, kt\u00f3ra przetrwa\u0142a do dzi\u015b, ma cztery pi\u0119tra. W dolnej cz\u0119\u015bci jest prostok\u0105tny, z o\u015bmioma rogami powy\u017cej. Wie\u017ca Zamku P\u00f3\u0142nocnego jest mniejsza. Jej przetrwa\u0142y tylko fragmenty. XVI wiek zamek by\u0142 wci\u0105\u017c przebudowywany, ale jego obraz nie zmieni\u0142 si\u0119 zbytnio.<br \/>\nWed\u0142ug \u017ar\u00f3de\u0142 historycznych mo\u017cna wywnioskowa\u0107, \u017ce w tamtym czasie mia\u0142a tylko dwie okr\u0105g\u0142e wie\u017ce z trzech pi\u0119ter. Wok\u00f3\u0142 niego zbudowano pa\u0142ac obronny i wykonano specjalne otwory do strzelania. XVII wiek G\u00f3rny zamek by\u0142 mocno pokruszony i bez dozoru. W zamku zosta\u0142o wykonane wi\u0119zienie dla szlachetnych. XVII-XVIII w. Podczas wojen z Rosj\u0105 zamek Giedymina zosta\u0142 powa\u017cnie zniszczony. Przez jaki\u015b czas nie by\u0142 odbudowywany.<br \/>\nIstnieje legenda o tym, jak zbudowano Zamek Giedymina. Pewnego dnia wielki ksi\u0105\u017c\u0119 litewski Giedymin wyjecha\u0142 na polowanie i spa\u0142 w dolinie Swintorog. Kiedy zasn\u0105\u0142, \u015bni\u0142o mu si\u0119, \u017ce na g\u00f3rze u zbiegu rzek Wilii i Wilny sta\u0142 pot\u0119\u017cny \u017celazny wilk i g\u0142o\u015bno wy\u0142. Kiedy wielki ksi\u0105\u017c\u0119 litewski, Gediminas, obudzi\u0142 si\u0119, zapyta\u0142 swego wieszcza, Lizdeike co mia\u0142 znaczy\u0107 ten sen. Lizdeika odpowiedzia\u0142a, \u017ce w miejscu, w kt\u00f3rym sta\u0142 wilk, powinno powsta\u0107 pi\u0119kne i dostojne miasto, a wiadomo\u015b\u0107 o nim rozprzestrzeni\u0142aby si\u0119 po ca\u0142ym \u015bwiecie.<br \/>\nZ biegiem czasu w\u0142adcy dynastii Giedymina zmienili si\u0119. G\u00f3rny zamek na wzg\u00f3rzu by\u0142 wa\u017cny nie tylko jako polityczne i kulturalne centrum Wielkiego Ksi\u0119stwa Litewskiego, ale wraz z zamkami Dolnym i Krzywym by\u0142 cz\u0119\u015bci\u0105 pot\u0119\u017cnego kompleksu specjalnie zbudowanego do obrony, kt\u00f3rego celem by\u0142a ochrona przed atakami krzy\u017cak\u00f3w. Kompleks ten z powodzeniem spe\u0142ni\u0142 swoj\u0105 funkcj\u0119 i przetrwa\u0142 w drugiej po\u0142owie XIV wieku ataki zakonu krzy\u017cackiego. P\u00f3\u017aniej w zamku wybuch\u0142 wielki po\u017car, kt\u00f3ry zniszczy\u0142 drewniany zamek.<br \/>\nNa pocz\u0105tku XV wieku gdy w\u0142adc\u0105 Litwy by\u0142 wielki ksi\u0105\u017c\u0119 Witold, wybudowano kolejny kamienny zamek. Jego fragmenty przetrwa\u0142y do naszych czas\u00f3w.<br \/>\nZ biegiem lat sytuacja w pa\u0144stwie uleg\u0142a zmianie. Z tego powodu zamek utraci\u0142 swoj\u0105 pierwotn\u0105 funkcj\u0119. By\u0142y po\u017cary i wojny, kt\u00f3re zniszczy\u0142y zamek. Po nich zamek nie by\u0142 odbudowany, wi\u0119c jego stan by\u0142 naprawd\u0119 tragiczny. 1610-1613 latach w piwnicach zamku znajdowa\u0142o si\u0119 wi\u0119zienie, w kt\u00f3rym przetrzymywano wi\u0119\u017ani\u00f3w w czasie wojny. G\u00f3rny zamek zosta\u0142 p\u00f3\u017aniej wykorzystany podczas wojny obronnej. Wiadomo, \u017ce armia moskiewska znajdowa\u0142a si\u0119 tam przez jaki\u015b czas podczas wojny. Nikt nie dopatrywa\u0142 zamku i nie dba\u0142 o nim, by\u0142 ca\u0142kowicie zaniedbany i zrujnowany.<br \/>\nP\u00f3\u017aniej w XIX wieku zamek zosta\u0142 ponownie wykorzystany do obrony. Rosyjski car kaza\u0142 zbudowa\u0107 twierdz\u0119. Rozpocz\u0119to odbudow\u0119 w ruinach G\u00f3rnego Zamku. Ruiny zamku g\u00f3rnego w po\u0142udniowej i p\u00f3\u0142nocnych wie\u017cach zosta\u0142y usuni\u0119te. Wykonano zachodnie i p\u00f3\u0142nocne restauracyje \u015bcian, odrestaurowane wzg\u00f3rze zamkowe. 1838 na wie\u017cy, od strony zachodniej zosta\u0142a wyposa\u017cona dwukondygnacyjna nadbudowa telegraficzna. 1896 Na wzg\u00f3rzu zamkowym wykonano now\u0105 drog\u0119, posadzono drzewa. P\u00f3\u017aniej zosta\u0142a zainstalowana kawiarnia na wie\u017cy. Kontynuowano prace rekonstrukcyjne.<br \/>\nWiadomo, \u017ce po 1918 roku Litwa przywr\u00f3ci\u0142a pa\u0144stwo, flaga Litwy zosta\u0142a podniesiona po raz pierwszy na wie\u017cy, ale na kr\u00f3tki czas. Polacy zaj\u0119li Wilno. Tylko w 1939 roku flaga litewska zosta\u0142a podniesiona ponownie na wie\u017cy zamku Giedymina. Podczas II wojny \u015bwiatowej zamek zosta\u0142 powa\u017cnie uszkodzony, a szceg\u00f3lnie zachodnia wie\u017ca zamku.<br \/>\nPo zako\u0144czeniu wojny wie\u017ca zamku Giedymina zosta\u0142a odrestaurowana. Litwa by\u0142a w\u00f3wczas okupowana przez Zwi\u0105zek Radziecki. 1960 bylo naprawione terytorium Wzg\u00f3rza Giedymina, usuni\u0119to ruiny, odnowiono wie\u017ce zamku i inne budynki. W jednej z wie\u017c zosta\u0142o otwarte muzeum . Od 1968 i teraz jest oddzia\u0142em Narodowego Litewskiego Muzeum . 1988 na wie\u017cy zamku Giedymina by\u0142a po raz kolejny zawieszona flaga. 1995 odnowiono wie\u017cy zamkowe, zako\u0144czono przebudow\u0119 zachodniej wie\u017cy zamku g\u00f3rnego, zainstalowano o\u015bwietlenie, zaprezentowano now\u0105 ekspozycj\u0119 dla publiki.<br \/>\nNa szczycie Wie\u017cy Zamkowej Giedymina wzniesiono miejsca obserwacji, z kt\u00f3rych mo\u017cna podziwia\u0107 wspania\u0142y widok na stolic\u0119 Litwy. Je\u015bli podejmiemy si\u0119 do tego wzg\u00f3rza, przejdziemy przez w\u0105skie schody wie\u017cy zamku Giedymina , b\u0119dzie okazj\u0105 do zapoznania si\u0119 z histori\u0105 naszego kraju, najwa\u017cniejszymi wydarzeniami, wyjazdami na Litw\u0119, histori\u0105 miasta, budow\u0105 zamk\u00f3w wile\u0144skich, staro\u017cytnymi narz\u0119dziami, broni\u0105 u\u017cywan\u0105 do obrony od wrog\u00f3w.<br \/>\nW dawnych czasach odbywa\u0142y si\u0119 zaci\u0119te walki z krzy\u017cakami, jedna i inna walcz\u0105ca strona robi\u0142y wiele strat wrogowi, podczas gdy Wzg\u00f3rze Giedymina pe\u0142ni\u0142o funkcj\u0119 obronn\u0105 podczas atak\u00f3w Krzy\u017cak\u00f3w i musia\u0142o wytrzyma\u0107 szereg atak\u00f3w. Du\u017ce wra\u017cenie zostawia wizyta w muzeum, poniewa\u017c mo\u017cna zobacze\u0107 wykopaliska archeologiczne, unikaln\u0105 bro\u0144, strza\u0142y z ko\u0144c\u00f3wk\u0105.<br \/>\nJe\u015bli udasz si\u0119 na Wie\u017c\u0119 Giedymina i zwiedzisz muzeum, zobaczysz naprawd\u0119 godne uwagi, interaktywne ekspozycje, b\u0119dziesz m\u00f3g\u0142 podziwia\u0107 wspania\u0142e widoki przez okna wie\u017cy zamku Giedymina, udasz si\u0119 do przesz\u0142o\u015bci. Muzeum oferuje mo\u017cliwo\u015b\u0107 obejrzenia Zamku Wile\u0144skiego i terytorium Zamku Giedymina w r\u00f3\u017cnych okresach historycznych, zobaczy\u0107 bro\u0144 u\u017cywan\u0105 przez Krzy\u017cak\u00f3w, zobaczyc, jak rozwija\u0142o si\u0119 miasto Wilno w renesansie, por\u00f3wna\u0107 widok g\u00f3rski w r\u00f3\u017cnych okresach historycznych, dowiedz si\u0119 wi\u0119cej o okresie, w kt\u00f3rym by\u0142o utracone znaczenie polityczne. Zamek mo\u017cna ogl\u0105da\u0107 nie z wie\u017cy Giedymina, ale z podn\u00f3\u017ca g\u00f3ry. Kiedy\u015b by\u0142a to twierdza wojskowa. Wed\u0142ug \u017ar\u00f3de\u0142 historycznych w latach 1863\u20131864 zosta\u0142y pochowane w niej uczestnicy powstania. Podczas ekspozycji muzeum daje mo\u017cliwo\u015b\u0107 zobaczenia, co ludzie widzieli przez okna wie\u017cy zamku Giedymina.<br \/>\nTen tekst nie jest naukowy ani formalna interpretacj\u0105 historii. Dlatego b\u0119dziemy wdzi\u0119czni za dodanie, ulepszenie lub skomentowanie tego tekstu.<\/p>\n","protected":false},"excerpt":{"rendered":"<p>Ksi\u0105\u017c\u0119 Giedymin zbudowa\u0142 zamek na wysokim wzg\u00f3rzu i za\u0142o\u017cy\u0142 Wilno. Historia zamku Giedymina Dzi\u015b Zamek Giedymina odwiedza wiele turyst\u00f3w i mieszka\u0144c\u00f3w miasta. To tak\u017ce jest symbolem litewskiej pa\u0144stwowo\u015bci. Wzg\u00f3rze zamkowe zawsze by\u0142o bardzo wygodnym miejscem do budowy osady dla ludzi. Przy wzg\u00f3rzu s\u0105 rzeki, co r\u00f3wnie\u017c idealne dla zamk\u00f3w. Badania archeolog\u00f3w i historyk\u00f3w pokazuj\u0105, \u017ce<\/p>\n","protected":false},"author":1,"featured_media":0,"parent":0,"menu_order":0,"comment_status":"closed","ping_status":"closed","template":"","meta":[],"_links":{"self":[{"href":"https:\/\/kibinaivilniuje.lt\/pl\/wp-json\/wp\/v2\/pages\/58"}],"collection":[{"href":"https:\/\/kibinaivilniuje.lt\/pl\/wp-json\/wp\/v2\/pages"}],"about":[{"href":"https:\/\/kibinaivilniuje.lt\/pl\/wp-json\/wp\/v2\/types\/page"}],"author":[{"embeddable":true,"href":"https:\/\/kibinaivilniuje.lt\/pl\/wp-json\/wp\/v2\/users\/1"}],"replies":[{"embeddable":true,"href":"https:\/\/kibinaivilniuje.lt\/pl\/wp-json\/wp\/v2\/comments?post=58"}],"version-history":[{"count":4,"href":"https:\/\/kibinaivilniuje.lt\/pl\/wp-json\/wp\/v2\/pages\/58\/revisions"}],"predecessor-version":[{"id":344,"href":"https:\/\/kibinaivilniuje.lt\/pl\/wp-json\/wp\/v2\/pages\/58\/revisions\/344"}],"wp:attachment":[{"href":"https:\/\/kibinaivilniuje.lt\/pl\/wp-json\/wp\/v2\/media?parent=58"}],"curies":[{"name":"wp","href":"https:\/\/api.w.org\/{rel}","templated":true}]}}