{"id":50,"date":"2019-04-22T10:01:58","date_gmt":"2019-04-22T12:01:58","guid":{"rendered":"http:\/\/kibinaivilniuje.lt\/pl\/?page_id=50"},"modified":"2021-01-18T12:03:40","modified_gmt":"2021-01-18T14:03:40","slug":"troki-zamek-na-wyspie-trockiej","status":"publish","type":"page","link":"https:\/\/kibinaivilniuje.lt\/pl\/troki-zamek-na-wyspie-trockiej\/","title":{"rendered":"TROKI. ZAMEK NA WYSPIE TROCKIEJ"},"content":{"rendered":"<p style=\"text-align: justify;\">Troki to miasto jezior, dawnej stolicy Wielkiego Ksi\u0119stwa Litewskiego, po\u0142o\u017cone tu\u017c przy Wilnie<\/p>\n<p style=\"text-align: justify;\"><img decoding=\"async\" loading=\"lazy\" class=\"aligncenter size-full wp-image-1789\" src=\"http:\/\/kibinaitrakuose.lt\/wp-content\/uploads\/2019\/10\/kibinai_vilniuje_skaniausi_pristatymas1.jpg\" alt=\"\" width=\"1191\" height=\"893\" \/><br \/>\nTroki i Wilno to miasta, kt\u00f3re jednocz\u0105 narody litewskie i polskie. To s\u0105 miasta wielkiej historii obu narod\u00f3w.<br \/>\nTroki przyci\u0105gaj\u0105 turyst\u00f3w z ca\u0142ego \u015bwiata. Troki s\u0105 jednym z najcz\u0119\u015bciej odwiedzanych miejsc turystycznych na Litwie. To miasto zajmuje wa\u017cne miejsce na mapie turystyki litewskiej.<br \/>\nTroki to litewska wizyt\u00f3wka, poniewa\u017c naprawd\u0119 jest tam co do zobaczenia. Wzrok turyst\u00f3w przci\u0105guje zamek na wyspie Troki, otoczony pot\u0119\u017cnymi murami, kt\u00f3rych funkcj\u0105 pocz\u0105tkowo by\u0142a ochrona, pi\u0119ne jeziora przy kt\u00f3rych mog\u017cna odpoczywa\u0107, staro\u017cytne domy i zabytki architektury, osiedla &#8211; wszystko, co warto zobaczy\u0107.<br \/>\nLegendy m\u00f3wi\u0105, \u017ce historia Trok rozpoczyna si\u0119 w Starych Trokach. Pocz\u0105tek by\u0142 w ma\u0142ej wiosce, kt\u00f3ra jest kilka kilometr\u00f3w od Nowych Trok. Legenda g\u0142osi, \u017ce Stare Troki za\u0142o\u017cy\u0142 Wielki Ksi\u0119\u0107 Litewski Giedymin. Sta\u0142o to si\u0119 na pocz\u0105tku XIV wieku.<br \/>\nTroki s\u0105 uwa\u017cane za \u201emiasto jezior\u201d. Historycznie stolica Litwy by\u0142a pierwotnie Trokami, dopiero w p\u00f3\u017aniejszych latach stolica zosta\u0142a przeniesiona do Wilna.<br \/>\nDum\u0105 miasta Troki jest zbudowany na wyspie zamek Trocki. Jest znany na ca\u0142ej Litwie i przyci\u0105ga nie tylko turyst\u00f3w, ale tak\u017ce obywateli z ca\u0142ej Litwy.<br \/>\nA czy wy wierzycie w legendy o Trokach? Istniej\u0105 legendy o powstaniu wyspy Troki. M\u00f3wi si\u0119, \u017ce ten s\u0142ynny zamek powsta\u0142 za kobiety. W starych Trokach mieszka\u0142 ksi\u0105\u017c\u0119 Kiejstut z \u017con\u0105. M\u00f3wi si\u0119, \u017ce za niej rozpocz\u0105\u0142 budow\u0119 zamku.<br \/>\nMiasto Troki zachwyca swoim pi\u0119knem, otoczonym jeziorami, przyrod\u0105 i lasami. Warto zauwa\u017cy\u0107, \u017ce powietrze w Trokach i okolicach jest bardzo czyste. Odwiedzaj\u0105cym to miasto warto odwiedzi\u0107 wzg\u00f3rza, lasy i jeziora. Na tym obszarze znajduje si\u0119 wiele zabytk\u00f3w architektury historycznej i kulturowej.<\/p>\n<h3><img decoding=\"async\" loading=\"lazy\" class=\"aligncenter size-full wp-image-2929\" src=\"http:\/\/kibinaitrakuose.lt\/wp-content\/uploads\/2021\/01\/aaaa.jpeg\" alt=\"\" width=\"1984\" height=\"1488\" \/><\/h3>\n<p style=\"text-align: justify;\">W Trokach jest du\u017co rozrywek. Zw\u0142aszcza ci, kt\u00f3rzy chc\u0105 zobaczy\u0107 ten zak\u0105tek, bywaj\u0105 latem. Odwiedzaj\u0105cych przyci\u0105ga przyroda, jeziora, mo\u017cliwo\u015b\u0107 aktywnie sp\u0119dzic wolny czas, zwiedzic parki w Trokach i szlaki poznawcze.<br \/>\nW Trokach znajduj\u0105 si\u0119 parki: Historyczny Park Narodowy w Trokach, za\u0142o\u017cony w 1991 roku i Wysokodworski Park Regionalny, za\u0142o\u017cony w 1992 roku. Celem za\u0142o\u017cenia tych park\u00f3w by\u0142o zachowanie prawdziwego \u015brodowiska naturalnego miasta Troki.<br \/>\nFunkcja pocz\u0105tkowo by\u0142a obronna, a po jej znikni\u0119ciu sta\u0142a si\u0119 rezydencj\u0105 wielkich ksi\u0105\u017c\u0105t litewskich. To u\u0142o\u017cy\u0142o si\u0119 historycznie. Ten zamek i inne zamki w Trokach przyci\u0105gaj\u0105 turyst\u00f3w swoj\u0105 staro\u017cytn\u0105 architektur\u0105. Krajobraz Trocki jest naprawd\u0119 cudowny, Troki to prawdziwy kurort z kusz\u0105cymi obiektami dziedzictwa kulturowego, pi\u0119kn\u0105 przyrod\u0105, czystym powietrzem, otwartym dla ka\u017cdego, kto chce si\u0119 nim cieszy\u0107.<br \/>\nZnajduj\u0105cy si\u0119 w Trokach zamek jest gotycki i atrakcyjny dla turyst\u00f3w. Jezioro Galwe otacza zamek. Ca\u0142y ten zamek znajduje si\u0119 w czystym obszarze rezerwatu hydrograficznego i historycznego jeziora Galwe oraz Zamku Trockiego i P\u00f3\u0142wyspu Trockiego, jest podzielony na dwie cz\u0119\u015bci: reprezentacyjn\u0105 cz\u0119\u015b\u0107 p\u00f3\u0142nocno-wschodni\u0105 i po\u0142udniow\u0105 cz\u0119\u015b\u0107 trapezowego kszta\u0142tu, zajmuje w przybli\u017ceniu 2,15 hektara obszaru wyspy i jest doskonale widoczny z brzegu jeziora Galwe od strony p\u00f3\u0142nocnej. Obie cz\u0119\u015bci otoczone s\u0105 specjalnie zbudowanymi murami obronnymi z du\u017cymi wie\u017cami. Do tego zamku prowadz\u0105 du\u017ce mosty. Mosty s\u0105 dwa. Znajduj\u0105 si\u0119 w po\u0142udniowej cz\u0119\u015bci wyspy. W\u015br\u00f3d tych dw\u00f3ch most\u00f3w znajduje si\u0119 wyspa Karaimska lub Krowowa. Wed\u0142ug \u017ar\u00f3de\u0142 historycznych ustalono, \u017ce zamek ten zosta\u0142 zbudowany z inicjatywy ksi\u0105\u017c\u0105t litewskich Kiejstuta i Witolda. Sta\u0142o si\u0119 to w XIV &#8211; XV wieku. W owym czasie zamek ten, podobnie jak inny zamek na P\u00f3\u0142wyspie Trociej by\u0142 rezydencj\u0105 ksi\u0105\u017c\u0105t WKL.<br \/>\nChocia\u017c w naszych czasach ten wspania\u0142y zamek znajduje si\u0119 na wyspie Galwe, jednak szczeg\u00f3\u0142owe badania historyk\u00f3w pokazuj\u0105, \u017ce w przesz\u0142o\u015bci istnia\u0142y trzy ma\u0142e wyspy. Wtedy budowa zamku nie by\u0142a rozpocz\u0119ta. Miejsce, w kt\u00f3rym obecnie znajduje si\u0119 ten s\u0142ynny zamek, by\u0142o bagnem. Wi\u0119c warunki naturalne by\u0142y naprawd\u0119 skomplikowane. Takie naturalne warunki wyja\u015bniaj\u0105 obecn\u0105 struktur\u0119 zamku.<br \/>\nNaukowcy uwa\u017caj\u0105, \u017ce ten zamek, znany na ca\u0142ej Litwie, zosta\u0142 zbudowany przez Kiejstuta. P\u00f3\u017aniej, w XV wieku. jego budow\u0119 uko\u0144czy\u0142 jego syn Witold. Podobnie jak inne zamki, zamek ten zosta\u0142 pierwotnie zbudowany w celu obronnym, przed wrogami. Ten zamek nigdy nie by\u0142 zaj\u0119ty wrogiem. Istnieje wiele legend o tym zamku.<\/p>\n<p style=\"text-align: justify;\">W jednej z legend m\u00f3wi si\u0119, \u017ce ten wspania\u0142y zamek na wyspie powsta\u0142 z powodu kaprysu kobiety. W dawnych czasach w Starych Trokach mieszka\u0142a \u017cona ksi\u0119cia Kiejstuta &#8211; Biruta. Birucie nie podoba\u0142o si\u0119, \u017ce w pobli\u017cu miejsca, w kt\u00f3rym mieszkali, by\u0142o bardzo ma\u0142o zbiornik\u00f3w wodnych. Poniewa\u017c by\u0142a z Po\u0142\u0105gi, du\u017co wody dla niej by\u0142o przyj\u0119te. Kiejstut bardzo kocha\u0142 swoj\u0105 \u017con\u0119 i chcia\u0142 j\u0105 ca\u0142kowicie zadowoli\u0107. W\u0142a\u015bnie wedle \u017cony w po\u0142owie XIV wieku postanowi\u0142 rozpocz\u0105\u0107 budow\u0119 nowego zamku na p\u00f3\u0142wyspie, kt\u00f3ry by\u0142by otoczony jeziorami ze wszystkich stron.<br \/>\nBudowa tego zamku by\u0142a w kilku etapach. W pierwszym etapie, budowa zamku odby\u0142a si\u0119 na najwi\u0119kszej z wysp (na p\u00f3\u0142nocnej wyspie). By\u0142o to w drugiej po\u0142owie XIV wieku.<br \/>\nW tym czasie w zamku wyr\u00f3\u017cniono dwa filary i rezydencj\u0119 wspania\u0142ego typu klasztornego z elementami roma\u0144skimi, kt\u00f3re by\u0142y cz\u0119\u015bciowo zamkni\u0119te. Ich fragmenty zosta\u0142y znalezione przez historyk\u00f3w w 1960 r. podczas wykopalisk archeologicznych. By\u0142o to po stronie po\u0142udniowej. Te zbudowane pa\u0142ace mia\u0142y polichromowan\u0105 dekoracj\u0119. Stwierdzono, \u017ce na pierwszym etapie budowy rozpocz\u0119to pewne prace w przedzamku. Jednak p\u00f3\u017aniej wybuch\u0142 du\u017cy po\u017car podczas napa\u015bcia na Nowe Troki i zamek zosta\u0142 powa\u017cnie uszkodzony przez po\u017car.<br \/>\nDrugi etap budowy nazywany jest gotyckim i rozpocz\u0105\u0142 si\u0119 dopiero po d\u0142ugim okresie czasu i zaj\u0105\u0142 du\u017co czasu. Jego pocz\u0105tek prawdopodobnie to koniec XIV wieku W tym czasie zgin\u0105\u0142 wielki ksi\u0105\u017c\u0119 litewski Kiejstut i odby\u0142a si\u0119 bezwzgl\u0119dna walka o tron. Prace kt\u00f3re rozpocz\u0105\u0142 K\u0119stut kontynowa\u0142 jego syn, wielki ksi\u0105\u017c\u0119 litewski Witold. By\u0142o to w 1403-1409. Postanowi\u0142 zmieni\u0107 plan zamku. Na miejscu dawnego pa\u0142acu zainstalowano dwa prostok\u0105tne, r\u00f3wnoleg\u0142e, dwukondygnacyjne skrzyd\u0142a wyposa\u017cone w piwnice i piec do ogrzewania wn\u0119trza. Zosta\u0142y one ograniczone \u015bcian\u0105 zbudowan\u0105 w p\u00f3\u0142nocno-wschodniej cz\u0119\u015bci i w po\u0142udniowo-zachodniej cz\u0119\u015bci ciemnica.<br \/>\nW ciemnicy by\u0142o wiele pi\u0119ter. Na parterze wybudowano specjalny wjazd, w kt\u00f3rym by\u0142 wyposa\u017con mostek windowy. Na drugim pi\u0119trze zbudowano pomieszczenie dla stra\u017cy bramnej. a na pi\u0105tym pi\u0119trze zbudowano kaplic\u0119. Na sz\u00f3stym pi\u0119trze zaprojektowano dziury do strzelania. W tym okresie wybudowano pa\u0142ac rezydencyjny. By\u0142 te\u017c dziedziniec i ciemnica. P\u00f3\u017aniej zbudowano solidne mury obronne, wykonano specjalny taras.<br \/>\nPo po\u0142udniowej stronie tarasu wykopano du\u017c\u0105 studni\u0119. Du\u017cy dziedziniec tego pa\u0142acu by\u0142 wy\u0142o\u017cony kamieniami. Do dziedzi\u0144ca mo\u017cna dosta\u0107 si\u0119 mostem windowym i przez bram\u0119. Brama ta znajdowa\u0142a si\u0119 na dole ciemnicy. Brama jest nadal w p\u00f3\u0142nocno-wschodniej \u015bcianie, przez kt\u00f3r\u0105 mo\u017cna by\u0142o dosta\u0107 si\u0119 na dziedziniec.<br \/>\nCa\u0142y dziedziniec jest wy\u0142o\u017cony kamieniami. Dla wygody powsta\u0142 system usuwania wody deszczowej. Dziedziniec pa\u0142acu by\u0142 dost\u0119pny z podw\u00f3rka. Wybudowano r\u00f3wnie\u017c poprzeczne \u015bciany. Wszystkie pod\u0142ogi i podziemne piwnice w tej \u015bcianie s\u0105 podzielone na oddzielne pokoje. Jedynym wyj\u0105tkiem jest cz\u0119\u015b\u0107 po\u0142udniowa. W tym miejscu na drugim pi\u0119trze zosta\u0142a zbudowana sala Wielkiego Ksi\u0119cia. Sklepienia na tych pi\u0119trach r\u00f3wnie\u017c si\u0119 r\u00f3\u017cni\u0105. Sklepienia w piwnicy by\u0142y cylindryczne.<br \/>\nPod\u0142ogi wewn\u0105trz by\u0142y wykonane z gliny, wy\u0142o\u017cone kafelkami. Piwnice mia\u0142y specjalne gliniane pokrycie. W pomieszczenia zainstalowano specjalny system ogrzewania. Drzwi i okna by\u0142y z cegie\u0142. Ceg\u0142y by\u0142y wyposa\u017cone w profilowan\u0105 lub schodkow\u0105 sekcj\u0119. Na oknach by\u0142y bardzo pi\u0119kne witra\u017ce. Ramy witra\u017c\u00f3w zosta\u0142y wykonane z o\u0142owiu.<br \/>\nPoniewa\u017c zamek ten by\u0142 pierwotnie zbudowany w celu obrony przed wrogami, zawiera\u0142 placy przeznaczone do strzelania kt\u00f3re by\u0142y rozmieszczone w poddaszach. Dachy by\u0142y czterostronne. S\u0105 pokryte kafelkami. Podczas wykopalisk archeologicznych odkryto fragmenty glazurowanych p\u0142ytek.<\/p>\n<h3><img decoding=\"async\" loading=\"lazy\" class=\"aligncenter size-full wp-image-2937\" src=\"http:\/\/kibinaitrakuose.lt\/wp-content\/uploads\/2021\/01\/4.jpeg\" alt=\"\" width=\"1984\" height=\"1488\" \/><\/h3>\n<p style=\"text-align: justify;\">Aby broni\u0107 si\u0119 przed wrogami, wok\u00f3\u0142 ca\u0142ego terytorium zbudowano pot\u0119\u017cny mur obronny. G\u0142\u00f3wnym materia\u0142em budowlanym zamku by\u0142 kamie\u0144. Jest to najwa\u017cniejszy materia\u0142 u\u017cywany do budowy, fundamenty i \u015bciany s\u0105 r\u00f3wnie\u017c wykonane z kamieni.<br \/>\nG\u00f3rne cz\u0119\u015bci \u015bcian, schody, k\u0105ty \u015bcian, dekoracja samych pokoi z gotyckiego muru, s\u0105 czerwonymi ceg\u0142ami. W po\u0142udniowej cz\u0119\u015bci budynku \u015bcian\u0119 zdobi specjalny napis z czarnych cegie\u0142. Widzimy wi\u0119c, \u017ce architektura zbudowanego zamku na tym etapie budowy uzyska\u0142a elementy stylu gotyckiego.<br \/>\nTrzeci etap budowy odby\u0142 si\u0119 w na pocz\u0105tku XV wieku. Na tym etapie wykonano brodawki. Papiel otoczony jest silnym murem obronnym. Mur obronny ma du\u017ce wie\u017ce. Obszar fortyfikacji zosta\u0142 podniesiony. W tym celu wy\u0142o\u017cono warstw\u0119 \u017cwiru. Wie\u017ce zbudowane w rogach by\u0142y okr\u0105g\u0142e. S\u0105 dla obrony.<\/p>\n<p style=\"text-align: justify;\">Wie\u017ce mia\u0142y cztery pi\u0119tra. Na pi\u0105tym pi\u0119trze znajduje si\u0119 galeria karabin\u00f3w. Wie\u017ce mog\u0142y pomie\u015bci\u0107 wiele armat. Wie\u017ce po\u0142\u0105czone s\u0105 pot\u0119\u017cnymi murami obronnymi. W kolejnych latach budowano ceglane kazamaty. S\u0105 one podzielone na zachodnie i wschodnie, kt\u00f3re zosta\u0142y zbudowane w p\u00f3\u017aniejszym okresie.<br \/>\nZachodnie kazamaty mia\u0142y dwa pi\u0119tra. Na ich ni\u017cszych pi\u0119trach przechowywano inwentarz. Na drugim pi\u0119trze znajdowali si\u0119 s\u0142u\u017c\u0105cy i kuchnia. W tym okresie poziom wody jeziora Galwe, kt\u00f3ry otacza wysp\u0119, by\u0142 wy\u017cszy ni\u017c w naszych czasach. Z tego powodu woda praktycznie dotar\u0142a do mur\u00f3w pot\u0119\u017cnego zamku. Zamek na wyspie Troki, dzie\u0142o fortyfikacyjne, budynki mieszkalne oddziela\u0142 kana\u0142, kt\u00f3rym tak\u017ce p\u0142yn\u0119\u0142a woda.<br \/>\nW p\u00f3\u017aniejszym okresie po bitwie pod Grunwaldem zamek na s\u0142ynnej wyspie Troki utraci\u0142 moc polityczn\u0105 i znaczenie obronne. Sta\u0142o si\u0119 tak, poniewa\u017c stolica Wielkiego Ksi\u0119stwa Litewskiego zosta\u0142a przeniesiona z Trok do Wilna.<br \/>\nZamek odzyska\u0142 pierwotn\u0105 funkcj\u0119, przez wielkiego ksi\u0119cia litewskiego Kiejstuta. Zamek s\u0142u\u017cy\u0142 jako rezydencja wielkiego ksi\u0119cia. By\u0142a bardzo dobrze utrzymana i pi\u0119knie urz\u0105dzona. Pokazuje to wykopaliska fragment\u00f3w dekoracji pa\u0142acu. Hol by\u0142 szczeg\u00f3lnie pi\u0119knie urz\u0105dzony. Na oknach wykonano witra\u017cy, wewn\u0119trzne \u015bciany sali ozdobiono specjaln\u0105 technik\u0105 \u201efresco secco\u201d. Obrazy wyra\u017anie przedstawiaja specyficzny spos\u00f3b sztuki i technik bizantyjskiej prowincjonalnej szko\u0142y malarstwa z XV wieku. Najwa\u017cniejsz\u0105 ide\u0105 malarstwa jest pochwa\u0142a Witolda, czczonego wielkiego ksi\u0119cia litewskiego i jego dworzanin. Pi\u0119knie zdobiono nie tylko wn\u0119trze zamku, ale tak\u017ce fasady pa\u0142acu zamkowego. Dostojny zamek, przez d\u0142ugi czas by\u0142 najpopularniejsz\u0105 rezydencj\u0105 wielkich w\u0142adc\u00f3w Wielkiego Ksi\u0119stwa Litewskiego i cz\u0142onk\u00f3w ich rodzin.<br \/>\nWed\u0142ug \u017ar\u00f3de\u0142 historycznych w XVI wieku zbudowany zamek sta\u0142 si\u0119 wi\u0119zieniem dla szlachetnych ludzi, poniewa\u017c trzyma\u0142 szlacht\u0119 schwytan\u0105 podczas wojny. Historycy zidentyfikowali kolejny bardzo wa\u017cny fakt historyczny, kt\u00f3ry odnosi si\u0119 do zamku na wyspie Troki. Wielki ksi\u0105\u017c\u0119 litewski Witold zmar\u0142 w tym zamku w 1430 roku.<br \/>\nWed\u0142ug \u017ar\u00f3de\u0142 historycznych, w 1430 roku 27 pa\u017adziernika Wielki Ksi\u0105\u017c\u0119 Litewski Witold zmar\u0142 w zamku. Nie otrzyma\u0142 kr\u00f3lewskiej korony. Niestety po jego \u015bmierci w ko\u0144cu XV wieku wszystko si\u0119 zmieni\u0142o, nikt nie dogl\u0105da\u0142 zamku, jak b\u0119d\u0105c ksi\u0119ciu, wi\u0119c zamek stopniowo znika\u0142. P\u00f3\u017aniej przetrzymywano tam moskiewskich wi\u0119\u017ani. Na pocz\u0105tku XVI wieku pr\u00f3bowano odbudowa\u0107. By\u0142o to pod przewodnictwem Wielkiego Ksi\u0119cia Litewskiego i kr\u00f3la Polski Zygmunta Augusta. Urz\u0105dzi\u0142 na zamku wspania\u0142\u0105 letni\u0105 rezydencj\u0119. W tym celu zamek zosta\u0142 przebudowany w stylu renesansowym. Wielki ksi\u0105\u017c\u0119 litewski wykorzysta\u0142 go na w\u0142asne potrzeby.<br \/>\n1962 Pa\u0142ac zamkowy, kt\u00f3ry przyci\u0105ga turyst\u00f3w, zosta\u0142 ca\u0142kowicie odrestaurowany i cz\u0119\u015bciowo odnowiony. Sam Zamek w Trokach zosta\u0142 przekazany dla Muzeum Historii Trok. Wi\u0119c budynki zamku w Trokach s\u0105 ogromne, a turyst\u00f3w kusi ich pi\u0119kno i wielko\u015b\u0107 w zespole architektonicznym. Jest to niew\u0105tpliwie arcydzie\u0142o architektury zbudowane dla \u015bredniowiecznej obrony na Litwie.<\/p>\n<h3><img decoding=\"async\" loading=\"lazy\" class=\"aligncenter size-full wp-image-2942\" src=\"http:\/\/kibinaitrakuose.lt\/wp-content\/uploads\/2021\/01\/6.jpeg\" alt=\"\" width=\"1488\" height=\"1984\" \/><\/h3>\n<p style=\"text-align: justify;\">Obecnie zamek ten jest jedn\u0105 z najpopularniejszych i najpi\u0119kniejszych atrakcji turystycznych na Litwie. Zamek ma pi\u0119kny drewniany most o d\u0142ugo\u015bci 300 m. Jeziora po\u0142\u0105czone s\u0105 specjalnymi kana\u0142ami. Ich pi\u0119kno jest niewypowiedziane. W zamku odbywaj\u0105 si\u0119 r\u00f3\u017cne uroczysto\u015bci, mo\u017cna zwiedza\u0107 ekspozycje. Obok zamku znajduje si\u0119 park.<br \/>\nRuiny zamku przez ca\u0142y czas przyci\u0105ga\u0142y uwag\u0119 turyst\u00f3w. 1822 Malarz W. Smakauski przyby\u0142 do Trok. Postanowi\u0142 narysowa\u0107 Zamek. Trzyna\u015bcie jego znanych rysunk\u00f3w przetrwa\u0142o do naszych czas\u00f3w. Jednym z tych rysunk\u00f3w jest og\u00f3lny widok zamku na wyspie Troki. Jedena\u015bcie ocala\u0142ych to fragmenty fresk\u00f3w w wielkim zdobieniem zamku w Trokach. Spektakularne widoki s\u0142ynnego zameku wykona\u0142 r\u00f3wnie\u017c inspektor miasta Troki I. Wr\u00f3blewski. W latach 1822-1823. i 1837 zosta\u0142y wykonane dla zamk\u00f3w wile\u0144skich. Te s\u0142ynne postacie historyczne nie tylko tworzy\u0142y obrazy, ale tak\u017ce zach\u0119ca\u0142y mieszka\u0144c\u00f3w Litwy do publicznego zachowania i piel\u0119gnowania kulturowych i historycznych zabytk\u00f3w ich narodu. S\u0142ynny malarz S. Worobjow przyjecha\u0142 r\u00f3wnie\u017c z Petersburga na Litw\u0119, aby narysowa\u0107 zamek Trocki. Oczywi\u015bcie, stan zamku w Trokach w tym roku by\u0142 bardzo krytyczny i pilnie potrzebowa\u0142 odbudowy. W 1888 roku przyszykowano pierwszy dokument, dotycz\u0105cy ochrony zamku, a nast\u0119pnie zosta\u0142y podj\u0119te inne dzia\u0142ania w celu ratowania zamku na wyspie Troki. Podczas dzia\u0142a\u0144 zebrano ofiary za odbudow\u0119 zamku i badania archeologiczne.<br \/>\nPodczas okupacji litewskiej specjali\u015bci z Niemiec przybyli do Trok. Prowadzili badania zamk\u00f3w i pisali artyku\u0142y naukowe na temat ich ochrony. Nast\u0119pnie wydano poczt\u00f3wki ze zdj\u0119ciami litewskich zamk\u00f3w. Podczas I wojny \u015bwiatowej zamek w Trokach zosta\u0142 zniszczony. Dopiero w 1926 r. zmierzono ruiny zamku na wyspie. W 1928 r. wykonano jej zdj\u0119cie geodezyjne. W latach 1929 &#8211; 1941 przeprowadzono prace rekonstrukcyjne i restauracyjne.<br \/>\nTen tekst nie jest naukowy ani formalna interpretacja historii do traktowania. Dlatego b\u0119dziemy wdzi\u0119czni za dodanie, ulepszenie lub skomentowanie tego tekstu.<\/p>\n","protected":false},"excerpt":{"rendered":"<p>Troki to miasto jezior, dawnej stolicy Wielkiego Ksi\u0119stwa Litewskiego, po\u0142o\u017cone tu\u017c przy Wilnie Troki i Wilno to miasta, kt\u00f3re jednocz\u0105 narody litewskie i polskie. To s\u0105 miasta wielkiej historii obu narod\u00f3w. Troki przyci\u0105gaj\u0105 turyst\u00f3w z ca\u0142ego \u015bwiata. Troki s\u0105 jednym z najcz\u0119\u015bciej odwiedzanych miejsc turystycznych na Litwie. To miasto zajmuje wa\u017cne miejsce na mapie turystyki<\/p>\n","protected":false},"author":1,"featured_media":0,"parent":0,"menu_order":0,"comment_status":"closed","ping_status":"closed","template":"","meta":[],"_links":{"self":[{"href":"https:\/\/kibinaivilniuje.lt\/pl\/wp-json\/wp\/v2\/pages\/50"}],"collection":[{"href":"https:\/\/kibinaivilniuje.lt\/pl\/wp-json\/wp\/v2\/pages"}],"about":[{"href":"https:\/\/kibinaivilniuje.lt\/pl\/wp-json\/wp\/v2\/types\/page"}],"author":[{"embeddable":true,"href":"https:\/\/kibinaivilniuje.lt\/pl\/wp-json\/wp\/v2\/users\/1"}],"replies":[{"embeddable":true,"href":"https:\/\/kibinaivilniuje.lt\/pl\/wp-json\/wp\/v2\/comments?post=50"}],"version-history":[{"count":17,"href":"https:\/\/kibinaivilniuje.lt\/pl\/wp-json\/wp\/v2\/pages\/50\/revisions"}],"predecessor-version":[{"id":379,"href":"https:\/\/kibinaivilniuje.lt\/pl\/wp-json\/wp\/v2\/pages\/50\/revisions\/379"}],"wp:attachment":[{"href":"https:\/\/kibinaivilniuje.lt\/pl\/wp-json\/wp\/v2\/media?parent=50"}],"curies":[{"name":"wp","href":"https:\/\/api.w.org\/{rel}","templated":true}]}}