{"id":38,"date":"2019-04-22T09:48:37","date_gmt":"2019-04-22T11:48:37","guid":{"rendered":"http:\/\/kibinaivilniuje.lt\/pl\/?page_id=38"},"modified":"2021-01-18T12:09:02","modified_gmt":"2021-01-18T14:09:02","slug":"upominki-prezenty-z-litwy","status":"publish","type":"page","link":"https:\/\/kibinaivilniuje.lt\/pl\/upominki-prezenty-z-litwy\/","title":{"rendered":"Upominki, prezenty z Litwy"},"content":{"rendered":"<p style=\"text-align: justify;\">Prawdziwe kibiny. Sala bankietowa. Sauna. Nocleg. Rozrywki.<br \/>\nOd\u017cywienie i nocleg w gospodarstwie.<br \/>\nPrzyjemna obs\u0142uga, nowoczesne standardy.<br \/>\nPodr\u00f3\u017c zaczyna si\u0119 od pachn\u0105cego kibina ju\u017c w Wilnie.<br \/>\nWspania\u0142y zapach wype\u0142ni Ciebie najwspanialszymi uczuciami i emocjami. Jeste\u015bmy pewni, \u017ce dop\u00f3ki tam dotrzesz, kibin\u00f3w nie zostanie. B\u0119dziesz je\u015b\u0107 i chwali\u0107. \ud83d\ude42<br \/>\nPrzy domku czeka na go\u015bci przyjemne powitanie i rozrywka.<br \/>\n\u015arednia cena wynosi 20-30 EUR za osob\u0119.<br \/>\nZastan\u00f3wmy si\u0119 m\u0105drze i uczciwie o bud\u017cecie, jaki mo\u017cna przeznaczy\u0107 na organizacj\u0119 uroczysto\u015bci.<br \/>\nZapytaj, napisz e-mail na info@kibinaivilniuje.lt lub telefonicznie +37069061010<\/p>\n<p style=\"text-align: justify;\">Zapraszamy firmy i inne osoby do zakupu niezapomnianych prezent\u00f3w o bajecznym smaku, aby da\u0107 rado\u015b\u0107, szczero\u015b\u0107 i smaczne chwile. Kupi\u0107 jest prosto i wygodnie, poniewa\u017c wydajemy PVM faktury, odk\u0142adamy odebranie zam\u00f3wienia, na przyk\u0142ad: zamawiasz przed \u015bwi\u0119tami Bo\u017cego Narodzenia i mo\u017cesz odebra\u0107 zam\u00f3wienie lub mo\u017cemy je dostarczy\u0107 po nowym roku. Mo\u017cesz zamowi\u0107 online lub telefonicznie.<\/p>\n<p style=\"text-align: justify;\">Zapytaj, napisz, zadzwo\u0144:<\/p>\n<p style=\"text-align: justify;\">\n<a href=\"http:\/\/www.trakukibinai.lt\">www.trakukibinai.lt<\/a><br \/>\n<a href=\"http:\/\/www.kibinaivilniuje.lt\">www.kibinaivilniuje.lt<\/a><br \/>\ninfo@kibinaitrakuose.lt<br \/>\ninfo@kibinaivilniuje.lt<br \/>\n+37069061010<\/p>\n","protected":false},"excerpt":{"rendered":"<p>Prawdziwe kibiny. Sala bankietowa. Sauna. Nocleg. Rozrywki. Od\u017cywienie i nocleg w gospodarstwie. Przyjemna obs\u0142uga, nowoczesne standardy. Podr\u00f3\u017c zaczyna si\u0119 od pachn\u0105cego kibina ju\u017c w Wilnie. Wspania\u0142y zapach wype\u0142ni Ciebie najwspanialszymi uczuciami i emocjami. Jeste\u015bmy pewni, \u017ce dop\u00f3ki tam dotrzesz, kibin\u00f3w nie zostanie. B\u0119dziesz je\u015b\u0107 i chwali\u0107. \ud83d\ude42 Przy domku czeka na go\u015bci przyjemne powitanie i<\/p>\n","protected":false},"author":1,"featured_media":0,"parent":0,"menu_order":0,"comment_status":"closed","ping_status":"closed","template":"","meta":[],"_links":{"self":[{"href":"https:\/\/kibinaivilniuje.lt\/pl\/wp-json\/wp\/v2\/pages\/38"}],"collection":[{"href":"https:\/\/kibinaivilniuje.lt\/pl\/wp-json\/wp\/v2\/pages"}],"about":[{"href":"https:\/\/kibinaivilniuje.lt\/pl\/wp-json\/wp\/v2\/types\/page"}],"author":[{"embeddable":true,"href":"https:\/\/kibinaivilniuje.lt\/pl\/wp-json\/wp\/v2\/users\/1"}],"replies":[{"embeddable":true,"href":"https:\/\/kibinaivilniuje.lt\/pl\/wp-json\/wp\/v2\/comments?post=38"}],"version-history":[{"count":4,"href":"https:\/\/kibinaivilniuje.lt\/pl\/wp-json\/wp\/v2\/pages\/38\/revisions"}],"predecessor-version":[{"id":386,"href":"https:\/\/kibinaivilniuje.lt\/pl\/wp-json\/wp\/v2\/pages\/38\/revisions\/386"}],"wp:attachment":[{"href":"https:\/\/kibinaivilniuje.lt\/pl\/wp-json\/wp\/v2\/media?parent=38"}],"curies":[{"name":"wp","href":"https:\/\/api.w.org\/{rel}","templated":true}]}}