{"id":32,"date":"2019-04-22T09:44:17","date_gmt":"2019-04-22T11:44:17","guid":{"rendered":"http:\/\/kibinaivilniuje.lt\/pl\/?page_id=32"},"modified":"2023-05-31T13:06:28","modified_gmt":"2023-05-31T15:06:28","slug":"wypoczynek-na-litwie","status":"publish","type":"page","link":"https:\/\/kibinaivilniuje.lt\/pl\/wypoczynek-na-litwie\/","title":{"rendered":"Wypoczynek na Litwie"},"content":{"rendered":"<p><strong>\u00a0<\/strong>Prawdziwe kibiny. Sala bankietowa. Sauna. Nocleg. Rozrywki.<br \/>\nOd\u017cywienie i nocleg w gospodarstwie.<br \/>\nPrzyjemna obs\u0142uga, nowoczesne standardy.<br \/>\nPodr\u00f3\u017c zaczyna si\u0119 od pachn\u0105cego kibina ju\u017c w Wilnie.<br \/>\nWspania\u0142y zapach wype\u0142ni Ciebie najwspanialszymi uczuciami i emocjami. Jeste\u015bmy pewni, \u017ce dop\u00f3ki tam dotrzesz, kibin\u00f3w nie zostanie. B\u0119dziesz je\u015b\u0107 i chwali\u0107. \ud83d\ude42<br \/>\nPrzy domku czeka na go\u015bci przyjemne powitanie i rozrywka.<br \/>\n\u015arednia cena wynosi 20-30 EUR za osob\u0119.<br \/>\nZastan\u00f3wmy si\u0119 m\u0105drze i uczciwie o bud\u017cecie, jaki mo\u017cna przeznaczy\u0107 na organizacj\u0119 uroczysto\u015bci.<br \/>\nZapytaj, napisz e-mail na info@kibinaivilniuje.lt lub telefonicznie +37069061010<\/p>\n<p style=\"text-align: justify;\"><strong><span style=\"color: #000000;\"><em><span style=\"color: #111111;\">\u00a0<a href=\"http:\/\/kibinaivilniuje.lt\/wp-content\/uploads\/2018\/04\/IMG_1181.jpg\"><img decoding=\"async\" loading=\"lazy\" class=\"aligncenter size-full wp-image-1986\" src=\"http:\/\/kibinaivilniuje.lt\/wp-content\/uploads\/2018\/04\/IMG_1181.jpg\" alt=\"IMG_1181\" width=\"1280\" height=\"853\" \/><\/a><\/span><\/em><\/span><\/strong><\/p>\n<p style=\"text-align: justify;\"><a href=\"http:\/\/kibinaivilniuje.lt\/wp-content\/uploads\/2018\/04\/DSC_8084_5_8_tonemapped.jpg\"><img decoding=\"async\" loading=\"lazy\" class=\"aligncenter size-full wp-image-1988\" src=\"http:\/\/kibinaivilniuje.lt\/wp-content\/uploads\/2018\/04\/DSC_8084_5_8_tonemapped.jpg\" alt=\"DSC_8084_5_8_tonemapped\" width=\"1024\" height=\"684\" \/><\/a><\/p>\n<p style=\"text-align: justify;\"><a href=\"http:\/\/kibinaivilniuje.lt\/wp-content\/uploads\/2018\/04\/DSC_8514.jpg\"><img decoding=\"async\" loading=\"lazy\" class=\"aligncenter size-full wp-image-1990\" src=\"http:\/\/kibinaivilniuje.lt\/wp-content\/uploads\/2018\/04\/DSC_8514.jpg\" alt=\"DSC_8514\" width=\"1080\" height=\"721\" \/><\/a><\/p>\n<p style=\"text-align: justify;\"><a href=\"http:\/\/kibinaivilniuje.lt\/wp-content\/uploads\/2018\/04\/DSC_8334.jpg\"><img decoding=\"async\" loading=\"lazy\" class=\"aligncenter size-full wp-image-1992\" src=\"http:\/\/kibinaivilniuje.lt\/wp-content\/uploads\/2018\/04\/DSC_8334.jpg\" alt=\"DSC_8334\" width=\"601\" height=\"900\" \/><\/a><\/p>\n<p style=\"text-align: justify;\"><a href=\"http:\/\/kibinaivilniuje.lt\/wp-content\/uploads\/2018\/04\/DSC0676.jpg\"><img decoding=\"async\" loading=\"lazy\" class=\"aligncenter size-full wp-image-1994\" src=\"http:\/\/kibinaivilniuje.lt\/wp-content\/uploads\/2018\/04\/DSC0676.jpg\" alt=\"DSC0676\" width=\"1200\" height=\"797\" \/><\/a><\/p>\n<h3><span style=\"color: #993300;\"><strong>\u00a0<\/strong>No.1 Kibin box plus i RESORT (10)<\/span><\/h3>\n<p>&#8211; 20 szt. kibin\u00f3w zwyk\u0142ej wielko\u015bci (z siekanym mi\u0119sem wieprzowym, twarogiem i szpinakiem, kapust\u0105, grzybami, wieprzowin\u0105 i kapust\u0105, wieprzowin\u0105 i grzybami, wieprzowin\u0105 i serem);<br \/>\n&#8211; 1 kg pieczonego chleba z prawdziwym czosnkiem;<br \/>\n&#8211; 1 kg domowych ciasteczek z nadzieniem twarogowym lub jab\u0142ka z cynamonem.<br \/>\n+ zakwaterowanie w Druskiennikach z pysznym \u015bniadaniem<br \/>\n(mo\u017cemy r\u00f3wnie\u017c zaoferowa\u0107 obiad, kolacj\u0119, sal\u0119 konferencyjn\u0105, saun\u0119, wann\u0119 z hydromasa\u017cem itp.)<br \/>\n<strong>Cena za wszystko:\u00a0<\/strong><br \/>\nZ tej oferty mo\u017ce skorzysta\u0107 maksymalnie 10 os\u00f3b.<br \/>\nZadzwo\u0144 \/ napisz \/ zapytaj:<br \/>\n+37069061010<br \/>\ne-mail poczt\u0105: info@kibinaitrakuose.lt<\/p>\n<h3><span style=\"color: #993300;\">Nr 2 Kibin box plus i RESORT (10)<\/span><\/h3>\n<p>&#8211; 20 szt. kibin\u00f3w zwyk\u0142ej wielko\u015bci (z siekanym mi\u0119sem wieprzowym, twarogiem i szpinakiem, kapust\u0105, grzybami, wieprzowin\u0105 i kapust\u0105, wieprzowin\u0105 i grzybami, wieprzowin\u0105 i serem);<br \/>\n&#8211; 1 kg pieczonego chleba z prawdziwym czosnkiem;<br \/>\n&#8211; 1 kg domowych ciasteczek z nadzieniem twarogowym lub jab\u0142ka z cynamonem.<br \/>\n+ zakwaterowanie w Druskiennikach z pysznym \u015bniadaniem i obiadem<br \/>\n(mo\u017cemy r\u00f3wnie\u017c zaoferowa\u0107 kolacj\u0119, sal\u0119 konferencyjn\u0105, saun\u0119, wann\u0119 z hydromasa\u017cem itp.)<br \/>\n<strong>Cena za wszystko:\u00a0<\/strong><br \/>\nZ tej oferty mo\u017ce skorzysta\u0107 maksymalnie 10 os\u00f3b.<\/p>\n<h3><span style=\"color: #993300;\">Nr 3 Kibin box plus i RESORT (10)<\/span><\/h3>\n<p>&#8211; 20 szt. kibin\u00f3w zwyk\u0142ej wielko\u015bci (z siekanym mi\u0119sem wieprzowym, twarogiem i szpinakiem, kapust\u0105, grzybami, wieprzowin\u0105 i kapust\u0105, wieprzowin\u0105 i grzybami, wieprzowin\u0105 i serem);<br \/>\n&#8211; 1 kg pieczonego chleba z prawdziwym czosnkiem;<br \/>\n&#8211; 1 kg domowych ciasteczek z nadzieniem twarogowym lub jab\u0142ka z cynamonem.<br \/>\n+ zakwaterowanie w Druskiennikach z pysznym \u015bniadaniem<br \/>\n+ uroczysta kolacja (ze sto\u0142em piwa-wina)<br \/>\n(mo\u017cemy r\u00f3wnie\u017c zaoferowa\u0107 obiad, sal\u0119 konferencyjn\u0105, saun\u0119, wann\u0119 z hydromasa\u017cem itp.)<br \/>\n<strong>Cena za wszystko:\u00a0<\/strong><br \/>\nZ tej oferty mo\u017ce skorzysta\u0107 maksymalnie 10 os\u00f3b.<\/p>\n<h3><span style=\"color: #993300;\">Nr 4 Kibin box plus i RESORT (10)<\/span><\/h3>\n<p>&#8211; 20 szt. kibin\u00f3w zwyk\u0142ej wielko\u015bci (z siekanym mi\u0119sem wieprzowym, twarogiem i szpinakiem, kapust\u0105, grzybami, wieprzowin\u0105 i kapust\u0105, wieprzowin\u0105 i grzybami, wieprzowin\u0105 i serem);<br \/>\n&#8211; 1 kg pieczonego chleba z prawdziwym czosnkiem;<br \/>\n&#8211; 1 kg domowych ciasteczek z nadzieniem twarogowym lub jab\u0142ka z cynamonem.<br \/>\n+ zakwaterowanie w Druskiennikach<br \/>\n+ siedzenie w sali (z w\u0142asnym posi\u0142kiem)<br \/>\n1 kg domowych ciasteczek z nadzieniem twarogowym lub jab\u0142ka z cynamonem.<br \/>\n<strong>Cena za wszystko:\u00a0<\/strong><br \/>\nZ tej oferty mo\u017ce skorzysta\u0107 maksymalnie 10 os\u00f3b.<br \/>\n+37069061010<br \/>\ne-mail poczt\u0105: info@kibinaitrakuose.lt<\/p>\n<h2><em><span style=\"color: #993300;\">INNE OFERTY<\/span><\/em><\/h2>\n<p><strong>Zadzwo\u0144 \/ napisz \/ zapytaj: +37069061010<\/strong><br \/>\n<strong>e-mail poczt\u0105: info@kibinaitrakuose.lt<\/strong><\/p>\n<h3><span style=\"color: #993300;\">KIBIN BOX PLUS i RESORT<\/span><\/h3>\n<p>do 20 os\u00f3b:<br \/>\n<strong>1. 515 EUR<\/strong><\/p>\n<p>Nocleg + zestaw kibin\u00f3w:<br \/>\n40 szt. kibin\u00f3w zwyk\u0142ej wielko\u015bci (z posiekanym mi\u0119sem wieprzowym, twarogiem i szpinakiem, kapust\u0105, grzybami, wieprzowin\u0105 i kapust\u0105, wieprzowin\u0105 i grzybami, wieprzowin\u0105 i serem)<br \/>\n2 kg pieczonego chleba<br \/>\n2 kg domowych ciasteczek z nadzieniem twarogowym lub jab\u0142ka z cynamonem.<br \/>\n<strong>2. 575 EUR<\/strong><\/p>\n<p>Nocleg + \u015bniadanie + zestawy kibin\u00f3w:<br \/>\n40 szt. kibin\u00f3w zwyk\u0142ej wielko\u015bci (z posiekanym mi\u0119sem wieprzowym, twarogiem i szpinakiem, kapust\u0105, grzybami, wieprzowin\u0105 i kapust\u0105, wieprzowin\u0105 i grzybami, wieprzowin\u0105 i serem)<br \/>\n2 kg pieczonego chleba<br \/>\n2 kg domowych ciasteczek z nadzieniem twarogowym lub jab\u0142ka z cynamonem.<\/p>\n<p><strong>3. 715 EUR<\/strong><\/p>\n<p>Nocleg + \u015bniadanie, obiad (zupa i drugi gor\u0105cy posi\u0142ek) + zestaw kibin\u00f3w:<br \/>\n20 szt. kibin\u00f3w zwyk\u0142ej wielko\u015bci (z posiekanym mi\u0119sem wieprzowym, twarogiem i szpinakiem, kapust\u0105, grzybami, wieprzowin\u0105 i kapust\u0105, wieprzowin\u0105 i grzybami, wieprzowin\u0105 i serem)<br \/>\n2 kg pieczonego chleba<br \/>\n2 kg domowych ciasteczek z nadzieniem twarogowym lub jab\u0142ka z cynamonem.<\/p>\n<p><strong>4. 615 EUR<\/strong><\/p>\n<p>Nocleg + posiedzenie w sali (bez posi\u0142ku) + zestaw kibin\u00f3w:<br \/>\n20 szt. kibin\u00f3w zwyk\u0142ej wielko\u015bci (z posiekanym mi\u0119sem wieprzowym, twarogiem i szpinakiem, kapust\u0105, grzybami, wieprzowin\u0105 i kapust\u0105, wieprzowin\u0105 i grzybami, wieprzowin\u0105 i serem)<br \/>\n2 kg pieczonego chleba<br \/>\n2 kg domowych ciasteczek z nadzieniem twarogowym lub jab\u0142ka z cynamonem.<\/p>\n<p><strong>5. 1315 EUR<\/strong><\/p>\n<p>Nocleg + uroczysta kolacja (ze sto\u0142em piwa) + \u015bniadanie + zestaw kibin\u00f3w:<br \/>\n20 szt. kibin\u00f3w zwyk\u0142ej wielko\u015bci (z posiekanym mi\u0119sem wieprzowym, twarogiem i szpinakiem, kapust\u0105, grzybami, wieprzowin\u0105 i kapust\u0105, wieprzowin\u0105 i grzybami, wieprzowin\u0105 i serem)<br \/>\n2 kg pieczonego chleba<br \/>\n2 kg domowych ciasteczek z nadzieniem twarogowym lub jab\u0142ka z cynamonem.<\/p>\n<h3><span style=\"color: #993300;\">KIBIN BOX PLUS i RESORT<\/span><\/h3>\n<p>do 30 os\u00f3b:<br \/>\n<strong>1.745 EUR<\/strong><\/p>\n<p>Nocleg + zestaw kibin\u00f3w:<br \/>\n40 szt. kibin\u00f3w zwyk\u0142ej wielko\u015bci (z posiekanym mi\u0119sem wieprzowym, twarogiem i szpinakiem, kapust\u0105, grzybami, wieprzowin\u0105 i kapust\u0105, wieprzowin\u0105 i grzybami, wieprzowin\u0105 i serem)<br \/>\n40 szt. kilka k\u0119sowych kibin\u00f3w (z posiekanym mi\u0119sem wieprzowym, twarogiem i szpinakiem, kie\u0142bas\u0105, kapust\u0105, grzybami, s\u0142odkim twarogiem, jab\u0142kiem i cynamonem)<br \/>\n2 kg pieczonego chleba<br \/>\n2 kg domowych ciasteczek z nadzieniem twarogowym lub jab\u0142ka z cynamonem.<\/p>\n<p><strong>2. 865 EUR<\/strong><\/p>\n<p>Nocleg + \u015bniadanie+ zestw kibin\u00f3w:<br \/>\n40 szt. kibin\u00f3w zwyk\u0142ej wielko\u015bci (z posiekanym mi\u0119sem wieprzowym, twarogiem i szpinakiem, kapust\u0105, grzybami, wieprzowin\u0105 i kapust\u0105, wieprzowin\u0105 i grzybami, wieprzowin\u0105 i serem)<br \/>\n40 szt. kilka k\u0119sowych kibin\u00f3w (z posiekanym mi\u0119sem wieprzowym, twarogiem i szpinakiem, kie\u0142bas\u0105, kapust\u0105, grzybami, s\u0142odkim twarogiem, jab\u0142kiem i cynamonem)<br \/>\n2 kg pieczonego chleba<br \/>\n2 kg domowych ciasteczek z nadzieniem twarogowym lub jab\u0142ka z cynamonem.<\/p>\n<p><strong>3. 1065 EUR<\/strong><\/p>\n<p>Nocleg + \u015bniadanie, obiad (zupa i drugi gor\u0105cy posi\u0142ek) + zestaw kibin\u00f3w:<br \/>\n40 szt. kibin\u00f3w zwyk\u0142ej wielko\u015bci (z posiekanym mi\u0119sem wieprzowym, twarogiem i szpinakiem, kapust\u0105, grzybami, wieprzowin\u0105 i kapust\u0105, wieprzowin\u0105 i grzybami, wieprzowin\u0105 i serem)<br \/>\n40 szt. kilka k\u0119sowych kibin\u00f3w (z posiekanym mi\u0119sem wieprzowym, twarogiem i szpinakiem, kie\u0142bas\u0105, kapust\u0105, grzybami, s\u0142odkim twarogiem, jab\u0142kiem i cynamonem)<br \/>\n2 kg pieczonego chleba<br \/>\n2 kg domowych ciasteczek z nadzieniem twarogowym lub jab\u0142ka z cynamonem.<\/p>\n<p><strong>4.\u00a0905 EUR<\/strong><\/p>\n<p>Nocleg + posiedzenie w sali (bez posi\u0142ku) + zestaw kibin\u00f3w:<br \/>\n40 szt. kibin\u00f3w zwyk\u0142ej wielko\u015bci (z posiekanym mi\u0119sem wieprzowym, twarogiem i szpinakiem, kapust\u0105, grzybami, wieprzowin\u0105 i kapust\u0105, wieprzowin\u0105 i grzybami, wieprzowin\u0105 i serem)<br \/>\n40 szt. kilka k\u0119sowych kibin\u00f3w (z posiekanym mi\u0119sem wieprzowym, twarogiem i szpinakiem, kie\u0142bas\u0105, kapust\u0105, grzybami, s\u0142odkim twarogiem, jab\u0142kiem i cynamonem)<br \/>\n2 kg pieczonego chleba<br \/>\n2 kg domowych ciasteczek z nadzieniem twarogowym lub jab\u0142ka z cynamonem.<\/p>\n<p><strong>5. 1985 EUR<\/strong><\/p>\n<p>Nocleg + uroczysta kolacja (ze sto\u0142em piwa) + \u015bniadanie + zestaw kibin\u00f3w:<br \/>\n40 szt. kibin\u00f3w zwyk\u0142ej wielko\u015bci (z posiekanym mi\u0119sem wieprzowym, twarogiem i szpinakiem, kapust\u0105, grzybami, wieprzowin\u0105 i kapust\u0105, wieprzowin\u0105 i grzybami, wieprzowin\u0105 i serem)<br \/>\n40 szt. kilka k\u0119sowych kibin\u00f3w (z posiekanym mi\u0119sem wieprzowym, twarogiem i szpinakiem, kie\u0142bas\u0105, kapust\u0105, grzybami, s\u0142odkim twarogiem, jab\u0142kiem i cynamonem)<br \/>\n2 kg pieczonego chleba<br \/>\n2 kg domowych ciasteczek z nadzieniem twarogowym lub jab\u0142ka z cynamonem.<\/p>\n<h3><span style=\"color: #993300;\">KIBIN BOX PLUS i RESORT<\/span><\/h3>\n<p>do 50 os\u00f3b:<br \/>\n<strong>1. 1240 EUR<\/strong><\/p>\n<p>Nocleg + zestaw kibin\u00f3w:<br \/>\n80 szt. kibin\u00f3w zwyk\u0142ej wielko\u015bci (z posiekanym mi\u0119sem wieprzowym, twarogiem i szpinakiem, kapust\u0105, grzybami, wieprzowin\u0105 i kapust\u0105, wieprzowin\u0105 i grzybami, wieprzowin\u0105 i serem)<br \/>\n50 szt. kilka k\u0119sowych kibin\u00f3w (z posiekanym mi\u0119sem wieprzowym, twarogiem i szpinakiem, kie\u0142bas\u0105, kapust\u0105, grzybami, s\u0142odkim twarogiem, jab\u0142kiem i cynamonem)<br \/>\n3 kg pieczonego chleba<br \/>\n3 kg domowych ciasteczek z nadzieniem twarogowym lub jab\u0142ka z cynamonem.<\/p>\n<p><strong>2. 1390 EUR<\/strong><\/p>\n<p>Nocleg + \u015bniadanie + zestaw kibin\u00f3w:<br \/>\n80 szt. kibin\u00f3w zwyk\u0142ej wielko\u015bci (z posiekanym mi\u0119sem wieprzowym, twarogiem i szpinakiem, kapust\u0105, grzybami, wieprzowin\u0105 i kapust\u0105, wieprzowin\u0105 i grzybami, wieprzowin\u0105 i serem)<br \/>\n50 szt. kilka k\u0119sowych kibin\u00f3w (z posiekanym mi\u0119sem wieprzowym, twarogiem i szpinakiem, kie\u0142bas\u0105, kapust\u0105, grzybami, s\u0142odkim twarogiem, jab\u0142kiem i cynamonem)<br \/>\n3 kg pieczonego chleba<br \/>\n3 kg domowych ciasteczek z nadzieniem twarogowym lub jab\u0142ka z cynamonem.<\/p>\n<p><strong>3. 1740 EUR<\/strong><\/p>\n<p>Nocleg + \u015bniadanie, obiad (zupa i drugi gor\u0105cy posi\u0142ek) + zestaw kibin\u00f3w:<br \/>\n80 szt. kibin\u00f3w zwyk\u0142ej wielko\u015bci (z posiekanym mi\u0119sem wieprzowym, twarogiem i szpinakiem, kapust\u0105, grzybami, wieprzowin\u0105 i kapust\u0105, wieprzowin\u0105 i grzybami, wieprzowin\u0105 i serem)<br \/>\n50 szt. kilka k\u0119sowych kibin\u00f3w (z posiekanym mi\u0119sem wieprzowym, twarogiem i szpinakiem, kie\u0142bas\u0105, kapust\u0105, grzybami, s\u0142odkim twarogiem, jab\u0142kiem i cynamonem)<br \/>\n3 kg pieczonego chleba<br \/>\n3 kg domowych ciasteczek z nadzieniem twarogowym lub jab\u0142ka z cynamonem.<\/p>\n<p><strong>4. 615 Eur<\/strong><\/p>\n<p>Nocleg + posiedzenie w sali (bez posi\u0142ku) + zestaw kibin\u00f3w:<br \/>\n80 szt. kibin\u00f3w zwyk\u0142ej wielko\u015bci (z posiekanym mi\u0119sem wieprzowym, twarogiem i szpinakiem, kapust\u0105, grzybami, wieprzowin\u0105 i kapust\u0105, wieprzowin\u0105 i grzybami, wieprzowin\u0105 i serem)<br \/>\n50 szt. kilka k\u0119sowych kibin\u00f3w (z posiekanym mi\u0119sem wieprzowym, twarogiem i szpinakiem, kie\u0142bas\u0105, kapust\u0105, grzybami, s\u0142odkim twarogiem, jab\u0142kiem i cynamonem)<br \/>\n3 kg pieczonego chleba<br \/>\n3 kg domowych ciasteczek z nadzieniem twarogowym lub jab\u0142ka z cynamonem.<\/p>\n<p><strong>5. 3250 EUR<\/strong><\/p>\n<p>Nocleg + uroczysta kolacja (ze sto\u0142em piwa) + \u015bniadanie + zestaw kibin\u00f3w:<br \/>\n80 szt. kibin\u00f3w zwyk\u0142ej wielko\u015bci (z posiekanym mi\u0119sem wieprzowym, twarogiem i szpinakiem, kapust\u0105, grzybami, wieprzowin\u0105 i kapust\u0105, wieprzowin\u0105 i grzybami, wieprzowin\u0105 i serem)<br \/>\n50 szt. kilka k\u0119sowych kibin\u00f3w (z posiekanym mi\u0119sem wieprzowym, twarogiem i szpinakiem, kie\u0142bas\u0105, kapust\u0105, grzybami, s\u0142odkim twarogiem, jab\u0142kiem i cynamonem)<br \/>\n3 kg pieczonego chleba<br \/>\n3 kg domowych ciasteczek z nadzieniem twarogowym lub jab\u0142ka z cynamonem.<\/p>\n<p><strong>Zadzwo\u0144 \/ napisz \/ zapytaj: +37069061010<\/strong><br \/>\n<strong>e-mail poczt\u0105: info@kibinaitrakuose.lt<\/strong><\/p>\n<p><strong>\u00a0<\/strong><\/p>\n","protected":false},"excerpt":{"rendered":"<p>\u00a0Prawdziwe kibiny. Sala bankietowa. Sauna. Nocleg. Rozrywki. Od\u017cywienie i nocleg w gospodarstwie. Przyjemna obs\u0142uga, nowoczesne standardy. Podr\u00f3\u017c zaczyna si\u0119 od pachn\u0105cego kibina ju\u017c w Wilnie. Wspania\u0142y zapach wype\u0142ni Ciebie najwspanialszymi uczuciami i emocjami. Jeste\u015bmy pewni, \u017ce dop\u00f3ki tam dotrzesz, kibin\u00f3w nie zostanie. B\u0119dziesz je\u015b\u0107 i chwali\u0107. \ud83d\ude42 Przy domku czeka na go\u015bci przyjemne powitanie i<\/p>\n","protected":false},"author":1,"featured_media":0,"parent":0,"menu_order":0,"comment_status":"closed","ping_status":"closed","template":"","meta":[],"_links":{"self":[{"href":"https:\/\/kibinaivilniuje.lt\/pl\/wp-json\/wp\/v2\/pages\/32"}],"collection":[{"href":"https:\/\/kibinaivilniuje.lt\/pl\/wp-json\/wp\/v2\/pages"}],"about":[{"href":"https:\/\/kibinaivilniuje.lt\/pl\/wp-json\/wp\/v2\/types\/page"}],"author":[{"embeddable":true,"href":"https:\/\/kibinaivilniuje.lt\/pl\/wp-json\/wp\/v2\/users\/1"}],"replies":[{"embeddable":true,"href":"https:\/\/kibinaivilniuje.lt\/pl\/wp-json\/wp\/v2\/comments?post=32"}],"version-history":[{"count":21,"href":"https:\/\/kibinaivilniuje.lt\/pl\/wp-json\/wp\/v2\/pages\/32\/revisions"}],"predecessor-version":[{"id":571,"href":"https:\/\/kibinaivilniuje.lt\/pl\/wp-json\/wp\/v2\/pages\/32\/revisions\/571"}],"wp:attachment":[{"href":"https:\/\/kibinaivilniuje.lt\/pl\/wp-json\/wp\/v2\/media?parent=32"}],"curies":[{"name":"wp","href":"https:\/\/api.w.org\/{rel}","templated":true}]}}