{"id":165,"date":"2019-04-23T14:03:22","date_gmt":"2019-04-23T16:03:22","guid":{"rendered":"http:\/\/kibinaivilniuje.lt\/pl\/?page_id=165"},"modified":"2021-01-18T12:52:46","modified_gmt":"2021-01-18T14:52:46","slug":"naczynia-dla-kibins","status":"publish","type":"page","link":"https:\/\/kibinaivilniuje.lt\/pl\/naczynia-dla-kibins\/","title":{"rendered":"Do jedzenia kibin\u00f3w"},"content":{"rendered":"<p>Naczynia \/ narz\u0119dzia do jedzenia kibin\u00f3w<\/p>\n<p><a href=\"http:\/\/kibinaivilniuje.lt\/wp-content\/uploads\/2017\/12\/serveteles.jpg\"><img decoding=\"async\" loading=\"lazy\" class=\"aligncenter  wp-image-1379\" src=\"http:\/\/kibinaivilniuje.lt\/wp-content\/uploads\/2017\/12\/serveteles.jpg\" alt=\"serveteles\" width=\"384\" height=\"358\" \/><\/a><\/p>\n<p>Do jedzenia potrzebujesz talerza i serwetki lub po prostu serwetki.<br \/>\nOwijasz kibin w serwetk\u0119 i jesz. Pyszne, wygodne i proste.<\/p>\n<p>Zamawiaj\u0105c kibiny, mo\u017cesz zam\u00f3wi\u0107 nast\u0119puj\u0105ce zestawy naczy\u0144 do podania kibin\u00f3w:<\/p>\n<p>1. Jednorazowa taca 1 szt. i serwetki papierowe 12 szt.<strong> Cena: 2.00Eur<\/strong><br \/>\n2. Jednorazowe talerze papierowe 6 szt. i serwetki papierowe 12 szt. <strong>Cena: 2.00Eur<\/strong><br \/>\n3. Jednorazowa taca 1 szt. i serwetki papierowe 12 szt. + Chusteczki nawil\u017cone 6 szt. <strong>Cena: 2.50Eur<\/strong><br \/>\n4. Jednorazowe talerze papierowe 6 szt. i serwetki papierowe 12 szt. + Chusteczki nawil\u017cone 6 szt. <strong>Cena: 2.50Eur<\/strong><\/p>\n<p><a href=\"http:\/\/kibinaivilniuje.lt\/wp-content\/uploads\/2017\/12\/serveteles2.jpg\"><img decoding=\"async\" loading=\"lazy\" class=\"aligncenter  wp-image-1387\" src=\"http:\/\/kibinaivilniuje.lt\/wp-content\/uploads\/2017\/12\/serveteles2.jpg\" alt=\"serveteles2\" width=\"473\" height=\"358\" \/><\/a><\/p>\n<p>5. Jednorazowa taca 1 szt. i serwetki papierowe 12 szt. + Chusteczki nawil\u017cone 12 szt.<strong> Cena: 3Eur<\/strong><br \/>\n6. Jednorazowe talerze papierowe 6 szt. i serwetki papierowe 12 szt. + Chusteczki nawil\u017cone 12 szt. <strong>Cena: 3Eur<\/strong><br \/>\n7. Jednorazowa taca 1 szt. + Jednorazowe talerze papierowe 6 szt. i serwetki papierowe 12 szt. <strong>Cena: 4Eur<\/strong><br \/>\n8. Jednorazowa taca 1 szt. + Jednorazowe talerze papierowe 6 szt. i serwetki papierowe 12 szt. + Chusteczki nawil\u017cone 12 szt. <strong>Cena: 5 EUR<\/strong><\/p>\n<p><a href=\"http:\/\/kibinaivilniuje.lt\/wp-content\/uploads\/2017\/12\/lekstes.jpg\"><img decoding=\"async\" loading=\"lazy\" class=\" wp-image-1392 aligncenter\" src=\"http:\/\/kibinaivilniuje.lt\/wp-content\/uploads\/2017\/12\/lekstes.jpg\" alt=\"Stack of Paper Plates on White Background\" width=\"494\" height=\"329\" \/><\/a><\/p>\n","protected":false},"excerpt":{"rendered":"<p>Naczynia \/ narz\u0119dzia do jedzenia kibin\u00f3w Do jedzenia potrzebujesz talerza i serwetki lub po prostu serwetki. Owijasz kibin w serwetk\u0119 i jesz. Pyszne, wygodne i proste. Zamawiaj\u0105c kibiny, mo\u017cesz zam\u00f3wi\u0107 nast\u0119puj\u0105ce zestawy naczy\u0144 do podania kibin\u00f3w: 1. Jednorazowa taca 1 szt. i serwetki papierowe 12 szt. Cena: 2.00Eur 2. Jednorazowe talerze papierowe 6 szt. i<\/p>\n","protected":false},"author":1,"featured_media":0,"parent":0,"menu_order":0,"comment_status":"closed","ping_status":"closed","template":"","meta":[],"_links":{"self":[{"href":"https:\/\/kibinaivilniuje.lt\/pl\/wp-json\/wp\/v2\/pages\/165"}],"collection":[{"href":"https:\/\/kibinaivilniuje.lt\/pl\/wp-json\/wp\/v2\/pages"}],"about":[{"href":"https:\/\/kibinaivilniuje.lt\/pl\/wp-json\/wp\/v2\/types\/page"}],"author":[{"embeddable":true,"href":"https:\/\/kibinaivilniuje.lt\/pl\/wp-json\/wp\/v2\/users\/1"}],"replies":[{"embeddable":true,"href":"https:\/\/kibinaivilniuje.lt\/pl\/wp-json\/wp\/v2\/comments?post=165"}],"version-history":[{"count":2,"href":"https:\/\/kibinaivilniuje.lt\/pl\/wp-json\/wp\/v2\/pages\/165\/revisions"}],"predecessor-version":[{"id":421,"href":"https:\/\/kibinaivilniuje.lt\/pl\/wp-json\/wp\/v2\/pages\/165\/revisions\/421"}],"wp:attachment":[{"href":"https:\/\/kibinaivilniuje.lt\/pl\/wp-json\/wp\/v2\/media?parent=165"}],"curies":[{"name":"wp","href":"https:\/\/api.w.org\/{rel}","templated":true}]}}