{"id":158,"date":"2019-04-23T13:53:45","date_gmt":"2019-04-23T15:53:45","guid":{"rendered":"http:\/\/kibinaivilniuje.lt\/pl\/?page_id=158"},"modified":"2023-05-31T13:11:46","modified_gmt":"2023-05-31T15:11:46","slug":"bezplatna-dostawa","status":"publish","type":"page","link":"https:\/\/kibinaivilniuje.lt\/pl\/bezplatna-dostawa\/","title":{"rendered":"Bezp\u0142atna dostawa"},"content":{"rendered":"<h4><a href=\"http:\/\/kibinaivilniuje.lt\/wp-content\/uploads\/2018\/04\/DSC_8084_5_8_tonemapped.jpg\"><img decoding=\"async\" loading=\"lazy\" class=\"aligncenter size-full wp-image-2961\" src=\"http:\/\/kibinaitrakuose.lt\/wp-content\/uploads\/2021\/01\/1610486492764-1.jpeg\" alt=\"\" width=\"1984\" height=\"1488\" \/><\/a><\/h4>\n<h5 style=\"text-align: justify;\">Bezp\u0142atna dostawa poni\u017cszych zestaw\u00f3w KIBIN BOX w Wilnie, Trokach, Woce Trockiej.<br \/>\nSzczeg\u00f3lnie wygodne dla grup turystycznych z Wilna do Trok, z Trok do Wilna, Woce Trokiej w drodze do domu lub gdziekolwiek, gdzie dla was wygodnie.<\/h5>\n<h3 style=\"text-align: justify;\"><span style=\"color: #993300;\">KIBINY, \u0160IMTALAPIAI, S\u0118KACZE I INNE.<\/span><\/h3>\n<p style=\"text-align: justify;\"><span style=\"color: #ff6600;\"><strong>\u00a0tel. +37069061010 , info@kibinaivilniuje.lt,<\/strong> www.trakukibinai.lt<\/span><\/p>\n<p style=\"text-align: justify;\"><span style=\"color: #ff6600;\"><span style=\"color: #ff9900;\"><span style=\"color: #ff6600;\">M\u00f3wimy po litewsku, polsku, angielsku, rosyjsku.<\/span><\/span><\/span><\/p>\n<h4 style=\"text-align: justify;\"><strong>MA\u0141E KIBINY<\/strong> (nie tylko dla dzieci z odpowiednio posiekanym mi\u0119sem lub innym nadzieniem &#8211; 1,50 EUR<br \/>\nDbamy o to, aby jedzenie by\u0142o \u015bwie\u017ce.<br \/>\nDostawa na podstawie umowy, stosujemy rabat hurtowy lub w momencie dzia\u0142aj\u0105c\u0105 ofert\u0119 promocyjn\u0105.<br \/>\nWybierz kibiny z MENU lub zestaw\u00f3w KIBINBOX na tej stronie.<br \/>\nNie zapomnij o rosole lub napojach. Pociekaw si\u0119 sekcj\u0105 ROSO\u0141Y I NAPOJE na tej stronie.<br \/>\nPoni\u017cej znajduj\u0105 si\u0119 oferty KIBIN BOX, kt\u00f3re s\u0105 dostarczane bezp\u0142atnie w Trokach i Wilnie. Wi\u0119cej bezp\u0142atnych dostaw mo\u017cna znale\u017a\u0107 w sekcji KIBIN BOX.<br \/>\nWypisujemy faktury.<\/h4>\n<p style=\"text-align: justify;\"><strong><img decoding=\"async\" loading=\"lazy\" class=\"aligncenter size-full wp-image-2506\" src=\"http:\/\/kibinaitrakuose.lt\/wp-content\/uploads\/2020\/05\/kibinai_sausainiai.jpg\" alt=\"\" width=\"744\" height=\"992\" \/><\/strong><\/p>\n<h3 style=\"text-align: justify;\"><strong><span style=\"color: #993300;\">Family box<\/span><\/strong><\/h3>\n<p style=\"text-align: justify;\"><strong><em><span style=\"color: #993300;\">BEZP\u0141ATNA DOSTAWA<\/span>\u00a0<\/em><span style=\"color: #3366ff;\"><em>(w Trokach i Wilnie<\/em><em>)<\/em><\/span><\/strong><\/p>\n<p style=\"text-align: justify;\"><strong>40szt.<\/strong> Zwyk\u0142ego rozmiaru kibin\u00f3w (na wyb\u00f3r z: posiekanym mi\u0119sem wieprzowym, twarogiem i szpinakiem, kie\u0142bas\u0105, kapust\u0105, grzybami, wieprzowin\u0105 i kapust\u0105)<br \/>\n<strong>40szt.<\/strong> kilka k\u0119sowych kibin\u00f3w (na wyb\u00f3r z: posiekanym mi\u0119sem wieprzowym, twarogiem i szpinakiem, kie\u0142bas\u0105, kapust\u0105, grzybami, s\u0142odkim twarogiem, jab\u0142kami i cynamonem)<strong><br \/>\nRazem: 80 sztuk. Cena: 167,90 EURur\u00a0<\/strong><\/p>\n<h3 style=\"text-align: justify;\"><strong><span style=\"color: #993300;\">Kinder City\u00a0\u00a0\u00a0 <\/span><\/strong><\/h3>\n<p style=\"text-align: justify;\"><strong><em><span style=\"color: #993300;\">BEZP\u0141ATNA DOSTAWA<\/span>\u00a0<\/em><span style=\"color: #3366ff;\"><em>(w Trokach i Wilnie<\/em><em>)<\/em><\/span><\/strong><\/p>\n<p style=\"text-align: justify;\"><strong>50szt.<\/strong> kilka k\u0119sowych kibin\u00f3w (wybierz sam: z posiekanym mi\u0119sem wieprzowym, twarogiem i szpinakiem, kie\u0142bas\u0105 lub grzybami i kapust\u0105)<br \/>\n20szt. k\u0119sowych kibin\u00f3w z filetem kurczaka<br \/>\n<strong>1 kg<\/strong> domowych ciasteczek z nadzieniem twarogowym lub nadzieniem jab\u0142ka z cynamonem<\/p>\n<p style=\"text-align: justify;\"><strong>Razem: 70 sztuk + 1 kg Cena: 136,40 EUR<\/strong><\/p>\n<h3 style=\"text-align: justify;\"><span style=\"color: #993300;\"><strong>City OFFER 10 <\/strong><strong>+ 30<\/strong><\/span><\/h3>\n<p style=\"text-align: justify;\"><strong><em><span style=\"color: #993300;\">BEZP\u0141ATNA DOSTAWA<\/span>\u00a0<\/em><span style=\"color: #3366ff;\"><em>(w Trokach i Wilnie<\/em><em>)<\/em><\/span><\/strong><\/p>\n<p style=\"text-align: justify;\"><strong>10 kibin\u00f3w<\/strong> z siekanym filietem kurczaka<br \/>\n<strong>30 kibin\u00f3w<\/strong> z siekanym mi\u0119sem wieprzowym (lub na wyb\u00f3r: kapusta, pieczarki, twar\u00f3g, twar\u00f3g i szpinak))<\/p>\n<p style=\"text-align: justify;\"><strong>Razem: 40 sztuk. Cena: 107,90Eur<\/strong><\/p>\n<h4 style=\"text-align: justify;\"><\/h4>\n<h3 style=\"text-align: justify;\"><span style=\"color: #993300;\"><strong>Wilno &#8211; Troki. KibinBox. 40 sztuk + 1 kg.<\/strong><\/span><\/h3>\n<p style=\"text-align: justify;\"><strong><em><span style=\"color: #993300;\">BEZP\u0141ATNA DOSTAWA<\/span>\u00a0<\/em><span style=\"color: #3366ff;\"><em>(w Trokach i Wilnie<\/em><em>)<\/em><\/span><\/strong><\/p>\n<p style=\"text-align: justify;\"><strong>40 szt.<\/strong> Zwyk\u0142ego rozmiaru kibin\u00f3w (na wyb\u00f3r z: posiekanym mi\u0119sem wieprzowym, twarogiem i szpinakiem, kie\u0142bas\u0105, kapust\u0105, grzybami, wieprzowin\u0105 i kapust\u0105, wieprzowin\u0105 i serem)<br \/>\n<strong>1 kg<\/strong> bajecznych domowych ciasteczek z nadzieniem twarogowym lub nadzieniem jab\u0142ka z cynamonem<\/p>\n<p style=\"text-align: justify;\"><strong>Razem: 40 sztuk. + 1 kg Cena: 124,40 EUR<\/strong><\/p>\n<p><strong><img decoding=\"async\" loading=\"lazy\" class=\"wp-image-2428 alignleft\" src=\"http:\/\/kibinaitrakuose.lt\/wp-content\/uploads\/2020\/04\/shakotis.jpg\" alt=\"\" width=\"393\" height=\"295\" \/><br \/>\n<\/strong><\/p>\n","protected":false},"excerpt":{"rendered":"<p>Bezp\u0142atna dostawa poni\u017cszych zestaw\u00f3w KIBIN BOX w Wilnie, Trokach, Woce Trockiej. Szczeg\u00f3lnie wygodne dla grup turystycznych z Wilna do Trok, z Trok do Wilna, Woce Trokiej w drodze do domu lub gdziekolwiek, gdzie dla was wygodnie. KIBINY, \u0160IMTALAPIAI, S\u0118KACZE I INNE. \u00a0tel. +37069061010 , info@kibinaivilniuje.lt, www.trakukibinai.lt M\u00f3wimy po litewsku, polsku, angielsku, rosyjsku. MA\u0141E KIBINY (nie<\/p>\n","protected":false},"author":1,"featured_media":0,"parent":0,"menu_order":0,"comment_status":"closed","ping_status":"closed","template":"","meta":[],"_links":{"self":[{"href":"https:\/\/kibinaivilniuje.lt\/pl\/wp-json\/wp\/v2\/pages\/158"}],"collection":[{"href":"https:\/\/kibinaivilniuje.lt\/pl\/wp-json\/wp\/v2\/pages"}],"about":[{"href":"https:\/\/kibinaivilniuje.lt\/pl\/wp-json\/wp\/v2\/types\/page"}],"author":[{"embeddable":true,"href":"https:\/\/kibinaivilniuje.lt\/pl\/wp-json\/wp\/v2\/users\/1"}],"replies":[{"embeddable":true,"href":"https:\/\/kibinaivilniuje.lt\/pl\/wp-json\/wp\/v2\/comments?post=158"}],"version-history":[{"count":29,"href":"https:\/\/kibinaivilniuje.lt\/pl\/wp-json\/wp\/v2\/pages\/158\/revisions"}],"predecessor-version":[{"id":573,"href":"https:\/\/kibinaivilniuje.lt\/pl\/wp-json\/wp\/v2\/pages\/158\/revisions\/573"}],"wp:attachment":[{"href":"https:\/\/kibinaivilniuje.lt\/pl\/wp-json\/wp\/v2\/media?parent=158"}],"curies":[{"name":"wp","href":"https:\/\/api.w.org\/{rel}","templated":true}]}}