{"id":155,"date":"2019-04-23T13:50:17","date_gmt":"2019-04-23T15:50:17","guid":{"rendered":"http:\/\/kibinaivilniuje.lt\/pl\/?page_id=155"},"modified":"2019-04-23T13:50:17","modified_gmt":"2019-04-23T15:50:17","slug":"prezenty-dla-pracownikow","status":"publish","type":"page","link":"https:\/\/kibinaivilniuje.lt\/pl\/prezenty-dla-pracownikow\/","title":{"rendered":"Prezenty dla pracownik\u00f3w"},"content":{"rendered":"<h3><span style=\"color: #993300;\">DLA FIRM<\/span><\/h3>\n<p>Dla uwagi lider\u00f3w biznesu. Zr\u00f3b niespodziank\u0119 dla pracownik\u00f3w, \u015bwi\u0119tujcie \u015bwi\u0119to, organizujcie imprezy, seminary na Litwie w Druskiennikach, Wilnie lub gdziekolwiek indziej na Litwie.<br \/>\nWedle organizacji zwraca\u0107 si\u0119, a my zaoferujemy Ci najbardziej odpowiedni\u0105 ofert\u0119. Po \u017cycz i zapytaj.<\/p>\n<p><strong>E-mail: info@kibinaitrakuose.lt, info@kibinaivilniuje.lt<\/strong><br \/>\n<strong>+37069061010<\/strong><\/p>\n","protected":false},"excerpt":{"rendered":"<p>DLA FIRM Dla uwagi lider\u00f3w biznesu. Zr\u00f3b niespodziank\u0119 dla pracownik\u00f3w, \u015bwi\u0119tujcie \u015bwi\u0119to, organizujcie imprezy, seminary na Litwie w Druskiennikach, Wilnie lub gdziekolwiek indziej na Litwie. Wedle organizacji zwraca\u0107 si\u0119, a my zaoferujemy Ci najbardziej odpowiedni\u0105 ofert\u0119. Po \u017cycz i zapytaj. E-mail: info@kibinaitrakuose.lt, info@kibinaivilniuje.lt +37069061010<\/p>\n","protected":false},"author":1,"featured_media":0,"parent":0,"menu_order":0,"comment_status":"closed","ping_status":"closed","template":"","meta":[],"_links":{"self":[{"href":"https:\/\/kibinaivilniuje.lt\/pl\/wp-json\/wp\/v2\/pages\/155"}],"collection":[{"href":"https:\/\/kibinaivilniuje.lt\/pl\/wp-json\/wp\/v2\/pages"}],"about":[{"href":"https:\/\/kibinaivilniuje.lt\/pl\/wp-json\/wp\/v2\/types\/page"}],"author":[{"embeddable":true,"href":"https:\/\/kibinaivilniuje.lt\/pl\/wp-json\/wp\/v2\/users\/1"}],"replies":[{"embeddable":true,"href":"https:\/\/kibinaivilniuje.lt\/pl\/wp-json\/wp\/v2\/comments?post=155"}],"version-history":[{"count":1,"href":"https:\/\/kibinaivilniuje.lt\/pl\/wp-json\/wp\/v2\/pages\/155\/revisions"}],"predecessor-version":[{"id":156,"href":"https:\/\/kibinaivilniuje.lt\/pl\/wp-json\/wp\/v2\/pages\/155\/revisions\/156"}],"wp:attachment":[{"href":"https:\/\/kibinaivilniuje.lt\/pl\/wp-json\/wp\/v2\/media?parent=155"}],"curies":[{"name":"wp","href":"https:\/\/api.w.org\/{rel}","templated":true}]}}