{"id":152,"date":"2019-04-23T13:49:08","date_gmt":"2019-04-23T15:49:08","guid":{"rendered":"http:\/\/kibinaivilniuje.lt\/pl\/?page_id=152"},"modified":"2021-01-18T12:38:03","modified_gmt":"2021-01-18T14:38:03","slug":"koncepcja-biznesowa","status":"publish","type":"page","link":"https:\/\/kibinaivilniuje.lt\/pl\/koncepcja-biznesowa\/","title":{"rendered":"Koncepcja biznesowa"},"content":{"rendered":"<p style=\"text-align: justify;\"><strong>tel. +37069061010, info@kibinaivilniuje.lt, www.trakukibinai.lt<\/strong><br \/>\nM\u00f3wimy po polsku, litewsku, angielsku, rosyjsku.<\/p>\n<p style=\"text-align: justify;\">Wierzymy w to, co robimy i s\u0142uchamy waszych oczekiwa\u0144. Prosta, szczera praca &#8211; pyszne i wyj\u0105tkowe wyniki. Pom\u00f3\u017c nam wzrasta\u0107, porad\u017a, zapytaj. Nas ciekawi\u0105 twoje my\u015bli, bez wzgl\u0119du na to, czy oferujesz, czy szukasz. Serdecznie czekamy na twoje listy. Czekamy na ciekawe pomys\u0142y z Polski i ca\u0142ego \u015bwiata. Wsp\u00f3\u0142pracujmy, b\u0105d\u017amy razem.<br \/>\nJe\u015bli zdecydujesz, napisz, nie zwlekaj, poniewa\u017c ka\u017cdy krok mo\u017ce sta\u0107 si\u0119 pocz\u0105tkiem wielkiej aktywno\u015bci: info@kibinaivilniuje.lt<\/p>\n","protected":false},"excerpt":{"rendered":"<p>tel. +37069061010, info@kibinaivilniuje.lt, www.trakukibinai.lt M\u00f3wimy po polsku, litewsku, angielsku, rosyjsku. Wierzymy w to, co robimy i s\u0142uchamy waszych oczekiwa\u0144. Prosta, szczera praca &#8211; pyszne i wyj\u0105tkowe wyniki. Pom\u00f3\u017c nam wzrasta\u0107, porad\u017a, zapytaj. Nas ciekawi\u0105 twoje my\u015bli, bez wzgl\u0119du na to, czy oferujesz, czy szukasz. Serdecznie czekamy na twoje listy. Czekamy na ciekawe pomys\u0142y z Polski<\/p>\n","protected":false},"author":1,"featured_media":0,"parent":0,"menu_order":0,"comment_status":"closed","ping_status":"closed","template":"","meta":[],"_links":{"self":[{"href":"https:\/\/kibinaivilniuje.lt\/pl\/wp-json\/wp\/v2\/pages\/152"}],"collection":[{"href":"https:\/\/kibinaivilniuje.lt\/pl\/wp-json\/wp\/v2\/pages"}],"about":[{"href":"https:\/\/kibinaivilniuje.lt\/pl\/wp-json\/wp\/v2\/types\/page"}],"author":[{"embeddable":true,"href":"https:\/\/kibinaivilniuje.lt\/pl\/wp-json\/wp\/v2\/users\/1"}],"replies":[{"embeddable":true,"href":"https:\/\/kibinaivilniuje.lt\/pl\/wp-json\/wp\/v2\/comments?post=152"}],"version-history":[{"count":2,"href":"https:\/\/kibinaivilniuje.lt\/pl\/wp-json\/wp\/v2\/pages\/152\/revisions"}],"predecessor-version":[{"id":410,"href":"https:\/\/kibinaivilniuje.lt\/pl\/wp-json\/wp\/v2\/pages\/152\/revisions\/410"}],"wp:attachment":[{"href":"https:\/\/kibinaivilniuje.lt\/pl\/wp-json\/wp\/v2\/media?parent=152"}],"curies":[{"name":"wp","href":"https:\/\/api.w.org\/{rel}","templated":true}]}}