{"id":149,"date":"2019-04-23T13:47:11","date_gmt":"2019-04-23T15:47:11","guid":{"rendered":"http:\/\/kibinaivilniuje.lt\/pl\/?page_id=149"},"modified":"2023-05-31T13:09:35","modified_gmt":"2023-05-31T15:09:35","slug":"propozycje-dla-firm-grup","status":"publish","type":"page","link":"https:\/\/kibinaivilniuje.lt\/pl\/propozycje-dla-firm-grup\/","title":{"rendered":"PROPOZYCJE DLA FIRM, GRUP"},"content":{"rendered":"<p style=\"text-align: justify;\"><strong>\u00a0<\/strong>Wycieczka, impreza firmowa \/ \u015bwi\u0119ta \/ urodziny na Litwie<\/p>\n<p style=\"text-align: justify;\">\u201ePolak to ten sam Litwin, m\u00f3wi tylko dziwnym j\u0119zykiem\u201d &#8211; m\u00f3wi Liudwikas Andriulis<br \/>\nCytowane \u017ar\u00f3d\u0142o:<\/p>\n<p style=\"text-align: justify;\">Na Litwie niezwykle, ciekawie, przytulne, jak w domu i gwarantowane wra\u017cenia.<br \/>\nPolacy polubili \u015bwi\u0119towa\u0107 na Litwie. Dlaczego?<\/p>\n<p style=\"text-align: justify;\">PI\u0118\u0106 PODSTAWOWYCH PRZYCZYN:<br \/>\n1. Na Litwie czujesz si\u0119 jak w domu, ale nawet zwyk\u0142e rzeczy na Litwie wygl\u0105daj\u0105 inaczej.<br \/>\n2. Zagraniczne, ale nie zagraniczne, poniewa\u017c Litwa jest pi\u0119kna jak Polska<br \/>\n3. Idealne miejsce na ucieczk\u0119 od codzienno\u015bci. Nie rozumiesz o czym m\u00f3wi\u0105 dooko\u0142a i od tego tylko spokojniej. Wa\u017cne, aby Ciebie zrozumieli.<br \/>\n4. Litwa jest idealnym miejscem dla mi\u0142o\u015bnik\u00f3w dyskusji i odpoczynku emocjonalnego, poniewa\u017c z Litwinami zawsze jest pow\u00f3d, by si\u0119 spiera\u0107<br \/>\n5. W Trokach, Wilnie i ca\u0142ek Litwie mo\u017cna bardzo smacznie zje\u015b\u0107.<br \/>\nNAJWA\u017bNIEJSZE &#8211; TUTAJ S\u0104 KIBINY.<\/p>\n<p style=\"text-align: justify;\"><strong><span style=\"color: #000000;\"><em><span style=\"color: #111111;\">\u00a0<a href=\"http:\/\/kibinaivilniuje.lt\/wp-content\/uploads\/2018\/04\/IMG_1181.jpg\"><img decoding=\"async\" loading=\"lazy\" class=\"aligncenter size-full wp-image-1986\" src=\"http:\/\/kibinaivilniuje.lt\/wp-content\/uploads\/2018\/04\/IMG_1181.jpg\" alt=\"IMG_1181\" width=\"1280\" height=\"853\" \/><\/a><\/span><\/em><\/span><\/strong><\/p>\n<p style=\"text-align: justify;\"><a href=\"http:\/\/kibinaivilniuje.lt\/wp-content\/uploads\/2018\/04\/DSC_8084_5_8_tonemapped.jpg\"><img decoding=\"async\" loading=\"lazy\" class=\"aligncenter size-full wp-image-1988\" src=\"http:\/\/kibinaivilniuje.lt\/wp-content\/uploads\/2018\/04\/DSC_8084_5_8_tonemapped.jpg\" alt=\"DSC_8084_5_8_tonemapped\" width=\"1024\" height=\"684\" \/><\/a><\/p>\n<p style=\"text-align: justify;\"><a href=\"http:\/\/kibinaivilniuje.lt\/wp-content\/uploads\/2018\/04\/DSC_8514.jpg\"><img decoding=\"async\" loading=\"lazy\" class=\"aligncenter size-full wp-image-1990\" src=\"http:\/\/kibinaivilniuje.lt\/wp-content\/uploads\/2018\/04\/DSC_8514.jpg\" alt=\"DSC_8514\" width=\"1080\" height=\"721\" \/><\/a><\/p>\n<p style=\"text-align: justify;\"><a href=\"http:\/\/kibinaivilniuje.lt\/wp-content\/uploads\/2018\/04\/DSC_8334.jpg\"><img decoding=\"async\" loading=\"lazy\" class=\"aligncenter size-full wp-image-1992\" src=\"http:\/\/kibinaivilniuje.lt\/wp-content\/uploads\/2018\/04\/DSC_8334.jpg\" alt=\"DSC_8334\" width=\"601\" height=\"900\" \/><\/a><\/p>\n<p style=\"text-align: justify;\"><a href=\"http:\/\/kibinaivilniuje.lt\/wp-content\/uploads\/2018\/04\/DSC0676.jpg\"><img decoding=\"async\" loading=\"lazy\" class=\"aligncenter size-full wp-image-1994\" src=\"http:\/\/kibinaivilniuje.lt\/wp-content\/uploads\/2018\/04\/DSC0676.jpg\" alt=\"DSC0676\" width=\"1200\" height=\"797\" \/><\/a><\/p>\n<h3 style=\"text-align: justify;\"><span style=\"color: #993300;\">DLA FIRM<\/span><\/h3>\n<p style=\"text-align: justify;\">Dla uwagi lider\u00f3w biznesu. Zr\u00f3b niespodziank\u0119 dla pracownik\u00f3w, \u015bwi\u0119tujcie \u015bwi\u0119to, organizujcie imprezy, seminary na Litwie w Druskiennikach, Wilnie lub gdziekolwiek indziej na Litwie.<br \/>\nWedle organizacji zwraca\u0107 si\u0119, a my zaoferujemy Ci najbardziej odpowiedni\u0105 ofert\u0119. Po \u017cycz i zapytaj.<\/p>\n<p style=\"text-align: justify;\">E-mail: info@kibinaitrakuose.lt, info@kibinaivilniuje.lt<br \/>\n+37069061010<\/p>\n<h3 style=\"text-align: justify;\"><span style=\"color: #993300;\">DLA POJEDY\u0143CZYCH PASA\u017bER\u00d3W I GRUP<\/span><\/h3>\n<p style=\"text-align: justify;\">Oszcz\u0119dzaj czas, zam\u00f3w \u015bwie\u017co upieczone kibiny, s\u0119kacze, pieczony chleb z czosnkiem, wspania\u0142e ciasteczka, \u0161imtalapius dla grup odrazu do autobusu:<br \/>\n1. Natychmiast po przyje\u017adzie na przek\u0105sk\u0119. Rozpocznij zwiedzanie od najsmaczniejszego k\u0119sa.<br \/>\n2. W drodze do domu \u2014 na upominki. Uwierz mi, nie b\u0119dziesz zawiedzony i na pewno pochwalisz<br \/>\nDostarczymy, gdzie potrzebujesz: Woka Trocka, Troki, Wilno.<\/p>\n<p style=\"text-align: justify;\">Bardzo mile s\u0105 widziane zapytania od grup, os\u00f3b prywatnych i firm z Polski. Po prostu zapytaj<\/p>\n<p style=\"text-align: justify;\"><strong>E-mail: info@kibinaitrakuose.lt, info@kibinaivilniuje.lt<\/strong><br \/>\n<strong>+37069061010<\/strong><\/p>\n<p style=\"text-align: justify;\">WA\u017bNE: Dosta\u0144 mi\u0142e niespodzianki.<\/p>\n<p style=\"text-align: justify;\"><strong>Inne. Kibiny. Nocleg, Zabawy. Sauna.<\/strong><\/p>\n<p style=\"text-align: justify;\">+37069061010<\/p>\n<p style=\"text-align: justify;\">Prawdziwe kibiny. Sala bankietowa. Sauna. Nocleg. Zabawy.<br \/>\nPosi\u0142ek i nocleg w wiejskim domu.<br \/>\nPrzyjemna obs\u0142uga, nowoczesne standardy.<br \/>\nPodr\u00f3\u017c zaczyna si\u0119 od pachn\u0105cego kibina ju\u017c w Wilnie.<br \/>\nPrzy domku czeka na go\u015bci przyjemne powitanie i rozrywka.<br \/>\n\u015arednia cena wynosi 20-30 EUR za osob\u0119.<br \/>\nZastan\u00f3wmy si\u0119 m\u0105drze w bud\u017cecie, jaki mo\u017cesz wyda\u0107 na organizacj\u0119 uroczysto\u015bci.<\/p>\n<p style=\"text-align: justify;\">Zapytaj, napisz e-mail info@kibinaivilniuje.lt lub telefonicznie +37069061010<\/p>\n<p style=\"text-align: justify;\">W drodze do domu z Wilna lub Trok. Zalecamy zosta\u0107 jeszcze na dzie\u0144.<br \/>\nNocleg w pobli\u017cu parku wodnego w Druskiennikach i Sky Arena.<\/p>\n<p style=\"text-align: justify;\"><strong>Przygotowane przek\u0105ski na wycieczk\u0119:<\/strong><\/p>\n<p style=\"text-align: justify;\">&#8211; 20 szt. kibin\u00f3w zwyk\u0142ej wielko\u015bci (z siekanym mi\u0119sem wieprzowym, twarogiem i szpinakiem, kapust\u0105, grzybami, wieprzowin\u0105 i kapust\u0105, wieprzowin\u0105 i grzybami, wieprzowin\u0105 i serem);<br \/>\n&#8211; 1 kg pieczonego chleba z prawdziwym czosnkiem;<br \/>\n&#8211; 1 kg domowych ciasteczek z nadzieniem twarogowym lub nadzieniem jab\u0142ka z cynamonem.<\/p>\n<p style=\"text-align: justify;\">+ Zakwaterowanie w Druskiennikach z pysznym \u015bniadaniem<br \/>\n(mo\u017cemy r\u00f3wnie\u017c zaproponowa\u0107 obiad, kolacj\u0119, sal\u0119 konferencyjn\u0105, saun\u0119, wann\u0119 z hydromasa\u017cem itp.)<br \/>\nCena za wszystko:<br \/>\nZ tej oferty mo\u017ce skorzysta\u0107 maksymalnie 10 os\u00f3b.<\/p>\n<p style=\"text-align: justify;\"><strong>Zadzwo\u0144 \/ napisz \/ zapytaj:<\/strong><\/p>\n<p style=\"text-align: justify;\"><strong>+37069061010<\/strong><br \/>\n<strong>e-mail: info@kibinaivilniuje.lt<\/strong><\/p>\n","protected":false},"excerpt":{"rendered":"<p>\u00a0Wycieczka, impreza firmowa \/ \u015bwi\u0119ta \/ urodziny na Litwie \u201ePolak to ten sam Litwin, m\u00f3wi tylko dziwnym j\u0119zykiem\u201d &#8211; m\u00f3wi Liudwikas Andriulis Cytowane \u017ar\u00f3d\u0142o: Na Litwie niezwykle, ciekawie, przytulne, jak w domu i gwarantowane wra\u017cenia. Polacy polubili \u015bwi\u0119towa\u0107 na Litwie. Dlaczego? PI\u0118\u0106 PODSTAWOWYCH PRZYCZYN: 1. Na Litwie czujesz si\u0119 jak w domu, ale nawet zwyk\u0142e<\/p>\n","protected":false},"author":1,"featured_media":0,"parent":0,"menu_order":0,"comment_status":"closed","ping_status":"closed","template":"","meta":[],"_links":{"self":[{"href":"https:\/\/kibinaivilniuje.lt\/pl\/wp-json\/wp\/v2\/pages\/149"}],"collection":[{"href":"https:\/\/kibinaivilniuje.lt\/pl\/wp-json\/wp\/v2\/pages"}],"about":[{"href":"https:\/\/kibinaivilniuje.lt\/pl\/wp-json\/wp\/v2\/types\/page"}],"author":[{"embeddable":true,"href":"https:\/\/kibinaivilniuje.lt\/pl\/wp-json\/wp\/v2\/users\/1"}],"replies":[{"embeddable":true,"href":"https:\/\/kibinaivilniuje.lt\/pl\/wp-json\/wp\/v2\/comments?post=149"}],"version-history":[{"count":6,"href":"https:\/\/kibinaivilniuje.lt\/pl\/wp-json\/wp\/v2\/pages\/149\/revisions"}],"predecessor-version":[{"id":572,"href":"https:\/\/kibinaivilniuje.lt\/pl\/wp-json\/wp\/v2\/pages\/149\/revisions\/572"}],"wp:attachment":[{"href":"https:\/\/kibinaivilniuje.lt\/pl\/wp-json\/wp\/v2\/media?parent=149"}],"curies":[{"name":"wp","href":"https:\/\/api.w.org\/{rel}","templated":true}]}}