{"id":131,"date":"2019-04-22T16:59:51","date_gmt":"2019-04-22T18:59:51","guid":{"rendered":"http:\/\/kibinaivilniuje.lt\/pl\/?page_id=131"},"modified":"2023-05-20T13:42:01","modified_gmt":"2023-05-20T15:42:01","slug":"rosol-do-kibinow","status":"publish","type":"page","link":"https:\/\/kibinaivilniuje.lt\/pl\/rosol-do-kibinow\/","title":{"rendered":"Ros\u00f3\u0142 do kibin\u00f3w"},"content":{"rendered":"<p style=\"text-align: center;\"><span style=\"color: #ff6600;\"><strong>\u00a0tel. +37069061010 , info@kibinaivilniuje.lt,<\/strong> www.trakukibinai.lt<\/span><\/p>\n<p style=\"text-align: center;\"><span style=\"color: #ff9900;\"><span style=\"color: #ff6600;\">M\u00f3wimy po litewsku, angielsku, polsku, rosyjsku..<\/span><\/span><\/p>\n<p><a href=\"http:\/\/kibinaivilniuje.lt\/wp-content\/uploads\/2015\/05\/sultinys.jpg\"><img decoding=\"async\" loading=\"lazy\" class=\"aligncenter  wp-image-661\" src=\"http:\/\/kibinaivilniuje.lt\/wp-content\/uploads\/2015\/05\/sultinys.jpg\" alt=\"sultinys\" width=\"354\" height=\"252\" \/><\/a><\/p>\n<h3 style=\"text-align: center;\"><span style=\"color: #993300;\"><strong><em>Ros\u00f3\u0142 do kibin\u00f3w, gor\u0105ce \u012f zimne napoje<\/em><\/strong><\/span><\/h3>\n<p><strong>Ros\u00f3\u0142:<\/strong><\/p>\n<p>234ml \u2013 2,00Eur<\/p>\n<p>473ml \u2013 2,50Eur<\/p>\n<p><strong>\u00a0<\/strong><\/p>\n<p><strong>Ros\u00f3\u0142<\/strong> (z koperkiem lub szpinakiem)<\/p>\n<p>234ml \u2013 2,10Eur<\/p>\n<p>473ml \u2013 2,60Eur<\/p>\n<p><strong>\u00a0<\/strong><\/p>\n<h3><span style=\"color: #993300;\"><strong>WODA \/ woda mineralna<\/strong><\/span><\/h3>\n<p><strong>1,50Eur <\/strong>(depozyt \u2013 0,1 Eur)<\/p>\n<h3><span style=\"color: #993300;\"><strong>Cola, gira, napoje bezalkoholowe<\/strong><\/span><\/h3>\n<h3><strong>Gira-kwas\u00a0<\/strong><\/h3>\n<p>2,50Eur (depozyt \u2013 0,1 Eur)<\/p>\n<h3><strong>Cola ir kt.<\/strong><\/h3>\n<p>0,33l Coca cola, Fanta, Sprite\u00a0\u00a0 \u2013 1,50 Eur<\/p>\n<p>0,33l Pepsi cola, Mirinda,7 Up, Enjoy \u2013 1,50 Eur<\/p>\n<ul>\n<li>depozyt \u2013 0,1 Eur<\/li>\n<\/ul>\n<p style=\"text-align: justify;\">Je\u015bli:<br \/>\nMASZ PROPOZYCJI;<br \/>\nMASZ PYTANIA;<br \/>\nODM\u00d3WKI;<br \/>\nCHCESZ POCHWALI\u0106 \u2026\u2026\u2026.<br \/>\nnapisz: info@kibinaivilniuje.lt, info@kibinaivilniuje.lt<br \/>\nzadzwo\u0144: +37069061010<br \/>\n\u201eS\u0105 wyrzuty, kt\u00f3re wychwalaj\u0105 i chwa\u0142y kt\u00f3re wy\u015bmiewaj\u0105\u201d<br \/>\nF. de Laro\u0161fuko.<br \/>\nDzi\u0119kujemy za pom\u00f3c w ulepszaniu.<\/p>\n","protected":false},"excerpt":{"rendered":"<p>\u00a0tel. +37069061010 , info@kibinaivilniuje.lt, www.trakukibinai.lt M\u00f3wimy po litewsku, angielsku, polsku, rosyjsku.. Ros\u00f3\u0142 do kibin\u00f3w, gor\u0105ce \u012f zimne napoje Ros\u00f3\u0142: 234ml \u2013 2,00Eur 473ml \u2013 2,50Eur \u00a0 Ros\u00f3\u0142 (z koperkiem lub szpinakiem) 234ml \u2013 2,10Eur 473ml \u2013 2,60Eur \u00a0 WODA \/ woda mineralna 1,50Eur (depozyt \u2013 0,1 Eur) Cola, gira, napoje bezalkoholowe Gira-kwas\u00a0 2,50Eur (depozyt \u2013<\/p>\n","protected":false},"author":1,"featured_media":0,"parent":0,"menu_order":0,"comment_status":"closed","ping_status":"closed","template":"","meta":[],"_links":{"self":[{"href":"https:\/\/kibinaivilniuje.lt\/pl\/wp-json\/wp\/v2\/pages\/131"}],"collection":[{"href":"https:\/\/kibinaivilniuje.lt\/pl\/wp-json\/wp\/v2\/pages"}],"about":[{"href":"https:\/\/kibinaivilniuje.lt\/pl\/wp-json\/wp\/v2\/types\/page"}],"author":[{"embeddable":true,"href":"https:\/\/kibinaivilniuje.lt\/pl\/wp-json\/wp\/v2\/users\/1"}],"replies":[{"embeddable":true,"href":"https:\/\/kibinaivilniuje.lt\/pl\/wp-json\/wp\/v2\/comments?post=131"}],"version-history":[{"count":14,"href":"https:\/\/kibinaivilniuje.lt\/pl\/wp-json\/wp\/v2\/pages\/131\/revisions"}],"predecessor-version":[{"id":564,"href":"https:\/\/kibinaivilniuje.lt\/pl\/wp-json\/wp\/v2\/pages\/131\/revisions\/564"}],"wp:attachment":[{"href":"https:\/\/kibinaivilniuje.lt\/pl\/wp-json\/wp\/v2\/media?parent=131"}],"curies":[{"name":"wp","href":"https:\/\/api.w.org\/{rel}","templated":true}]}}