{"id":128,"date":"2019-04-22T16:54:25","date_gmt":"2019-04-22T18:54:25","guid":{"rendered":"http:\/\/kibinaivilniuje.lt\/pl\/?page_id=128"},"modified":"2023-05-20T13:40:48","modified_gmt":"2023-05-20T15:40:48","slug":"pieczony-prosiak","status":"publish","type":"page","link":"https:\/\/kibinaivilniuje.lt\/pl\/pieczony-prosiak\/","title":{"rendered":"Pieczony prosiak"},"content":{"rendered":"<p>Pieczony lub w\u0119dzony prosiak pod tradycyjn\u0105 star\u0105 receptur\u0105. Nale\u017cy zam\u00f3wi\u0107 zawczasu, waga od 8 kg. Pieczony prosiaki r\u00f3wnie\u017c pasuje jako dowcipny prezent biznesowy lub uroczysto\u015b\u0107. Bez sma\u017conego prosiaka, prawdopodobnie niewyobra\u017calne jest rodzinne posiadanie, chrzciny, \u015blub, jubileusz i tak dalej. Wystarczy zapyta\u0107, 869061010, info@kibinaitrakuose.lt, info@kibinaivilniuje.lt<br \/>\n\u015arednia cena zam\u00f3wionego prosi\u0119cia wynosi 350 EUR z PVM \u00b1 50 EUR<\/p>\n","protected":false},"excerpt":{"rendered":"<p>Pieczony lub w\u0119dzony prosiak pod tradycyjn\u0105 star\u0105 receptur\u0105. Nale\u017cy zam\u00f3wi\u0107 zawczasu, waga od 8 kg. Pieczony prosiaki r\u00f3wnie\u017c pasuje jako dowcipny prezent biznesowy lub uroczysto\u015b\u0107. Bez sma\u017conego prosiaka, prawdopodobnie niewyobra\u017calne jest rodzinne posiadanie, chrzciny, \u015blub, jubileusz i tak dalej. Wystarczy zapyta\u0107, 869061010, info@kibinaitrakuose.lt, info@kibinaivilniuje.lt \u015arednia cena zam\u00f3wionego prosi\u0119cia wynosi 350 EUR z PVM \u00b1 50<\/p>\n","protected":false},"author":1,"featured_media":0,"parent":0,"menu_order":0,"comment_status":"closed","ping_status":"closed","template":"","meta":[],"_links":{"self":[{"href":"https:\/\/kibinaivilniuje.lt\/pl\/wp-json\/wp\/v2\/pages\/128"}],"collection":[{"href":"https:\/\/kibinaivilniuje.lt\/pl\/wp-json\/wp\/v2\/pages"}],"about":[{"href":"https:\/\/kibinaivilniuje.lt\/pl\/wp-json\/wp\/v2\/types\/page"}],"author":[{"embeddable":true,"href":"https:\/\/kibinaivilniuje.lt\/pl\/wp-json\/wp\/v2\/users\/1"}],"replies":[{"embeddable":true,"href":"https:\/\/kibinaivilniuje.lt\/pl\/wp-json\/wp\/v2\/comments?post=128"}],"version-history":[{"count":2,"href":"https:\/\/kibinaivilniuje.lt\/pl\/wp-json\/wp\/v2\/pages\/128\/revisions"}],"predecessor-version":[{"id":563,"href":"https:\/\/kibinaivilniuje.lt\/pl\/wp-json\/wp\/v2\/pages\/128\/revisions\/563"}],"wp:attachment":[{"href":"https:\/\/kibinaivilniuje.lt\/pl\/wp-json\/wp\/v2\/media?parent=128"}],"curies":[{"name":"wp","href":"https:\/\/api.w.org\/{rel}","templated":true}]}}