{"id":125,"date":"2019-04-22T16:53:26","date_gmt":"2019-04-22T18:53:26","guid":{"rendered":"http:\/\/kibinaivilniuje.lt\/pl\/?page_id=125"},"modified":"2021-01-14T14:07:45","modified_gmt":"2021-01-14T16:07:45","slug":"mini-simtalapis","status":"publish","type":"page","link":"https:\/\/kibinaivilniuje.lt\/pl\/mini-simtalapis\/","title":{"rendered":"Mini \u0161imtalapis"},"content":{"rendered":"<p style=\"text-align: justify;\">Wygodny przek\u0105sek w drodze, pocz\u0119stowa\u0107 wsp\u00f3\u0142pracownik\u00f3w. Szczeg\u00f3lnie lubi\u0105 organizatorzy konferencji, seminari\u00f3w lub innych wydarze\u0144.<br \/>\n\u015awietne dla du\u017cych i ma\u0142ych. Polecamy. Rezerwacje nale\u017cy dokonywa\u0107 zawczasu.<br \/>\n<strong>Mini \u0161imtalapis\u00a0 <\/strong>Proszimy zadzwoni\u0107 lub napisa\u0107 i zarezerwowa\u0107 zawczasu. Wygodny do r\u00f3\u017cnych imprez i smaczny dla wszystkich smakoczy.<\/p>\n<p><a href=\"http:\/\/kibinaivilniuje.lt\/wp-content\/uploads\/2015\/05\/simtalapiai_kibinai_karaimai_trakai_vilniuje_skanu2.jpg\"><img decoding=\"async\" loading=\"lazy\" class=\"size-full wp-image-1545\" src=\"http:\/\/kibinaivilniuje.lt\/wp-content\/uploads\/2015\/05\/simtalapiai_kibinai_karaimai_trakai_vilniuje_skanu2.jpg\" alt=\"cof\" width=\"834\" height=\"626\" \/><\/a><\/p>\n<p><a style=\"text-align: center; font-size: 0.95em; font-weight: bold; background-color: #f3f3f3;\" href=\"http:\/\/kibinaivilniuje.lt\/wp-content\/uploads\/2017\/10\/simtalapiai_tikri_tororiski1.jpg\">\u00a0<\/a><\/p>\n<p><strong>\u00a0<\/strong><\/p>\n<p style=\"text-align: justify;\"><a href=\"http:\/\/kibinaivilniuje.lt\/wp-content\/uploads\/2017\/08\/kibinai.kava_.kibinas.jpg\">\u00a0<\/a><\/p>\n","protected":false},"excerpt":{"rendered":"<p>Wygodny przek\u0105sek w drodze, pocz\u0119stowa\u0107 wsp\u00f3\u0142pracownik\u00f3w. Szczeg\u00f3lnie lubi\u0105 organizatorzy konferencji, seminari\u00f3w lub innych wydarze\u0144. \u015awietne dla du\u017cych i ma\u0142ych. Polecamy. Rezerwacje nale\u017cy dokonywa\u0107 zawczasu. Mini \u0161imtalapis\u00a0 Proszimy zadzwoni\u0107 lub napisa\u0107 i zarezerwowa\u0107 zawczasu. Wygodny do r\u00f3\u017cnych imprez i smaczny dla wszystkich smakoczy. \u00a0 \u00a0 \u00a0<\/p>\n","protected":false},"author":1,"featured_media":0,"parent":0,"menu_order":0,"comment_status":"closed","ping_status":"closed","template":"","meta":[],"_links":{"self":[{"href":"https:\/\/kibinaivilniuje.lt\/pl\/wp-json\/wp\/v2\/pages\/125"}],"collection":[{"href":"https:\/\/kibinaivilniuje.lt\/pl\/wp-json\/wp\/v2\/pages"}],"about":[{"href":"https:\/\/kibinaivilniuje.lt\/pl\/wp-json\/wp\/v2\/types\/page"}],"author":[{"embeddable":true,"href":"https:\/\/kibinaivilniuje.lt\/pl\/wp-json\/wp\/v2\/users\/1"}],"replies":[{"embeddable":true,"href":"https:\/\/kibinaivilniuje.lt\/pl\/wp-json\/wp\/v2\/comments?post=125"}],"version-history":[{"count":5,"href":"https:\/\/kibinaivilniuje.lt\/pl\/wp-json\/wp\/v2\/pages\/125\/revisions"}],"predecessor-version":[{"id":328,"href":"https:\/\/kibinaivilniuje.lt\/pl\/wp-json\/wp\/v2\/pages\/125\/revisions\/328"}],"wp:attachment":[{"href":"https:\/\/kibinaivilniuje.lt\/pl\/wp-json\/wp\/v2\/media?parent=125"}],"curies":[{"name":"wp","href":"https:\/\/api.w.org\/{rel}","templated":true}]}}