{"id":122,"date":"2019-04-22T16:51:58","date_gmt":"2019-04-22T18:51:58","guid":{"rendered":"http:\/\/kibinaivilniuje.lt\/pl\/?page_id=122"},"modified":"2022-11-30T12:18:50","modified_gmt":"2022-11-30T14:18:50","slug":"totoriski-simtalapiai","status":"publish","type":"page","link":"https:\/\/kibinaivilniuje.lt\/pl\/totoriski-simtalapiai\/","title":{"rendered":"Totori\u0161ki \u0161imtalapiai"},"content":{"rendered":"<p style=\"text-align: center;\"><span style=\"color: #ff6600;\"><strong>tel. +37069061010 , info@kibinaivilniuje.lt,<\/strong> <strong>info@kibinaitrakuose.lt<\/strong><\/span><\/p>\n<p style=\"text-align: center;\"><span style=\"color: #ff9900;\"><span style=\"color: #ff6600;\">M\u00f3wimy po litewsku, angielsku, polsku, rosyjsku.<\/span><\/span><\/p>\n<h3 style=\"text-align: center;\">\u0161imtalapis (kszta\u0142t na w\u0142asny wyb\u00f3r)<\/h3>\n<h3 style=\"text-align: center;\">1 kg &#8211; cena 27,50 EUR<\/h3>\n<p style=\"text-align: center;\"><strong><img decoding=\"async\" loading=\"lazy\" class=\"aligncenter size-full wp-image-2950\" src=\"http:\/\/kibinaitrakuose.lt\/wp-content\/uploads\/2021\/01\/1610660837092simt.jpeg\" alt=\"\" width=\"1984\" height=\"1488\" \/>\u00a0<\/strong><\/p>\n<p style=\"text-align: justify;\">Grupy bardzo lubi\u0105 \u0161imtalapius. S\u0105 wygodne aby przywie\u017a\u0107 do Polski jako pocz\u0119stunek. B\u0119dzie fajnie pi\u0107 herbat\u0119 lub kaw\u0119, je\u015b\u0107 pir\u00f3g i opowiedza\u0107 bliskim lub przyjacio\u0142om o wra\u017ceniach z Litwy. Tatarski smako\u0142yk \u2013 prezent Tatar\u00f3w mieszkaj\u0105cych na Litwie.<br \/>\nW czasach Jagie\u0142\u0142y i Witolda, Tatarzy osiedlili si\u0119 na Litwie. Dzi\u0119ki nim za ten wspania\u0142y prezent dla dziedzictwa kulinarnego i tradycji Litwy.<br \/>\n\u0160imtalapis &#8211; najsmaczniejszy deser, ciasto tatarskie w litewskiej kuchni. Mo\u017cemy stwierdzi\u0107, \u017ce ze wzgl\u0119du na swe pochodzenia, \u0161imtalapis jest bliski kibinom. Ludzie, kt\u00f3rzy cz\u0119stuj\u0105 si\u0119 kibinami, cz\u0119sto wol\u0105 na deser nie kibin ze s\u0142odkim nadzieniem, a mianowicie \u0161imtalapis. Technologia produkcji z tego wytworu jest do\u015b\u0107 skomplikowana, ale je\u015bli uda si\u0119 to zrobi\u0107, to naprawd\u0119 smaczne ciasto z w\u0142asnym ci\u0119\u017carem w prawdziwym znaczeniu tego s\u0142owa. Wi\u0119c prawdziwy \u0161imtalapis jest ci\u0119\u017cki, bardzo smaczn i sytny. My proponujemy \u0161imtalapius z naturalnych sk\u0142adnik\u00f3w. Poniewa\u017c \u0161imtalapis jest ci\u0119\u017cki, rozmiar nie jest wa\u017cny, nawet z bardzo ma\u0142ego kawa\u0142ka mo\u017cna si\u0119 nasyci\u0107 i uton\u0105\u0107 w morzu cudownego smaku. Wysokiej jako\u015bci ciasto nie mo\u017ce by\u0107 sztucznie napompowane lub sk\u0142adniki zast\u0105pione ta\u0144szymi. Do wytworzenia tego ciasta s\u0105 u\u017cywane naturalne mleko, jaja, naturalne mas\u0142o 82%, mak \u012f inne w zale\u017cno\u015bci od nadzienia. U nas mo\u017cesz kupi\u0107 \u0161imtalapis z naturalnego sk\u0142adu. Sk\u0142ad jest prosty, naturalny, a smak wyj\u0105tkowy.<\/p>\n<p style=\"text-align: justify;\"><strong>Przepis nr 1 (sk\u0142adniki):<\/strong> m\u0105ka pszenna, mas\u0142o 82%, jaja, mleko, cukier, s\u00f3l, dro\u017cd\u017ce, mak, rodzynki z olejem ro\u015blinnym<br \/>\n<a href=\"http:\/\/kibinaivilniuje.lt\/wp-content\/uploads\/2017\/10\/\u0161imtalapis_vilniuje_dz\u016bki\u0161kas_totori\u0161kas__su_medumi_skanus_kibinas_lt_kibinai_pica.jpg\"><img decoding=\"async\" loading=\"lazy\" class=\"aligncenter size-full wp-image-1913\" src=\"http:\/\/kibinaivilniuje.lt\/wp-content\/uploads\/2017\/10\/\u0161imtalapis_vilniuje_dz\u016bki\u0161kas_totori\u0161kas__su_medumi_skanus_kibinas_lt_kibinai_pica.jpg\" alt=\"\u0161imtalapis_vilniuje_dz\u016bki\u0161kas_totori\u0161kas__su_medumi_skanus_kibinas_lt_kibinai_pica\" width=\"992\" height=\"744\" \/><\/a><strong>Przepis nr 2 (sk\u0142adniki):<\/strong> m\u0105ka pszenna, mas\u0142o 82%, jaja, mleko, cukier, s\u00f3l, dro\u017cd\u017ce , twar\u00f3g 40%, cynamon<\/p>\n<p style=\"text-align: justify;\">\u0160imtalapis to idealny deser do kawy, dlatego serdecznie zapraszamy nie wstydzi\u0107 si\u0119 i zam\u00f3wi\u0107. Naprawd\u0119 nas pochwalisz. Zapytaj i zam\u00f3w.<\/p>\n<p style=\"text-align: justify;\">Tel. 869061010, www.trakukibinai.lt <strong>1 kg &#8211; cena 27,50 EUR<\/strong><\/p>\n<p style=\"text-align: justify;\">\n","protected":false},"excerpt":{"rendered":"<p>tel. +37069061010 , info@kibinaivilniuje.lt, info@kibinaitrakuose.lt M\u00f3wimy po litewsku, angielsku, polsku, rosyjsku. \u0161imtalapis (kszta\u0142t na w\u0142asny wyb\u00f3r) 1 kg &#8211; cena 27,50 EUR \u00a0 Grupy bardzo lubi\u0105 \u0161imtalapius. S\u0105 wygodne aby przywie\u017a\u0107 do Polski jako pocz\u0119stunek. B\u0119dzie fajnie pi\u0107 herbat\u0119 lub kaw\u0119, je\u015b\u0107 pir\u00f3g i opowiedza\u0107 bliskim lub przyjacio\u0142om o wra\u017ceniach z Litwy. Tatarski smako\u0142yk \u2013<\/p>\n","protected":false},"author":1,"featured_media":0,"parent":0,"menu_order":0,"comment_status":"closed","ping_status":"closed","template":"","meta":[],"_links":{"self":[{"href":"https:\/\/kibinaivilniuje.lt\/pl\/wp-json\/wp\/v2\/pages\/122"}],"collection":[{"href":"https:\/\/kibinaivilniuje.lt\/pl\/wp-json\/wp\/v2\/pages"}],"about":[{"href":"https:\/\/kibinaivilniuje.lt\/pl\/wp-json\/wp\/v2\/types\/page"}],"author":[{"embeddable":true,"href":"https:\/\/kibinaivilniuje.lt\/pl\/wp-json\/wp\/v2\/users\/1"}],"replies":[{"embeddable":true,"href":"https:\/\/kibinaivilniuje.lt\/pl\/wp-json\/wp\/v2\/comments?post=122"}],"version-history":[{"count":14,"href":"https:\/\/kibinaivilniuje.lt\/pl\/wp-json\/wp\/v2\/pages\/122\/revisions"}],"predecessor-version":[{"id":556,"href":"https:\/\/kibinaivilniuje.lt\/pl\/wp-json\/wp\/v2\/pages\/122\/revisions\/556"}],"wp:attachment":[{"href":"https:\/\/kibinaivilniuje.lt\/pl\/wp-json\/wp\/v2\/media?parent=122"}],"curies":[{"name":"wp","href":"https:\/\/api.w.org\/{rel}","templated":true}]}}