{"id":114,"date":"2019-04-22T16:38:43","date_gmt":"2019-04-22T18:38:43","guid":{"rendered":"http:\/\/kibinaivilniuje.lt\/pl\/?page_id=114"},"modified":"2023-05-20T13:39:46","modified_gmt":"2023-05-20T15:39:46","slug":"fantastyczne-ciasteczka","status":"publish","type":"page","link":"https:\/\/kibinaivilniuje.lt\/pl\/fantastyczne-ciasteczka\/","title":{"rendered":"Fantastyczne ciasteczka"},"content":{"rendered":"<p style=\"text-align: center;\"><span style=\"color: #ff6600;\"><strong><a href=\"http:\/\/kibinaivilniuje.lt\/wp-content\/uploads\/2017\/10\/s.pasakiski.jpg\"><img decoding=\"async\" loading=\"lazy\" class=\"aligncenter size-full wp-image-1814\" src=\"http:\/\/kibinaivilniuje.lt\/wp-content\/uploads\/2017\/10\/s.pasakiski.jpg\" alt=\"s.pasakiski\" width=\"1984\" height=\"1488\" \/><\/a>\u00a0tel. +37069061010 , info@kibinaivilniuje.lt,<\/strong> www.trakukibinai.lt<\/span><\/p>\n<p style=\"text-align: center;\"><span style=\"color: #ff9900;\"><span style=\"color: #ff6600;\">M\u00f3wimy po litewsku, polsku, angielsku, rosyjsku..<\/span><\/span><\/p>\n<p>Po prostu wyj\u0105tkowe. Bardzo popularne \u012f lubiane przez wielu. Zawsze \u015bwie\u017ce i przepyszne. Cudowny smak.<br \/>\nDomowe ciasteczka nadziewane twarogiem lub jab\u0142kiem z cynamonem. Wszyscy chwal\u0105, wi\u0119c sprob\u00f3j i TY.<\/p>\n<p><strong>1 kg<\/strong> &#8211;<strong> 22,50 Eur<\/strong><\/p>\n<h3><img decoding=\"async\" loading=\"lazy\" class=\"aligncenter size-full wp-image-2952\" src=\"http:\/\/kibinaitrakuose.lt\/wp-content\/uploads\/2021\/01\/1610744s133835sausaini.jpeg\" alt=\"\" width=\"1984\" height=\"1488\" \/><\/h3>\n<p class=\"wp-caption-dd\">\n","protected":false},"excerpt":{"rendered":"<p>\u00a0tel. +37069061010 , info@kibinaivilniuje.lt, www.trakukibinai.lt M\u00f3wimy po litewsku, polsku, angielsku, rosyjsku.. Po prostu wyj\u0105tkowe. Bardzo popularne \u012f lubiane przez wielu. Zawsze \u015bwie\u017ce i przepyszne. Cudowny smak. Domowe ciasteczka nadziewane twarogiem lub jab\u0142kiem z cynamonem. Wszyscy chwal\u0105, wi\u0119c sprob\u00f3j i TY. 1 kg &#8211; 22,50 Eur<\/p>\n","protected":false},"author":1,"featured_media":0,"parent":0,"menu_order":0,"comment_status":"closed","ping_status":"closed","template":"","meta":[],"_links":{"self":[{"href":"https:\/\/kibinaivilniuje.lt\/pl\/wp-json\/wp\/v2\/pages\/114"}],"collection":[{"href":"https:\/\/kibinaivilniuje.lt\/pl\/wp-json\/wp\/v2\/pages"}],"about":[{"href":"https:\/\/kibinaivilniuje.lt\/pl\/wp-json\/wp\/v2\/types\/page"}],"author":[{"embeddable":true,"href":"https:\/\/kibinaivilniuje.lt\/pl\/wp-json\/wp\/v2\/users\/1"}],"replies":[{"embeddable":true,"href":"https:\/\/kibinaivilniuje.lt\/pl\/wp-json\/wp\/v2\/comments?post=114"}],"version-history":[{"count":8,"href":"https:\/\/kibinaivilniuje.lt\/pl\/wp-json\/wp\/v2\/pages\/114\/revisions"}],"predecessor-version":[{"id":561,"href":"https:\/\/kibinaivilniuje.lt\/pl\/wp-json\/wp\/v2\/pages\/114\/revisions\/561"}],"wp:attachment":[{"href":"https:\/\/kibinaivilniuje.lt\/pl\/wp-json\/wp\/v2\/media?parent=114"}],"curies":[{"name":"wp","href":"https:\/\/api.w.org\/{rel}","templated":true}]}}