{"id":105,"date":"2019-04-22T16:32:14","date_gmt":"2019-04-22T18:32:14","guid":{"rendered":"http:\/\/kibinaivilniuje.lt\/pl\/?page_id=105"},"modified":"2023-05-31T12:55:02","modified_gmt":"2023-05-31T14:55:02","slug":"smazony-chleb","status":"publish","type":"page","link":"https:\/\/kibinaivilniuje.lt\/pl\/smazony-chleb\/","title":{"rendered":"SMA\u017bONY CHLEB"},"content":{"rendered":"<p style=\"text-align: justify;\"><strong>Pyszna przek\u0105ska litewska<\/strong><br \/>\nIdealny do zup, sa\u0142atek, piwa lub po prostu gryzienia<br \/>\nUlubiony na Litwie: Sma\u017cony chleb z czosnkiem<br \/>\nPo prostu smaczny sma\u017cony chleb z prawdziwym czosnkiem. Ulubiony, zwyk\u0142y, taki pyszny. Oferujemy zam\u00f3wienie na uroczysto\u015b\u0107, przyj\u0119cie lub po prostu pogry\u017a\u0107.<br \/>\nOpakowane w wygodne opakowania zgodnie z umow\u0105. Na pewno wys\u0142uchamy twoich pr\u00f3\u015bb.<\/p>\n<p><strong>1 kg<\/strong> &#8211; <strong>17,50Eur<\/strong><\/p>\n<p><strong>100 g &#8211; 1,75Eur<\/strong><\/p>\n<p><strong>\u00a0<a href=\"http:\/\/kibinaivilniuje.lt\/wp-content\/uploads\/2017\/10\/kepta.duona_.jpg\"><img decoding=\"async\" loading=\"lazy\" class=\"aligncenter size-full wp-image-1931\" src=\"http:\/\/kibinaivilniuje.lt\/wp-content\/uploads\/2017\/10\/kepta.duona_.jpg\" alt=\"kepta.duona\" width=\"992\" height=\"744\" \/><\/a><\/strong><\/p>\n<p><a href=\"http:\/\/kibinaivilniuje.lt\/wp-content\/uploads\/2017\/10\/banketas.fursetas.imonems.imoniu.vakareliai..jpg\"><img decoding=\"async\" loading=\"lazy\" class=\"aligncenter size-full wp-image-1958\" src=\"http:\/\/kibinaivilniuje.lt\/wp-content\/uploads\/2017\/10\/banketas.fursetas.imonems.imoniu.vakareliai..jpg\" alt=\"banketas.fursetas.imonems.imoniu.vakareliai.\" width=\"992\" height=\"744\" \/><\/a><\/p>\n<p><a href=\"http:\/\/kibinaivilniuje.lt\/wp-content\/uploads\/2017\/10\/kepta.duona_.uzsakymas.vilniuje..jpg\"><img decoding=\"async\" loading=\"lazy\" class=\"aligncenter size-full wp-image-1960\" src=\"http:\/\/kibinaivilniuje.lt\/wp-content\/uploads\/2017\/10\/kepta.duona_.uzsakymas.vilniuje..jpg\" alt=\"kepta.duona.uzsakymas.vilniuje.\" width=\"992\" height=\"744\" \/><\/a><\/p>\n<p><a href=\"http:\/\/kibinaivilniuje.lt\/wp-content\/uploads\/2017\/10\/skani.duona_.su_.cesnaku.vilnius..jpg\"><img decoding=\"async\" loading=\"lazy\" class=\"aligncenter size-full wp-image-1962\" src=\"http:\/\/kibinaivilniuje.lt\/wp-content\/uploads\/2017\/10\/skani.duona_.su_.cesnaku.vilnius..jpg\" alt=\"skani.duona.su.cesnaku.vilnius.\" width=\"992\" height=\"744\" \/><\/a><\/p>\n<p><a href=\"http:\/\/kibinaivilniuje.lt\/wp-content\/uploads\/2017\/10\/maistas.i.namus_.pristatymas.vilniuje..jpg\"><img decoding=\"async\" loading=\"lazy\" class=\"aligncenter size-full wp-image-1964\" src=\"http:\/\/kibinaivilniuje.lt\/wp-content\/uploads\/2017\/10\/maistas.i.namus_.pristatymas.vilniuje..jpg\" alt=\"maistas.i.namus.pristatymas.vilniuje.\" width=\"992\" height=\"744\" \/><\/a><\/p>\n<p>Poni\u017cej polecamy zestawy: sma\u017conego chleba z czosnkiem i kibiny.<br \/>\nPrawdziwy smak z Litwy.<br \/>\nWygodnie przywie\u017a\u0107 do domu, wystarczy dla przyjaci\u00f3\u0142, s\u0105siad\u00f3w i wsp\u00f3\u0142pracownik\u00f3w.<\/p>\n<h2><em><span style=\"color: #993300;\">WYBIERZ<\/span><\/em><\/h2>\n<p><strong>1. KIBIN.BREAD box_50pcs. KIBIN\u00d3W + 1 kg pieczonego chleba<\/strong><\/p>\n<p><strong>50 szt.<\/strong> kilka k\u0119sowych kibin\u00f3w (nadzienie wybierz sam: posiekanym mi\u0119sem wieprzowym, twarogiem i szpinakiem, kie\u0142bas\u0105, grzybami, kapust\u0105, pysznym puszystym twarogiem i rodzynkami lub bananami).<br \/>\n<strong>1 kg<\/strong> sma\u017conego chleba z czosnkiem.<\/p>\n<p><strong>Cena: 94.90Eur<\/strong><\/p>\n<p><em><strong>\u00a0<a href=\"http:\/\/kibinaivilniuje.lt\/wp-content\/uploads\/2017\/10\/kibinas91.jpg\"><img decoding=\"async\" loading=\"lazy\" class=\"aligncenter size-full wp-image-1973\" src=\"http:\/\/kibinaivilniuje.lt\/wp-content\/uploads\/2017\/10\/kibinas91.jpg\" alt=\"kibinas9\" width=\"1984\" height=\"1488\" \/><\/a><\/strong><\/em><\/p>\n<p><em><strong>\u00a0<\/strong><\/em><\/p>\n<p><strong>2. KIBIN.BREAD box_ 30szt. KIBIN\u00d3W + 1 kg pieczonego chleba<\/strong><\/p>\n<p><strong>30 szt.<\/strong> zwyk\u0142ego rozmiaru kibin\u00f3w. Wybierz najlepsze nadzienie: posiekane mi\u0119so wieprzowe, twar\u00f3g i szpinak, kie\u0142basa, kapusta, grzyby, wieprzowina i kapusta, wieprzowina i grzyby, wieprzowina i ser.<br \/>\n<strong>1,5 kg<\/strong> sma\u017conego chleba z czosnkiem<\/p>\n<p><strong>Cena: 94.90Eur<\/strong><\/p>\n<p><strong>\u00a0<a href=\"http:\/\/kibinaivilniuje.lt\/wp-content\/uploads\/2017\/10\/kibinas10.jpg\"><img decoding=\"async\" loading=\"lazy\" class=\"aligncenter size-full wp-image-1975\" src=\"http:\/\/kibinaivilniuje.lt\/wp-content\/uploads\/2017\/10\/kibinas10.jpg\" alt=\"kibinas10\" width=\"1984\" height=\"1488\" \/><\/a><\/strong><\/p>\n<p><em><strong>\u00a0<\/strong><\/em><\/p>\n<p><strong>3. KIBIN.BREAD box _20pcs. KIBIN\u00d3W + 1 kg pieczonego chleba<\/strong><\/p>\n<p><strong>20 szt.<\/strong> Zwyk\u0142ego rozmiaru kibin\u00f3w z wieprzowin\u0105<br \/>\n<strong>1 kg<\/strong> sma\u017conego chleba z czosnkiem<\/p>\n<p><strong>Cena: 67.90 EUR<\/strong><\/p>\n","protected":false},"excerpt":{"rendered":"<p>Pyszna przek\u0105ska litewska Idealny do zup, sa\u0142atek, piwa lub po prostu gryzienia Ulubiony na Litwie: Sma\u017cony chleb z czosnkiem Po prostu smaczny sma\u017cony chleb z prawdziwym czosnkiem. Ulubiony, zwyk\u0142y, taki pyszny. Oferujemy zam\u00f3wienie na uroczysto\u015b\u0107, przyj\u0119cie lub po prostu pogry\u017a\u0107. Opakowane w wygodne opakowania zgodnie z umow\u0105. Na pewno wys\u0142uchamy twoich pr\u00f3\u015bb. 1 kg &#8211;<\/p>\n","protected":false},"author":1,"featured_media":0,"parent":0,"menu_order":0,"comment_status":"closed","ping_status":"closed","template":"","meta":[],"_links":{"self":[{"href":"https:\/\/kibinaivilniuje.lt\/pl\/wp-json\/wp\/v2\/pages\/105"}],"collection":[{"href":"https:\/\/kibinaivilniuje.lt\/pl\/wp-json\/wp\/v2\/pages"}],"about":[{"href":"https:\/\/kibinaivilniuje.lt\/pl\/wp-json\/wp\/v2\/types\/page"}],"author":[{"embeddable":true,"href":"https:\/\/kibinaivilniuje.lt\/pl\/wp-json\/wp\/v2\/users\/1"}],"replies":[{"embeddable":true,"href":"https:\/\/kibinaivilniuje.lt\/pl\/wp-json\/wp\/v2\/comments?post=105"}],"version-history":[{"count":11,"href":"https:\/\/kibinaivilniuje.lt\/pl\/wp-json\/wp\/v2\/pages\/105\/revisions"}],"predecessor-version":[{"id":570,"href":"https:\/\/kibinaivilniuje.lt\/pl\/wp-json\/wp\/v2\/pages\/105\/revisions\/570"}],"wp:attachment":[{"href":"https:\/\/kibinaivilniuje.lt\/pl\/wp-json\/wp\/v2\/media?parent=105"}],"curies":[{"name":"wp","href":"https:\/\/api.w.org\/{rel}","templated":true}]}}