{"id":103,"date":"2019-04-22T16:25:52","date_gmt":"2019-04-22T18:25:52","guid":{"rendered":"http:\/\/kibinaivilniuje.lt\/pl\/?page_id=103"},"modified":"2024-09-16T13:31:59","modified_gmt":"2024-09-16T15:31:59","slug":"kilku-kesowe-kibiny-2","status":"publish","type":"page","link":"https:\/\/kibinaivilniuje.lt\/pl\/kilku-kesowe-kibiny-2\/","title":{"rendered":"KILKU K\u0118SOWE KIBINY"},"content":{"rendered":"<p>Kibin ze s\u0142odkim twarogiem &#8211; 1,70(ze s\u0142odkim nadzieniem)<br \/>\nKibin z twarogiem i rodzynkami &#8211; 1,70 (ze s\u0142odkim nadzieniem)<br \/>\nKibin z twarogiem i bananami &#8211; 1,70 (ze s\u0142odkim nadzieniem)<br \/>\nKibin z bananami &#8211; 1,70 (ze s\u0142odkim nadzieniem)<br \/>\nKibin z jab\u0142kami i cynamonem &#8211; 1,70 (ze s\u0142odkim nadzieniem)<br \/>\n<a href=\"http:\/\/kibinaivilniuje.lt\/wp-content\/uploads\/2017\/10\/kaledos.naujieji.kibinai.jpg\"><img decoding=\"async\" loading=\"lazy\" class=\"aligncenter size-full wp-image-1076\" src=\"http:\/\/kibinaivilniuje.lt\/wp-content\/uploads\/2017\/10\/kaledos.naujieji.kibinai.jpg\" alt=\"kaledos.naujieji.kibinai\" width=\"1488\" height=\"1984\" \/><\/a><\/p>\n","protected":false},"excerpt":{"rendered":"<p>Kibin ze s\u0142odkim twarogiem &#8211; 1,70(ze s\u0142odkim nadzieniem) Kibin z twarogiem i rodzynkami &#8211; 1,70 (ze s\u0142odkim nadzieniem) Kibin z twarogiem i bananami &#8211; 1,70 (ze s\u0142odkim nadzieniem) Kibin z bananami &#8211; 1,70 (ze s\u0142odkim nadzieniem) Kibin z jab\u0142kami i cynamonem &#8211; 1,70 (ze s\u0142odkim nadzieniem)<\/p>\n","protected":false},"author":1,"featured_media":0,"parent":0,"menu_order":0,"comment_status":"closed","ping_status":"closed","template":"","meta":[],"_links":{"self":[{"href":"https:\/\/kibinaivilniuje.lt\/pl\/wp-json\/wp\/v2\/pages\/103"}],"collection":[{"href":"https:\/\/kibinaivilniuje.lt\/pl\/wp-json\/wp\/v2\/pages"}],"about":[{"href":"https:\/\/kibinaivilniuje.lt\/pl\/wp-json\/wp\/v2\/types\/page"}],"author":[{"embeddable":true,"href":"https:\/\/kibinaivilniuje.lt\/pl\/wp-json\/wp\/v2\/users\/1"}],"replies":[{"embeddable":true,"href":"https:\/\/kibinaivilniuje.lt\/pl\/wp-json\/wp\/v2\/comments?post=103"}],"version-history":[{"count":9,"href":"https:\/\/kibinaivilniuje.lt\/pl\/wp-json\/wp\/v2\/pages\/103\/revisions"}],"predecessor-version":[{"id":584,"href":"https:\/\/kibinaivilniuje.lt\/pl\/wp-json\/wp\/v2\/pages\/103\/revisions\/584"}],"wp:attachment":[{"href":"https:\/\/kibinaivilniuje.lt\/pl\/wp-json\/wp\/v2\/media?parent=103"}],"curies":[{"name":"wp","href":"https:\/\/api.w.org\/{rel}","templated":true}]}}