{"id":344,"date":"2017-10-30T14:11:21","date_gmt":"2017-10-30T16:11:21","guid":{"rendered":"http:\/\/kibinaivilniuje.lt\/en\/?page_id=344"},"modified":"2023-05-31T12:30:40","modified_gmt":"2023-05-31T14:30:40","slug":"simtalapis","status":"publish","type":"page","link":"https:\/\/kibinaivilniuje.lt\/en\/simtalapis\/","title":{"rendered":"Simtalapis"},"content":{"rendered":"<p style=\"text-align: center;\"><span style=\"color: #ff6600;\"><strong>tel. +37069061010 , info@kibinaivilniuje.lt,<\/strong> <strong>info@kibinaitrakuose.lt<\/strong><\/span><\/p>\n<p style=\"text-align: center;\"><span style=\"color: #ff9900;\"><span style=\"color: #ff6600;\">We speak<\/span><\/span><strong><span style=\"color: #ff9900;\"><span style=\"color: #ff6600;\">\u00a0Lithuanian, English, Polosh,\u00a0Russian <\/span><\/span><\/strong><span style=\"color: #ff9900;\"><span style=\"color: #ff6600;\">.<\/span><\/span><\/p>\n<h3 style=\"text-align: center;\"><strong>Simtalapis (the shape according your choice) <\/strong><\/h3>\n<h3 style=\"text-align: center;\"><strong>1 <span style=\"color: #000000;\">kg<\/span><\/strong>\u00a0\u2013\u00a0<span style=\"color: #000000;\">price<\/span> 27<strong>,<\/strong>50<strong> Eur<\/strong><\/h3>\n<p style=\"text-align: center;\">\n<p style=\"text-align: center;\"><strong>\u00a0<\/strong><\/p>\n<p style=\"text-align: center;\"><a style=\"text-align: center; font-size: 0.95em; font-weight: bold; background-color: #f3f3f3;\" href=\"http:\/\/kibinaivilniuje.lt\/wp-content\/uploads\/2017\/10\/simtalapiai_tikri_tororiski1.jpg\"><img decoding=\"async\" loading=\"lazy\" class=\" wp-image-1251 aligncenter\" src=\"http:\/\/kibinaivilniuje.lt\/wp-content\/uploads\/2017\/10\/simtalapiai_tikri_tororiski1.jpg\" alt=\"cof\" width=\"557\" height=\"418\" \/><\/a><\/p>\n<p style=\"text-align: justify;\">Simtalapis is the most delicious dessert dish, Tartar cake in Lithuanian cuisine. We can say that, according to its origin, the simtalapis is close to the kibinai. People, who\u00a0eat kibinai, for the dessert often prefer not kibine\u00a0with sweet stuffing, and namely, simtalapis. The technology of simtalapis production is quite complicated, but if you succeed in making it, it&#8217;s a really delicious flavor cake that holds its weight in the true sense of the word. Therefore, real simtalapis\u00a0is heavy, very tasty cakes. We offer simtalapis with natural ingredients. Because the simtalapis is heavy, this size is not the most important; even from a very small piece, you can enjoy and thrive in the fabulous tastes of the sea. High quality cake cannot be artificially inflated or replaced with cheaper ingredients. This cake is made using natural milk, eggs, natural 82% butter, poppy, etc., depending on the filling. You can buy natural composition simtalapis from us. The composition is simple, natural and clear, and the taste is exceptional.<\/p>\n<p><strong>Composition Nr. 1\u00a0<\/strong>(ingredients):<\/p>\n<p>Wheat flour<\/p>\n<p>Butter 82 %<\/p>\n<p>Eggs<\/p>\n<p>Milk<\/p>\n<p>Sugar<\/p>\n<p>Salt<\/p>\n<p>Yeast<\/p>\n<p>Poppy seed<\/p>\n<p>Raisins with vegetable oil<\/p>\n<p><a href=\"http:\/\/kibinaivilniuje.lt\/wp-content\/uploads\/2017\/10\/\u0161imtalapis_vilniuje_dz\u016bki\u0161kas_totori\u0161kas__su_medumi_skanus_kibinas_lt_kibinai_pica.jpg\"><img decoding=\"async\" loading=\"lazy\" class=\"aligncenter size-full wp-image-1913\" src=\"http:\/\/kibinaivilniuje.lt\/wp-content\/uploads\/2017\/10\/\u0161imtalapis_vilniuje_dz\u016bki\u0161kas_totori\u0161kas__su_medumi_skanus_kibinas_lt_kibinai_pica.jpg\" alt=\"\u0161imtalapis_vilniuje_dz\u016bki\u0161kas_totori\u0161kas__su_medumi_skanus_kibinas_lt_kibinai_pica\" width=\"992\" height=\"744\" \/><\/a><\/p>\n<p><strong>Composition Nr. 2\u00a0<\/strong>(ingredients):<\/p>\n<p>Wheat flour<\/p>\n<p>Butter 82 %<\/p>\n<p>Eggs<\/p>\n<p>Milk<\/p>\n<p>Sugar<\/p>\n<p>Salt<\/p>\n<p>Yeast<\/p>\n<p>Curds 40 %<\/p>\n<p>Cinnamon<\/p>\n<p style=\"text-align: justify;\">Simtalapis \u2013 ideal dessert for coffee, so we invite you to do not hesitate and order. You will really praise us. Ask and order. Tel. 869061010\u00a0 info@kibinaitrakuose.lt,\u00a0<a href=\"mailto:info@kibinaivilniuje.lt\"><u>info@kibinaivilniuje.lt<\/u><\/a>.<\/p>\n<p><strong>1 kg<\/strong>\u00a0\u2013 <strong>price 27,50 Eur<\/strong><\/p>\n<p><strong><span id=\"result_box\" class=\"short_text\" lang=\"en\">\u00a0<span id=\"result_box\" lang=\"ru\"><img decoding=\"async\" loading=\"lazy\" class=\"aligncenter size-full wp-image-2929\" src=\"http:\/\/kibinaivilniuje.lt\/wp-content\/uploads\/2019\/07\/kepu-simtalapius-Vilniuje-Alytus-Trakai.jpg\" alt=\"\" width=\"992\" height=\"744\" \/><\/span><\/span><\/strong><\/p>\n","protected":false},"excerpt":{"rendered":"<p>tel. +37069061010 , info@kibinaivilniuje.lt, info@kibinaitrakuose.lt We speak\u00a0Lithuanian, English, Polosh,\u00a0Russian . Simtalapis (the shape according your choice) 1 kg\u00a0\u2013\u00a0price 27,50 Eur \u00a0 Simtalapis is the most delicious dessert dish, Tartar cake in Lithuanian cuisine. We can say that, according to its origin, the simtalapis is close to the kibinai. People, who\u00a0eat kibinai, for the dessert often<\/p>\n","protected":false},"author":1,"featured_media":0,"parent":0,"menu_order":0,"comment_status":"open","ping_status":"open","template":"","meta":[],"_links":{"self":[{"href":"https:\/\/kibinaivilniuje.lt\/en\/wp-json\/wp\/v2\/pages\/344"}],"collection":[{"href":"https:\/\/kibinaivilniuje.lt\/en\/wp-json\/wp\/v2\/pages"}],"about":[{"href":"https:\/\/kibinaivilniuje.lt\/en\/wp-json\/wp\/v2\/types\/page"}],"author":[{"embeddable":true,"href":"https:\/\/kibinaivilniuje.lt\/en\/wp-json\/wp\/v2\/users\/1"}],"replies":[{"embeddable":true,"href":"https:\/\/kibinaivilniuje.lt\/en\/wp-json\/wp\/v2\/comments?post=344"}],"version-history":[{"count":18,"href":"https:\/\/kibinaivilniuje.lt\/en\/wp-json\/wp\/v2\/pages\/344\/revisions"}],"predecessor-version":[{"id":1318,"href":"https:\/\/kibinaivilniuje.lt\/en\/wp-json\/wp\/v2\/pages\/344\/revisions\/1318"}],"wp:attachment":[{"href":"https:\/\/kibinaivilniuje.lt\/en\/wp-json\/wp\/v2\/media?parent=344"}],"curies":[{"name":"wp","href":"https:\/\/api.w.org\/{rel}","templated":true}]}}